{"id":31954,"date":"2025-02-20T22:32:11","date_gmt":"2025-02-20T22:32:11","guid":{"rendered":"https:\/\/olemosaic.orbitalia.org\/producto\/iman-de-metal-gato-negro-8-cm\/"},"modified":"2025-07-25T20:27:29","modified_gmt":"2025-07-25T18:27:29","slug":"iman-de-metal-gato-preto-8-cm","status":"publish","type":"product","link":"https:\/\/olemosaic.orbitalia.org\/pt-pt\/produto\/iman-de-metal-gato-preto-8-cm\/","title":{"rendered":"\u00cdman de metal. Gato. Preto. 8 cm."},"content":{"rendered":"<p>Este \u00edman met\u00e1lico com forma de gato \u00e9 uma encantadora representa\u00e7\u00e3o da arte tradicional espanhola, inspirado no vibrante design dos azulejos. Com um tamanho de 8 cm, esta pe\u00e7a decorativa apresenta um cativante gato adornado com um mosaico colorido que combina tons intensos de azul, verde, amarelo e vermelho. Os brilhantes olhos amarelos do gato, juntamente com o seu fundo preto, real\u00e7am a vivacidade das cores, proporcionando um impacto visual atraente que captura a ess\u00eancia do folclore espanhol.<\/p>\n<p>O design deste \u00edman n\u00e3o s\u00f3 \u00e9 uma obra de arte, como tamb\u00e9m reflete a rica tradi\u00e7\u00e3o da cer\u00e2mica decorativa em Espanha, conhecida pelos seus intrincados padr\u00f5es e cores. Este \u00edman de gato \u00e9 perfeito como recorda\u00e7\u00e3o de uma visita ou como um presente \u00fanico que leva consigo um peda\u00e7o da cultura espanhola. A sua autenticidade torna-o um souvenir ideal que recordar\u00e1 aos turistas o calor e a cor da sua experi\u00eancia em terras espanholas.<\/p>\n<p>Na Ol\u00e9 Mosaic, especializamo-nos na distribui\u00e7\u00e3o de souvenirs por grosso, e este colorido \u00edman \u00e9 uma excelente op\u00e7\u00e3o para lojas de presentes tur\u00edsticos que procuram produtos culturais e art\u00edsticos. Adquira este \u00edman de gato e ofere\u00e7a aos seus clientes uma recorda\u00e7\u00e3o \u00fanica e aut\u00eantica da sua viagem por Espanha.<\/p>\n","protected":false},"excerpt":{"rendered":"<p>\u00cdman met\u00e1lico com forma de gato, inspirado na colorida arte do azulejo. Com 8 cm de tamanho, apresenta um design vibrante composto por pe\u00e7as em tons azuis, verdes, amarelos e vermelhos que configuram a figura de um gato com brilhantes olhos amarelos. O fundo preto real\u00e7a a vivacidade das cores, tornando este \u00edman uma pe\u00e7a decorativa e representativa do folclore espanhol. Perfeito como recorda\u00e7\u00e3o da sua visita ou para oferecer.<\/p>\n","protected":false},"featured_media":7105,"template":"","meta":{"_acf_changed":false},"product_brand":[],"product_cat":[699],"product_tag":[516],"class_list":{"0":"post-31954","1":"product","2":"type-product","3":"status-publish","4":"has-post-thumbnail","6":"product_cat-imanes","7":"product_tag-animais","8":"pa_motivo-gatos","10":"first","11":"instock","12":"shipping-taxable","13":"product-type-simple"},"acf":[],"_links":{"self":[{"href":"https:\/\/olemosaic.orbitalia.org\/pt-pt\/wp-json\/wp\/v2\/product\/31954","targetHints":{"allow":["GET"]}}],"collection":[{"href":"https:\/\/olemosaic.orbitalia.org\/pt-pt\/wp-json\/wp\/v2\/product"}],"about":[{"href":"https:\/\/olemosaic.orbitalia.org\/pt-pt\/wp-json\/wp\/v2\/types\/product"}],"wp:featuredmedia":[{"embeddable":true,"href":"https:\/\/olemosaic.orbitalia.org\/pt-pt\/wp-json\/wp\/v2\/media\/7105"}],"wp:attachment":[{"href":"https:\/\/olemosaic.orbitalia.org\/pt-pt\/wp-json\/wp\/v2\/media?parent=31954"}],"wp:term":[{"taxonomy":"product_brand","embeddable":true,"href":"https:\/\/olemosaic.orbitalia.org\/pt-pt\/wp-json\/wp\/v2\/product_brand?post=31954"},{"taxonomy":"product_cat","embeddable":true,"href":"https:\/\/olemosaic.orbitalia.org\/pt-pt\/wp-json\/wp\/v2\/product_cat?post=31954"},{"taxonomy":"product_tag","embeddable":true,"href":"https:\/\/olemosaic.orbitalia.org\/pt-pt\/wp-json\/wp\/v2\/product_tag?post=31954"}],"curies":[{"name":"wp","href":"https:\/\/api.w.org\/{rel}","templated":true}]}}