{"id":31953,"date":"2025-02-20T22:32:11","date_gmt":"2025-02-20T22:32:11","guid":{"rendered":"https:\/\/olemosaic.orbitalia.org\/producto\/iman-de-metal-tortuga-azul-8-cm\/"},"modified":"2025-07-25T19:21:19","modified_gmt":"2025-07-25T17:21:19","slug":"iman-de-metal-tartaruga-azul-8-cm","status":"publish","type":"product","link":"https:\/\/olemosaic.orbitalia.org\/pt-pt\/produto\/iman-de-metal-tartaruga-azul-8-cm\/","title":{"rendered":"\u00cdman de metal. Tartaruga. Azul. 8 cm."},"content":{"rendered":"<p>Este \u00edman met\u00e1lico, com um vibrante design de tartarugas marinhas, \u00e9 a recorda\u00e7\u00e3o perfeita para evocar as maravilhas do oceano e a vida marinha. Com os seus 8 cm de tamanho, o \u00edman apresenta um fundo azul que recorda a serenidade do mar, onde nadam coloridas tartarugas e cavalos-marinhos, rodeados de corais e detalhes art\u00edsticos que real\u00e7am a sua beleza. Os intrincados mosaicos de cores brilhantes que adornam as tartarugas e a fauna marinha real\u00e7am a est\u00e9tica do design, captando a aten\u00e7\u00e3o e adicionando um toque art\u00edstico a qualquer frigor\u00edfico.<\/p>\n<p>Este produto n\u00e3o \u00e9 apenas um objeto decorativo encantador, mas tamb\u00e9m um s\u00edmbolo da rica biodiversidade marinha e da liga\u00e7\u00e3o com os destinos costeiros de Espanha e Portugal. A sua autenticidade como recorda\u00e7\u00e3o t\u00edpica torna-o a escolha ideal para os turistas que desejam levar um peda\u00e7o do oceano, recordando as suas aventuras sob o sol e a brisa do mar. Na Ol\u00e9 Mosaic somos distribuidores de recorda\u00e7\u00f5es met\u00e1licas que oferecem produtos aut\u00eanticos, como este \u00edman de tartarugas marinhas, ideais para lojas de presentes tur\u00edsticos que procuram variedade e qualidade nos seus artigos. Sem d\u00favida, este \u00edman \u00e9 uma excelente op\u00e7\u00e3o para os amantes da natureza e do mar.<\/p>\n","protected":false},"excerpt":{"rendered":"<p>\u00cdman met\u00e1lico com um design vibrante de tartarugas marinhas sobre um fundo azul, ideal para recordar as maravilhas do oceano. Com um tamanho de 8 cm, apresenta detalhes coloridos em mosaico que representam tartarugas a nadar entre cavalos-marinhos e corais, evocando a vida marinha. Este artigo \u00e9 perfeito como recorda\u00e7\u00e3o das suas viagens a destinos costeiros e adiciona um toque art\u00edstico ao seu frigor\u00edfico.<\/p>\n","protected":false},"featured_media":12862,"template":"","meta":{"_acf_changed":false},"product_brand":[],"product_cat":[699],"product_tag":[516],"class_list":{"0":"post-31953","1":"product","2":"type-product","3":"status-publish","4":"has-post-thumbnail","6":"product_cat-imanes","7":"product_tag-animais","8":"pa_motivo-tartarugas","10":"first","11":"instock","12":"shipping-taxable","13":"product-type-simple"},"acf":[],"_links":{"self":[{"href":"https:\/\/olemosaic.orbitalia.org\/pt-pt\/wp-json\/wp\/v2\/product\/31953","targetHints":{"allow":["GET"]}}],"collection":[{"href":"https:\/\/olemosaic.orbitalia.org\/pt-pt\/wp-json\/wp\/v2\/product"}],"about":[{"href":"https:\/\/olemosaic.orbitalia.org\/pt-pt\/wp-json\/wp\/v2\/types\/product"}],"wp:featuredmedia":[{"embeddable":true,"href":"https:\/\/olemosaic.orbitalia.org\/pt-pt\/wp-json\/wp\/v2\/media\/12862"}],"wp:attachment":[{"href":"https:\/\/olemosaic.orbitalia.org\/pt-pt\/wp-json\/wp\/v2\/media?parent=31953"}],"wp:term":[{"taxonomy":"product_brand","embeddable":true,"href":"https:\/\/olemosaic.orbitalia.org\/pt-pt\/wp-json\/wp\/v2\/product_brand?post=31953"},{"taxonomy":"product_cat","embeddable":true,"href":"https:\/\/olemosaic.orbitalia.org\/pt-pt\/wp-json\/wp\/v2\/product_cat?post=31953"},{"taxonomy":"product_tag","embeddable":true,"href":"https:\/\/olemosaic.orbitalia.org\/pt-pt\/wp-json\/wp\/v2\/product_tag?post=31953"}],"curies":[{"name":"wp","href":"https:\/\/api.w.org\/{rel}","templated":true}]}}