{"id":31950,"date":"2025-02-20T22:32:10","date_gmt":"2025-02-20T22:32:10","guid":{"rendered":"https:\/\/olemosaic.orbitalia.org\/producto\/iman-de-metal-toro-8-cm\/"},"modified":"2025-07-25T20:38:41","modified_gmt":"2025-07-25T18:38:41","slug":"iman-de-metal-touro-8-cm","status":"publish","type":"product","link":"https:\/\/olemosaic.orbitalia.org\/pt-pt\/produto\/iman-de-metal-touro-8-cm\/","title":{"rendered":"\u00cdman de metal. Touro. 8 cm."},"content":{"rendered":"<p>Este \u00edman met\u00e1lico com design de um touro espanhol \u00e9 uma recorda\u00e7\u00e3o emblem\u00e1tica que capta a ess\u00eancia da rica cultura espanhola. Com dimens\u00f5es de 8 cm, o \u00edman apresenta um vibrante mosaico de cores, onde tons audazes de vermelho e amarelo adornam a figura do touro, um s\u00edmbolo de for\u00e7a e valentia na tradi\u00e7\u00e3o espanhola. A escolha das cores n\u00e3o s\u00f3 celebra o esp\u00edrito do touro, mas tamb\u00e9m evoca a paix\u00e3o com que se vive a cultura em diversas festividades e touradas. A base azul clara proporciona um contraste atraente, fazendo com que o touro se destaque de forma cativante. Na borda, o texto \u201cESPA\u00d1A\u201d adiciona um toque distintivo, tornando-o n\u00e3o apenas um objeto decorativo, mas uma recorda\u00e7\u00e3o tang\u00edvel da experi\u00eancia vivida neste maravilhoso pa\u00eds.<\/p>\n<p>Este \u00edman n\u00e3o \u00e9 apenas ideal para decorar a casa, mas serve como uma excelente recorda\u00e7\u00e3o para aqueles que procuram levar um pedacinho de Espanha. A sua autenticidade e liga\u00e7\u00e3o com a cultura local tornam-no uma prioridade para as lojas de presentes tur\u00edsticos. Na Ol\u00e9 Mosaic, como distribuidores de recorda\u00e7\u00f5es, oferecemos produtos que real\u00e7am a tradi\u00e7\u00e3o e a riqueza cultural de Espanha, e este \u00edman do touro \u00e9 uma op\u00e7\u00e3o perfeita para os turistas que desejam recordar a sua viagem com um detalhe significativo e vibrante.<\/p>\n","protected":false},"excerpt":{"rendered":"<p>\u00cdman met\u00e1lico com design de um touro espanhol, de 8 cm. Este \u00edman apresenta um vibrante mosaico de cores, com tons vermelhos e amarelos que simbolizam a for\u00e7a do touro, um \u00edcone da cultura espanhola. A base azul clara real\u00e7a a figura do touro, enquanto o texto \u201cESPA\u00d1A\u201d adorna a borda, conferindo um toque distintivo. Ideal para recordar a rica tradi\u00e7\u00e3o espanhola em qualquer superf\u00edcie met\u00e1lica.<\/p>\n","protected":false},"featured_media":9974,"template":"","meta":{"_acf_changed":false},"product_brand":[],"product_cat":[699],"product_tag":[516],"class_list":{"0":"post-31950","1":"product","2":"type-product","3":"status-publish","4":"has-post-thumbnail","6":"product_cat-imanes","7":"product_tag-animais","8":"pa_motivo-touros","10":"first","11":"instock","12":"shipping-taxable","13":"product-type-simple"},"acf":[],"_links":{"self":[{"href":"https:\/\/olemosaic.orbitalia.org\/pt-pt\/wp-json\/wp\/v2\/product\/31950","targetHints":{"allow":["GET"]}}],"collection":[{"href":"https:\/\/olemosaic.orbitalia.org\/pt-pt\/wp-json\/wp\/v2\/product"}],"about":[{"href":"https:\/\/olemosaic.orbitalia.org\/pt-pt\/wp-json\/wp\/v2\/types\/product"}],"wp:featuredmedia":[{"embeddable":true,"href":"https:\/\/olemosaic.orbitalia.org\/pt-pt\/wp-json\/wp\/v2\/media\/9974"}],"wp:attachment":[{"href":"https:\/\/olemosaic.orbitalia.org\/pt-pt\/wp-json\/wp\/v2\/media?parent=31950"}],"wp:term":[{"taxonomy":"product_brand","embeddable":true,"href":"https:\/\/olemosaic.orbitalia.org\/pt-pt\/wp-json\/wp\/v2\/product_brand?post=31950"},{"taxonomy":"product_cat","embeddable":true,"href":"https:\/\/olemosaic.orbitalia.org\/pt-pt\/wp-json\/wp\/v2\/product_cat?post=31950"},{"taxonomy":"product_tag","embeddable":true,"href":"https:\/\/olemosaic.orbitalia.org\/pt-pt\/wp-json\/wp\/v2\/product_tag?post=31950"}],"curies":[{"name":"wp","href":"https:\/\/api.w.org\/{rel}","templated":true}]}}