{"id":31928,"date":"2025-02-20T22:32:10","date_gmt":"2025-02-20T22:32:10","guid":{"rendered":"https:\/\/olemosaic.orbitalia.org\/producto\/iman-de-metal-tortuga-azul-11-cm\/"},"modified":"2025-07-25T19:40:46","modified_gmt":"2025-07-25T17:40:46","slug":"iman-de-metal-tartaruga-azul-11-cm","status":"publish","type":"product","link":"https:\/\/olemosaic.orbitalia.org\/pt-pt\/produto\/iman-de-metal-tartaruga-azul-11-cm\/","title":{"rendered":"\u00cdman de metal. Tartaruga. Azul. 11 cm."},"content":{"rendered":"<p>Este \u00edman met\u00e1lico com design de tartarugas marinhas \u00e9 uma pe\u00e7a excecional que captura a beleza do mundo submarino, ideal como recorda\u00e7\u00e3o da vida marinha. Com 11 cm de tamanho, este atraente \u00edman apresenta uma vibrante ilustra\u00e7\u00e3o de tartarugas a nadar sobre um fundo azul intenso. A t\u00e9cnica utilizada para o seu design simula um elegante mosaico, proporcionando uma textura visualmente cativante. As tartarugas, pintadas em tons laranja e amarelo, contrastam maravilhosamente com o ambiente marinho, onde corais e conchas conferem cor e vida \u00e0 cena.<\/p>\n<p>Este \u00edman n\u00e3o \u00e9 apenas uma recorda\u00e7\u00e3o de qualidade, mas tamb\u00e9m evoca a rica biodiversidade do oceano, sendo uma excelente op\u00e7\u00e3o para os amantes da natureza e do mar. O seu design otimiza a sua funcionalidade como \u00edman, permitindo que as recorda\u00e7\u00f5es de momentos especiais fiquem \u00e0 vista em casa. Com este \u00edman, os turistas podem levar um peda\u00e7o da beleza mar\u00edtima, recordando a sua visita a regi\u00f5es ricas em vida marinha e cultura.<\/p>\n<p>Na Ol\u00e9 Mosaic, somos distribuidores de souvenirs aut\u00eanticos por grosso, e este \u00edman de tartarugas marinhas \u00e9 uma op\u00e7\u00e3o perfeita para lojas de presentes tur\u00edsticos que procuram oferecer produtos que reflitam a riqueza natural do seu ambiente. Uma recorda\u00e7\u00e3o ideal, n\u00e3o s\u00f3 para decorar, mas tamb\u00e9m para celebrar a liga\u00e7\u00e3o com o oceano.<\/p>\n","protected":false},"excerpt":{"rendered":"<p>\u00cdman met\u00e1lico com design de tartarugas marinhas sobre um fundo azul vibrante, de 11 cm. Este atraente \u00edman apresenta uma colorida ilustra\u00e7\u00e3o de tartarugas a nadar entre corais e conchas, realizada com uma t\u00e9cnica que simula um mosaico. Os tons laranja e amarelo das tartarugas contrastam com o delicado ambiente marinho, tornando este \u00edman numa encantadora recorda\u00e7\u00e3o da vida oce\u00e2nica. Ideal para qualquer amante do mar e da natureza.<\/p>\n","protected":false},"featured_media":8955,"template":"","meta":{"_acf_changed":false},"product_brand":[],"product_cat":[699],"product_tag":[516],"class_list":{"0":"post-31928","1":"product","2":"type-product","3":"status-publish","4":"has-post-thumbnail","6":"product_cat-imanes","7":"product_tag-animais","8":"pa_motivo-tartarugas","10":"first","11":"instock","12":"shipping-taxable","13":"product-type-simple"},"acf":[],"_links":{"self":[{"href":"https:\/\/olemosaic.orbitalia.org\/pt-pt\/wp-json\/wp\/v2\/product\/31928","targetHints":{"allow":["GET"]}}],"collection":[{"href":"https:\/\/olemosaic.orbitalia.org\/pt-pt\/wp-json\/wp\/v2\/product"}],"about":[{"href":"https:\/\/olemosaic.orbitalia.org\/pt-pt\/wp-json\/wp\/v2\/types\/product"}],"wp:featuredmedia":[{"embeddable":true,"href":"https:\/\/olemosaic.orbitalia.org\/pt-pt\/wp-json\/wp\/v2\/media\/8955"}],"wp:attachment":[{"href":"https:\/\/olemosaic.orbitalia.org\/pt-pt\/wp-json\/wp\/v2\/media?parent=31928"}],"wp:term":[{"taxonomy":"product_brand","embeddable":true,"href":"https:\/\/olemosaic.orbitalia.org\/pt-pt\/wp-json\/wp\/v2\/product_brand?post=31928"},{"taxonomy":"product_cat","embeddable":true,"href":"https:\/\/olemosaic.orbitalia.org\/pt-pt\/wp-json\/wp\/v2\/product_cat?post=31928"},{"taxonomy":"product_tag","embeddable":true,"href":"https:\/\/olemosaic.orbitalia.org\/pt-pt\/wp-json\/wp\/v2\/product_tag?post=31928"}],"curies":[{"name":"wp","href":"https:\/\/api.w.org\/{rel}","templated":true}]}}