{"id":31926,"date":"2025-02-20T22:32:10","date_gmt":"2025-02-20T22:32:10","guid":{"rendered":"https:\/\/olemosaic.orbitalia.org\/producto\/iman-de-metal-toro-negro-8-cm\/"},"modified":"2025-07-25T18:50:18","modified_gmt":"2025-07-25T16:50:18","slug":"iman-de-metal-touro-preto-8-cm","status":"publish","type":"product","link":"https:\/\/olemosaic.orbitalia.org\/pt-pt\/produto\/iman-de-metal-touro-preto-8-cm\/","title":{"rendered":"\u00cdman de metal. Touro. Preto. 8 cm."},"content":{"rendered":"<p>Este \u00edman met\u00e1lico com design de touro \u00e9 um s\u00edmbolo aut\u00eantico da cultura espanhola, ideal para quem procura uma recorda\u00e7\u00e3o vibrante e representativa de Espanha. Com um tamanho de 8 cm, este \u00edman destaca-se pelo seu colorido mosaico em tons vermelhos e amarelos, entrela\u00e7ados sobre um fundo preto, que enfatiza a ic\u00f3nica figura do touro numa representa\u00e7\u00e3o art\u00edstica \u00fanica. A palavra &#8220;ESPA\u00d1A&#8221; aparece em letras destacadas, conferindo um toque vibrante e cultural que ressalta a ess\u00eancia do pa\u00eds.<\/p>\n<p>Este \u00edman n\u00e3o \u00e9 apenas funcional, mas tamb\u00e9m captura a ess\u00eancia do patrim\u00f3nio espanhol, fazendo refer\u00eancia \u00e0 rica tradi\u00e7\u00e3o taurom\u00e1quica que faz parte da hist\u00f3ria de Espanha. A imagem do touro \u00e9 sin\u00f3nimo de for\u00e7a e valentia, valores profundamente enraizados na cultura espanhola, e a sua presen\u00e7a decorativa \u00e9 perfeita para adornar qualquer superf\u00edcie magn\u00e9tica em casa ou no escrit\u00f3rio.<\/p>\n<p>Na Ol\u00e9 Mosaic, distribu\u00edmos souvenirs de alta qualidade, e este \u00edman de touro \u00e9 uma excelente op\u00e7\u00e3o para lojas de presentes tur\u00edsticos que procuram oferecer produtos aut\u00eanticos e culturalmente significativos. Como grossistas de souvenirs, garantimos a autenticidade e o design atraente de cada pe\u00e7a que oferecemos.<\/p>\n","protected":false},"excerpt":{"rendered":"<p>\u00cdman met\u00e1lico com design de touro, um s\u00edmbolo ic\u00f3nico de Espanha. Este \u00edman de 8 cm apresenta um mosaico colorido em tons vermelhos e amarelos sobre fundo preto, real\u00e7ando a figura do touro numa representa\u00e7\u00e3o art\u00edstica \u00fanica. A palavra &#8220;ESPA\u00d1A&#8221; \u00e9 impressa em letras destacadas, oferecendo um toque vibrante e cultural. Ideal para adornar qualquer superf\u00edcie magn\u00e9tica e recordar a rica tradi\u00e7\u00e3o espanhola.<\/p>\n","protected":false},"featured_media":6963,"template":"","meta":{"_acf_changed":false},"product_brand":[],"product_cat":[699],"product_tag":[516],"class_list":{"0":"post-31926","1":"product","2":"type-product","3":"status-publish","4":"has-post-thumbnail","6":"product_cat-imanes","7":"product_tag-animais","8":"pa_motivo-touros","10":"first","11":"instock","12":"shipping-taxable","13":"product-type-simple"},"acf":[],"_links":{"self":[{"href":"https:\/\/olemosaic.orbitalia.org\/pt-pt\/wp-json\/wp\/v2\/product\/31926","targetHints":{"allow":["GET"]}}],"collection":[{"href":"https:\/\/olemosaic.orbitalia.org\/pt-pt\/wp-json\/wp\/v2\/product"}],"about":[{"href":"https:\/\/olemosaic.orbitalia.org\/pt-pt\/wp-json\/wp\/v2\/types\/product"}],"wp:featuredmedia":[{"embeddable":true,"href":"https:\/\/olemosaic.orbitalia.org\/pt-pt\/wp-json\/wp\/v2\/media\/6963"}],"wp:attachment":[{"href":"https:\/\/olemosaic.orbitalia.org\/pt-pt\/wp-json\/wp\/v2\/media?parent=31926"}],"wp:term":[{"taxonomy":"product_brand","embeddable":true,"href":"https:\/\/olemosaic.orbitalia.org\/pt-pt\/wp-json\/wp\/v2\/product_brand?post=31926"},{"taxonomy":"product_cat","embeddable":true,"href":"https:\/\/olemosaic.orbitalia.org\/pt-pt\/wp-json\/wp\/v2\/product_cat?post=31926"},{"taxonomy":"product_tag","embeddable":true,"href":"https:\/\/olemosaic.orbitalia.org\/pt-pt\/wp-json\/wp\/v2\/product_tag?post=31926"}],"curies":[{"name":"wp","href":"https:\/\/api.w.org\/{rel}","templated":true}]}}