{"id":31924,"date":"2025-02-20T22:32:10","date_gmt":"2025-02-20T22:32:10","guid":{"rendered":"https:\/\/olemosaic.orbitalia.org\/producto\/iman-de-metal-salamandra-lanzarote-plata-8-cm\/"},"modified":"2025-07-25T19:47:27","modified_gmt":"2025-07-25T17:47:27","slug":"iman-de-metal-salamandra-lanzarote-prata-8-cm","status":"publish","type":"product","link":"https:\/\/olemosaic.orbitalia.org\/pt-pt\/produto\/iman-de-metal-salamandra-lanzarote-prata-8-cm\/","title":{"rendered":"\u00cdman de metal. Salamandra. Lanzarote. Prata. 8 cm."},"content":{"rendered":"<p>Este \u00edman met\u00e1lico, decorado com salamandras, \u00e9 uma recorda\u00e7\u00e3o encantadora de Lanzarote, ideal para quem deseja levar um pedacinho desta preciosa ilha can\u00e1ria. Com dimens\u00f5es de 8 cm, apresenta uma vibrante colagem de salamandras multicoloridas que d\u00e3o vida a qualquer frigor\u00edfico ou superf\u00edcie met\u00e1lica. Cada salamandra, elegantemente desenhada, ergue-se sobre um fundo branco que simula um mosaico, real\u00e7ando a singularidade da arte e da fauna t\u00edpica de Lanzarote. As cores exuberantes das salamandras, com os seus tons verdes, azuis, vermelhos e amarelos, capturam n\u00e3o s\u00f3 a beleza da natureza, mas tamb\u00e9m a ess\u00eancia do folclore can\u00e1rio, que celebra a vida e a diversidade do seu ambiente.<\/p>\n<p>A palavra \u201cLanzarote\u201d aparece impressa na parte superior do \u00edman, refor\u00e7ando a sua identidade local e tornando-o um excelente souvenir para turistas que procuram algo aut\u00eantico. Este \u00edman n\u00e3o \u00e9 apenas um objeto decorativo, mas tamb\u00e9m um s\u00edmbolo do patrim\u00f3nio natural que caracteriza a ilha, sendo uma recorda\u00e7\u00e3o constante da sua beleza \u00fanica. Na Ol\u00e9 Mosaic, como grossistas de souvenirs de Lanzarote, oferecemos produtos que refletem a autenticidade e o encanto desta regi\u00e3o. Este \u00edman de salamandras \u00e9 uma op\u00e7\u00e3o ideal para lojas de presentes tur\u00edsticos, conferindo um toque de cor e cultura a qualquer cole\u00e7\u00e3o de recorda\u00e7\u00f5es.<\/p>\n","protected":false},"excerpt":{"rendered":"<p>\u00cdman met\u00e1lico com design de salamandras, inspirado na fauna de Lanzarote. Este atraente \u00edman, de 8 cm, apresenta uma vibrante colagem de salamandras multicoloridas sobre um fundo branco que simula um mosaico. Os detalhes destacam-se com tons verdes, azuis, vermelhos e amarelos, capturando a ess\u00eancia do folclore can\u00e1rio. Al\u00e9m disso, a palavra \u201cLanzarote\u201d est\u00e1 impressa na parte superior, real\u00e7ando a sua identidade local. Ideal para decorar e recordar a beleza desta ilha.<\/p>\n","protected":false},"featured_media":13527,"template":"","meta":{"_acf_changed":false},"product_brand":[],"product_cat":[699],"product_tag":[516],"class_list":{"0":"post-31924","1":"product","2":"type-product","3":"status-publish","4":"has-post-thumbnail","6":"product_cat-imanes","7":"product_tag-animais","8":"pa_ciudad-lanzarote","9":"pa_motivo-salamandras","10":"pa_pais-espana","12":"first","13":"instock","14":"shipping-taxable","15":"product-type-simple"},"acf":[],"_links":{"self":[{"href":"https:\/\/olemosaic.orbitalia.org\/pt-pt\/wp-json\/wp\/v2\/product\/31924","targetHints":{"allow":["GET"]}}],"collection":[{"href":"https:\/\/olemosaic.orbitalia.org\/pt-pt\/wp-json\/wp\/v2\/product"}],"about":[{"href":"https:\/\/olemosaic.orbitalia.org\/pt-pt\/wp-json\/wp\/v2\/types\/product"}],"wp:featuredmedia":[{"embeddable":true,"href":"https:\/\/olemosaic.orbitalia.org\/pt-pt\/wp-json\/wp\/v2\/media\/13527"}],"wp:attachment":[{"href":"https:\/\/olemosaic.orbitalia.org\/pt-pt\/wp-json\/wp\/v2\/media?parent=31924"}],"wp:term":[{"taxonomy":"product_brand","embeddable":true,"href":"https:\/\/olemosaic.orbitalia.org\/pt-pt\/wp-json\/wp\/v2\/product_brand?post=31924"},{"taxonomy":"product_cat","embeddable":true,"href":"https:\/\/olemosaic.orbitalia.org\/pt-pt\/wp-json\/wp\/v2\/product_cat?post=31924"},{"taxonomy":"product_tag","embeddable":true,"href":"https:\/\/olemosaic.orbitalia.org\/pt-pt\/wp-json\/wp\/v2\/product_tag?post=31924"}],"curies":[{"name":"wp","href":"https:\/\/api.w.org\/{rel}","templated":true}]}}