{"id":31878,"date":"2025-02-20T22:32:09","date_gmt":"2025-02-20T22:32:09","guid":{"rendered":"https:\/\/olemosaic.orbitalia.org\/producto\/iman-de-metal-gallo-8-cm\/"},"modified":"2025-07-25T19:20:55","modified_gmt":"2025-07-25T17:20:55","slug":"iman-de-metal-galo-8-cm","status":"publish","type":"product","link":"https:\/\/olemosaic.orbitalia.org\/pt-pt\/produto\/iman-de-metal-galo-8-cm\/","title":{"rendered":"\u00cdman de metal. Galo. 8 cm."},"content":{"rendered":"<p>Este \u00edman met\u00e1lico com design de galo \u00e9 uma aut\u00eantica joia da cultura portuguesa, que capta a ess\u00eancia vibrante e colorida do folclore do pa\u00eds. Com um tamanho de 8 cm, esta pe\u00e7a destaca-se pela sua brilhante representa\u00e7\u00e3o do galo, um s\u00edmbolo ic\u00f3nico em Portugal, conhecido pela sua associa\u00e7\u00e3o \u00e0 sorte e \u00e0 alegria. O design est\u00e1 ilustrado com um mosaico de cores intensas, incluindo tons de vermelho, azul e amarelo, criando um efeito visual deslumbrante. O galo ergue-se sobre um fundo azul claro, que acentua a sua beleza e o torna num objeto decorativo que ilumina qualquer espa\u00e7o.<\/p>\n<p>Al\u00e9m de ser uma pe\u00e7a apelativa, este \u00edman reflete a rica tradi\u00e7\u00e3o artesanal de Portugal, evocando paisagens cheias de vida e celebra\u00e7\u00f5es alegres. \u00c9 uma excelente recorda\u00e7\u00e3o para turistas que procuram uma representa\u00e7\u00e3o aut\u00eantica da cultura portuguesa, tornando-o um presente perfeito para quem deseja levar um peda\u00e7o de Portugal para casa. Na Ol\u00e9 Mosaic, somos especialistas na distribui\u00e7\u00e3o de recorda\u00e7\u00f5es por grosso, oferecendo produtos que combinam qualidade e autenticidade. Este \u00edman de galo \u00e9 ideal para lojas de presentes tur\u00edsticos que procurem adicionar \u00e0 sua oferta artigos significativos e coloridos, captando a ess\u00eancia do folclore portugu\u00eas. Connosco, como grossista de souvenirs, garante variedade e originalidade em cada pe\u00e7a.<\/p>\n","protected":false},"excerpt":{"rendered":"<p>\u00cdman met\u00e1lico com um design vibrante de um galo, que se destaca pelas suas cores brilhantes em estilo mosaico. Com um tamanho de 8 cm, este \u00edman \u00e9 uma representa\u00e7\u00e3o ic\u00f3nica da cultura portuguesa, evocando a alegria e o folclore do pa\u00eds. A colorida figura do galo ergue-se sobre um fundo azul claro que real\u00e7a a sua beleza, tornando-o uma pe\u00e7a decorativa e um presente perfeito para os amantes do artesanato tradicional.<\/p>\n","protected":false},"featured_media":11457,"template":"","meta":{"_acf_changed":false},"product_brand":[],"product_cat":[699],"product_tag":[516],"class_list":{"0":"post-31878","1":"product","2":"type-product","3":"status-publish","4":"has-post-thumbnail","6":"product_cat-imanes","7":"product_tag-animais","8":"pa_motivo-galos","10":"first","11":"instock","12":"shipping-taxable","13":"product-type-simple"},"acf":[],"_links":{"self":[{"href":"https:\/\/olemosaic.orbitalia.org\/pt-pt\/wp-json\/wp\/v2\/product\/31878","targetHints":{"allow":["GET"]}}],"collection":[{"href":"https:\/\/olemosaic.orbitalia.org\/pt-pt\/wp-json\/wp\/v2\/product"}],"about":[{"href":"https:\/\/olemosaic.orbitalia.org\/pt-pt\/wp-json\/wp\/v2\/types\/product"}],"wp:featuredmedia":[{"embeddable":true,"href":"https:\/\/olemosaic.orbitalia.org\/pt-pt\/wp-json\/wp\/v2\/media\/11457"}],"wp:attachment":[{"href":"https:\/\/olemosaic.orbitalia.org\/pt-pt\/wp-json\/wp\/v2\/media?parent=31878"}],"wp:term":[{"taxonomy":"product_brand","embeddable":true,"href":"https:\/\/olemosaic.orbitalia.org\/pt-pt\/wp-json\/wp\/v2\/product_brand?post=31878"},{"taxonomy":"product_cat","embeddable":true,"href":"https:\/\/olemosaic.orbitalia.org\/pt-pt\/wp-json\/wp\/v2\/product_cat?post=31878"},{"taxonomy":"product_tag","embeddable":true,"href":"https:\/\/olemosaic.orbitalia.org\/pt-pt\/wp-json\/wp\/v2\/product_tag?post=31878"}],"curies":[{"name":"wp","href":"https:\/\/api.w.org\/{rel}","templated":true}]}}