{"id":31876,"date":"2025-02-20T23:32:08","date_gmt":"2025-02-20T22:32:08","guid":{"rendered":"https:\/\/olemosaic.orbitalia.org\/producto\/iman-de-metal-buho-plata-8-cm-2\/"},"modified":"2025-07-25T20:36:40","modified_gmt":"2025-07-25T18:36:40","slug":"iman-de-metal-coruja-mosaico-prata-8-cm","status":"publish","type":"product","link":"https:\/\/olemosaic.orbitalia.org\/pt-pt\/produto\/iman-de-metal-coruja-mosaico-prata-8-cm\/","title":{"rendered":"\u00cdman de metal. Coruja. Mosaico. Prata. 8 cm."},"content":{"rendered":"<p>Este \u00edman met\u00e1lico com design de corujas \u00e9 um souvenir atraente que capta a ess\u00eancia da arte do mosaico, ideal para quem procura recorda\u00e7\u00f5es representativas da cultura local. Com um tamanho de 8 cm, este \u00edman destaca-se pelos seus vibrantes tons de azul, amarelo, laranja e verde, que evocam a rica paleta de cores da fauna noturna. As corujas, s\u00edmbolo de sabedoria e mist\u00e9rio, pousam elegantemente sobre um ramo, conferindo um toque de natureza e folclore a qualquer frigor\u00edfico.<\/p>\n<p>A ilustra\u00e7\u00e3o, inspirada na tradi\u00e7\u00e3o da cer\u00e2mica e do mosaico, real\u00e7a a destreza art\u00edstica e a heran\u00e7a cultural de Espanha e Portugal, tornando este \u00edman num aut\u00eantico reflexo do patrim\u00f3nio art\u00edstico da regi\u00e3o. Este souvenir n\u00e3o \u00e9 apenas uma pe\u00e7a decorativa, mas uma recorda\u00e7\u00e3o da beleza e da singularidade da cultura ib\u00e9rica, perfeito para quem deseja levar uma recorda\u00e7\u00e3o da sua viagem para casa.<\/p>\n<p>Na Ol\u00e9 Mosaic especializamo-nos na distribui\u00e7\u00e3o de souvenirs por grosso, garantindo que este \u00edman de corujas n\u00e3o seja apenas um produto de qualidade, mas que tamb\u00e9m represente fielmente a rica tradi\u00e7\u00e3o art\u00edstica do local. Ideal para lojas de presentes tur\u00edsticos, este \u00edman \u00e9 um excelente exemplo dos souvenirs aut\u00eanticos que os viajantes procuram.<\/p>\n","protected":false},"excerpt":{"rendered":"<p>\u00cdman met\u00e1lico com um design colorido de duas corujas, inspirado na arte do mosaico. Este \u00edman de 8 cm apresenta uma vibrante paleta de cores com tons de azul, amarelo, laranja e verde, que captam a ess\u00eancia da fauna noturna. As corujas, pousadas num ramo, s\u00e3o um s\u00edmbolo de sabedoria e mist\u00e9rio, perfeitas para evocar a beleza do folclore. Um acess\u00f3rio decorativo ideal para qualquer frigor\u00edfico.<\/p>\n","protected":false},"featured_media":11208,"template":"","meta":{"_acf_changed":false},"product_brand":[],"product_cat":[699],"product_tag":[516],"class_list":{"0":"post-31876","1":"product","2":"type-product","3":"status-publish","4":"has-post-thumbnail","6":"product_cat-imanes","7":"product_tag-animais","8":"pa_motivo-corujas","10":"first","11":"instock","12":"shipping-taxable","13":"product-type-simple"},"acf":[],"_links":{"self":[{"href":"https:\/\/olemosaic.orbitalia.org\/pt-pt\/wp-json\/wp\/v2\/product\/31876","targetHints":{"allow":["GET"]}}],"collection":[{"href":"https:\/\/olemosaic.orbitalia.org\/pt-pt\/wp-json\/wp\/v2\/product"}],"about":[{"href":"https:\/\/olemosaic.orbitalia.org\/pt-pt\/wp-json\/wp\/v2\/types\/product"}],"wp:featuredmedia":[{"embeddable":true,"href":"https:\/\/olemosaic.orbitalia.org\/pt-pt\/wp-json\/wp\/v2\/media\/11208"}],"wp:attachment":[{"href":"https:\/\/olemosaic.orbitalia.org\/pt-pt\/wp-json\/wp\/v2\/media?parent=31876"}],"wp:term":[{"taxonomy":"product_brand","embeddable":true,"href":"https:\/\/olemosaic.orbitalia.org\/pt-pt\/wp-json\/wp\/v2\/product_brand?post=31876"},{"taxonomy":"product_cat","embeddable":true,"href":"https:\/\/olemosaic.orbitalia.org\/pt-pt\/wp-json\/wp\/v2\/product_cat?post=31876"},{"taxonomy":"product_tag","embeddable":true,"href":"https:\/\/olemosaic.orbitalia.org\/pt-pt\/wp-json\/wp\/v2\/product_tag?post=31876"}],"curies":[{"name":"wp","href":"https:\/\/api.w.org\/{rel}","templated":true}]}}