{"id":31868,"date":"2025-02-20T22:32:08","date_gmt":"2025-02-20T22:32:08","guid":{"rendered":"https:\/\/olemosaic.orbitalia.org\/producto\/iman-de-metal-la-rambla-barcelona-azul-8-cm\/"},"modified":"2025-07-25T19:17:54","modified_gmt":"2025-07-25T17:17:54","slug":"iman-de-metal-la-rambla-barcelona-azul-8-cm-pt-pt","status":"publish","type":"product","link":"https:\/\/olemosaic.orbitalia.org\/pt-pt\/produto\/iman-de-metal-la-rambla-barcelona-azul-8-cm-pt-pt\/","title":{"rendered":"\u00cdman de metal. La Rambla. Barcelona. Azul. 8 cm."},"content":{"rendered":"<p>Este \u00edman met\u00e1lico capta a ess\u00eancia vibrante de La Rambla barcelonesa, tornando-se uma recorda\u00e7\u00e3o imprescind\u00edvel para quem visita esta emblem\u00e1tica cidade. Com os seus 8 cm de tamanho, o seu design atraente apresenta uma colorida representa\u00e7\u00e3o em estilo mosaico, onde se destaca o famoso monumento a Colombo, rodeado de exuberantes palmeiras e edif\u00edcios t\u00edpicos que adornam esta ic\u00f3nica avenida. As vivas tonalidades azuis e uma paleta multicolor d\u00e3o vida a esta cena, enquanto o nome &#8220;Barcelona&#8221; aparece em letras proeminentes, assegurando que este souvenir seja facilmente identific\u00e1vel e memor\u00e1vel.<\/p>\n<p>Este \u00edman n\u00e3o serve apenas como um pr\u00e1tico acess\u00f3rio decorativo para o frigor\u00edfico, mas tamb\u00e9m encapsula a energia din\u00e2mica de La Rambla, um lugar onde convergem a cultura, a gastronomia e a arquitetura da cidade. O seu design intrincado e o seu acabamento met\u00e1lico refletem a autenticidade de um tributo \u00e0 rica heran\u00e7a cultural de Barcelona, tornando-o uma excelente op\u00e7\u00e3o para turistas que procuram souvenirs representativos da sua visita. Na Ol\u00e9 Mosaic, orgulhamo-nos de ser distribuidores de souvenirs por grosso, garantindo produtos de alta qualidade que captam a ess\u00eancia de cada regi\u00e3o. Este \u00edman de La Rambla \u00e9 uma op\u00e7\u00e3o ideal para lojas de presentes tur\u00edsticos que desejem oferecer artigos \u00fanicos e aut\u00eanticos, que recordem aos seus clientes os momentos vividos na maravilhosa Barcelona.<\/p>\n","protected":false},"excerpt":{"rendered":"<p>\u00cdman met\u00e1lico que capta a ess\u00eancia de La Rambla barcelonesa. Este atraente souvenir de 8 cm apresenta uma colorida representa\u00e7\u00e3o em modo de mosaico, destacando o emblem\u00e1tico monumento a Colombo rodeado de palmeiras e edif\u00edcios caracter\u00edsticos. Com vivas tonalidades azuis e multicoloridas, o \u00edman incorpora o nome &#8220;Barcelona&#8221; em letras proeminentes, tornando-o uma recorda\u00e7\u00e3o visual ideal para os amantes desta ic\u00f3nica cidade.<\/p>\n","protected":false},"featured_media":8169,"template":"","meta":{"_acf_changed":false},"product_brand":[],"product_cat":[699],"product_tag":[],"class_list":{"0":"post-31868","1":"product","2":"type-product","3":"status-publish","4":"has-post-thumbnail","6":"product_cat-imanes","7":"pa_ciudad-barcelona","8":"pa_motivo-la-rambla","9":"pa_pais-espana","11":"first","12":"instock","13":"shipping-taxable","14":"product-type-simple"},"acf":[],"_links":{"self":[{"href":"https:\/\/olemosaic.orbitalia.org\/pt-pt\/wp-json\/wp\/v2\/product\/31868","targetHints":{"allow":["GET"]}}],"collection":[{"href":"https:\/\/olemosaic.orbitalia.org\/pt-pt\/wp-json\/wp\/v2\/product"}],"about":[{"href":"https:\/\/olemosaic.orbitalia.org\/pt-pt\/wp-json\/wp\/v2\/types\/product"}],"wp:featuredmedia":[{"embeddable":true,"href":"https:\/\/olemosaic.orbitalia.org\/pt-pt\/wp-json\/wp\/v2\/media\/8169"}],"wp:attachment":[{"href":"https:\/\/olemosaic.orbitalia.org\/pt-pt\/wp-json\/wp\/v2\/media?parent=31868"}],"wp:term":[{"taxonomy":"product_brand","embeddable":true,"href":"https:\/\/olemosaic.orbitalia.org\/pt-pt\/wp-json\/wp\/v2\/product_brand?post=31868"},{"taxonomy":"product_cat","embeddable":true,"href":"https:\/\/olemosaic.orbitalia.org\/pt-pt\/wp-json\/wp\/v2\/product_cat?post=31868"},{"taxonomy":"product_tag","embeddable":true,"href":"https:\/\/olemosaic.orbitalia.org\/pt-pt\/wp-json\/wp\/v2\/product_tag?post=31868"}],"curies":[{"name":"wp","href":"https:\/\/api.w.org\/{rel}","templated":true}]}}