{"id":31864,"date":"2025-02-20T22:32:07","date_gmt":"2025-02-20T22:32:07","guid":{"rendered":"https:\/\/olemosaic.orbitalia.org\/producto\/iman-de-madera-panoramica-marbella\/"},"modified":"2025-07-25T18:51:43","modified_gmt":"2025-07-25T16:51:43","slug":"iman-de-madeira-panoramica-marbella","status":"publish","type":"product","link":"https:\/\/olemosaic.orbitalia.org\/pt-pt\/produto\/iman-de-madeira-panoramica-marbella\/","title":{"rendered":"\u00cdman de madeira. Panor\u00e2mica. Marbella."},"content":{"rendered":"<p>Este \u00edman panor\u00e2mico de madeira de Marbella \u00e9 uma recorda\u00e7\u00e3o vibrante e aut\u00eantica que capta a ess\u00eancia desta bela cidade costeira. Com um design animado, o \u00edman apresenta uma ilustra\u00e7\u00e3o colorida que inclui o ic\u00f3nico farol de Marbella, rodeado de palmeiras e as majestosas montanhas que evocam o ambiente ensolarado e tur\u00edstico da regi\u00e3o. O brilhante sol vermelho destaca-se no fundo, proporcionando um ar de ver\u00e3o e alegre. A palavra &#8220;MARBELLA&#8221; destaca-se em letras arco-\u00edris, conferindo um toque divertido e atraente que cativar\u00e1 quem o veja.<\/p>\n<p>Este \u00edman n\u00e3o \u00e9 apenas um objeto decorativo, mas atua como uma recorda\u00e7\u00e3o tang\u00edvel das suas f\u00e9rias na Costa del Sol, permitindo reviver esses momentos cada vez que se olha para ele. O seu design detalhado e colorido reflete o esp\u00edrito festivo e acolhedor de Marbella, tornando-o um souvenir perfeito para turistas.<\/p>\n<p>Na Ol\u00e9 Mosaic, somos especialistas na distribui\u00e7\u00e3o de souvenirs de Marbella e outros destinos espanh\u00f3is, oferecendo produtos que celebram a cultura e a beleza de cada regi\u00e3o. Este \u00edman de madeira \u00e9 uma excelente op\u00e7\u00e3o para lojas de presentes tur\u00edsticos que procuram artigos aut\u00eanticos e atraentes, destacando-se como uma op\u00e7\u00e3o ideal para quem deseja levar um peda\u00e7o de Marbella para casa.<\/p>\n","protected":false},"excerpt":{"rendered":"<p>\u00cdman de madeira com uma colorida panor\u00e2mica de Marbella, que capta a ess\u00eancia desta vibrante cidade costeira. Este artigo apresenta um design alegre que inclui o famoso farol e um fundo ensolarado, adornado com palmeiras e montanhas. A palavra &#8220;MARBELLA&#8221; destaca-se em letras arco-\u00edris, conferindo um toque divertido e atraente. Ideal para recordar as suas f\u00e9rias ou como um presente \u00fanico que reflete a beleza e o ambiente de Marbella.<\/p>\n","protected":false},"featured_media":9558,"template":"","meta":{"_acf_changed":false},"product_brand":[],"product_cat":[699],"product_tag":[],"class_list":{"0":"post-31864","1":"product","2":"type-product","3":"status-publish","4":"has-post-thumbnail","6":"product_cat-imanes","7":"pa_ciudad-marbella","8":"pa_motivo-panoramas","9":"pa_pais-espana","11":"first","12":"instock","13":"shipping-taxable","14":"product-type-simple"},"acf":[],"_links":{"self":[{"href":"https:\/\/olemosaic.orbitalia.org\/pt-pt\/wp-json\/wp\/v2\/product\/31864","targetHints":{"allow":["GET"]}}],"collection":[{"href":"https:\/\/olemosaic.orbitalia.org\/pt-pt\/wp-json\/wp\/v2\/product"}],"about":[{"href":"https:\/\/olemosaic.orbitalia.org\/pt-pt\/wp-json\/wp\/v2\/types\/product"}],"wp:featuredmedia":[{"embeddable":true,"href":"https:\/\/olemosaic.orbitalia.org\/pt-pt\/wp-json\/wp\/v2\/media\/9558"}],"wp:attachment":[{"href":"https:\/\/olemosaic.orbitalia.org\/pt-pt\/wp-json\/wp\/v2\/media?parent=31864"}],"wp:term":[{"taxonomy":"product_brand","embeddable":true,"href":"https:\/\/olemosaic.orbitalia.org\/pt-pt\/wp-json\/wp\/v2\/product_brand?post=31864"},{"taxonomy":"product_cat","embeddable":true,"href":"https:\/\/olemosaic.orbitalia.org\/pt-pt\/wp-json\/wp\/v2\/product_cat?post=31864"},{"taxonomy":"product_tag","embeddable":true,"href":"https:\/\/olemosaic.orbitalia.org\/pt-pt\/wp-json\/wp\/v2\/product_tag?post=31864"}],"curies":[{"name":"wp","href":"https:\/\/api.w.org\/{rel}","templated":true}]}}