{"id":31827,"date":"2025-02-20T23:32:07","date_gmt":"2025-02-20T22:32:07","guid":{"rendered":"https:\/\/olemosaic.orbitalia.org\/producto\/iman-de-madera-panoramica-barcelona\/"},"modified":"2025-07-25T19:37:19","modified_gmt":"2025-07-25T17:37:19","slug":"iman-de-madeira-panoramica-barcelona","status":"publish","type":"product","link":"https:\/\/olemosaic.orbitalia.org\/pt-pt\/produto\/iman-de-madeira-panoramica-barcelona\/","title":{"rendered":"\u00cdman de madeira. Panor\u00e2mica. Barcelona."},"content":{"rendered":"<p>Este \u00edman de madeira oferece uma panor\u00e2mica vibrante de Barcelona, captando a ess\u00eancia desta ic\u00f3nica cidade espanhola. Desenhado com um mosaico colorido pintado \u00e0 m\u00e3o, mostra no seu centro a famosa escultura do &#8220;Drag\u00e3o de Gaud\u00ed&#8221; do Park G\u00fcell, rodeada pela emblem\u00e1tica Sagrada Fam\u00edlia que, com a sua arquitetura imponente, se ergue majestosamente ao fundo. O fundo azul ensolarado real\u00e7a a luminosidade da cidade, enquanto o texto &#8220;Barcelona&#8221;, em carateres chamativos e modernos, acrescenta um toque contempor\u00e2neo que atrair\u00e1 a aten\u00e7\u00e3o de quem procura recorda\u00e7\u00f5es aut\u00eanticas.<\/p>\n<p>Os detalhes arquitet\u00f3nicos estilizados no \u00edman n\u00e3o s\u00f3 refletem o esp\u00edrito inovador de Antoni Gaud\u00ed, como tamb\u00e9m celebram a rica heran\u00e7a cultural de Barcelona, conhecida pelo seu legado art\u00edstico e arquitet\u00f3nico \u00fanico. Este \u00edman \u00e9 perfeito para recordar a sua visita \u00e0 metr\u00f3pole, pois sintetiza o que de mais representativo a cidade tem numa pe\u00e7a decorativa compacta e funcional.<\/p>\n<p>Ideal para turistas que desejam levar um peda\u00e7o de Barcelona, esta recorda\u00e7\u00e3o de madeira \u00e9 uma excelente op\u00e7\u00e3o para lojas de presentes tur\u00edsticos que procuram produtos aut\u00eanticos e com significado. Na Ol\u00e9 Mosaic, como grossistas de recorda\u00e7\u00f5es, oferecemos este tipo de \u00edmanes de Barcelona que s\u00e3o perfeitos para captar a ess\u00eancia da cidade em cada casa.<\/p>\n","protected":false},"excerpt":{"rendered":"<p>\u00cdman de madeira com uma panor\u00e2mica vibrante de Barcelona, onde se destaca a famosa escultura do &#8220;Drag\u00e3o de Gaud\u00ed&#8221; do Park G\u00fcell e a emblem\u00e1tica Sagrada Fam\u00edlia. Este \u00edman, de design artesanal e pintado \u00e0 m\u00e3o, apresenta um mosaico colorido sobre um fundo azul ensolarado. A palavra &#8220;Barcelona&#8221; escrita com letras chamativas acrescenta um toque fresco e moderno, enquanto os detalhes arquitet\u00f3nicos real\u00e7am a rica heran\u00e7a cultural da cidade. Perfeito para recordar a sua visita a esta ic\u00f3nica metr\u00f3pole.<\/p>\n","protected":false},"featured_media":9332,"template":"","meta":{"_acf_changed":false},"product_brand":[],"product_cat":[699],"product_tag":[],"class_list":{"0":"post-31827","1":"product","2":"type-product","3":"status-publish","4":"has-post-thumbnail","6":"product_cat-imanes","7":"pa_ciudad-barcelona","8":"pa_motivo-panoramas","9":"pa_pais-espana","11":"first","12":"instock","13":"shipping-taxable","14":"product-type-simple"},"acf":[],"_links":{"self":[{"href":"https:\/\/olemosaic.orbitalia.org\/pt-pt\/wp-json\/wp\/v2\/product\/31827","targetHints":{"allow":["GET"]}}],"collection":[{"href":"https:\/\/olemosaic.orbitalia.org\/pt-pt\/wp-json\/wp\/v2\/product"}],"about":[{"href":"https:\/\/olemosaic.orbitalia.org\/pt-pt\/wp-json\/wp\/v2\/types\/product"}],"wp:featuredmedia":[{"embeddable":true,"href":"https:\/\/olemosaic.orbitalia.org\/pt-pt\/wp-json\/wp\/v2\/media\/9332"}],"wp:attachment":[{"href":"https:\/\/olemosaic.orbitalia.org\/pt-pt\/wp-json\/wp\/v2\/media?parent=31827"}],"wp:term":[{"taxonomy":"product_brand","embeddable":true,"href":"https:\/\/olemosaic.orbitalia.org\/pt-pt\/wp-json\/wp\/v2\/product_brand?post=31827"},{"taxonomy":"product_cat","embeddable":true,"href":"https:\/\/olemosaic.orbitalia.org\/pt-pt\/wp-json\/wp\/v2\/product_cat?post=31827"},{"taxonomy":"product_tag","embeddable":true,"href":"https:\/\/olemosaic.orbitalia.org\/pt-pt\/wp-json\/wp\/v2\/product_tag?post=31827"}],"curies":[{"name":"wp","href":"https:\/\/api.w.org\/{rel}","templated":true}]}}