{"id":31825,"date":"2025-02-20T23:32:07","date_gmt":"2025-02-20T22:32:07","guid":{"rendered":"https:\/\/olemosaic.orbitalia.org\/producto\/iman-de-madera-camino-de-santiago-2\/"},"modified":"2025-07-25T18:45:32","modified_gmt":"2025-07-25T16:45:32","slug":"iman-de-madeira-caminho-de-santiago-2","status":"publish","type":"product","link":"https:\/\/olemosaic.orbitalia.org\/pt-pt\/produto\/iman-de-madeira-caminho-de-santiago-2\/","title":{"rendered":"\u00cdman de madeira. Peregrino. Caminho de Santiago."},"content":{"rendered":"<p>Este \u00edman de madeira, inspirado no emblem\u00e1tico Caminho de Santiago, \u00e9 uma recorda\u00e7\u00e3o vibrante e cheia de significado cultural. Apresenta ilustra\u00e7\u00f5es detalhadas que captam a majestade da Catedral de Santiago de Compostela, um monumento emblem\u00e1tico e destino final desta famosa rota de peregrina\u00e7\u00e3o. A acompanhar esta obra-prima, encontramos um peregrino com o seu bord\u00e3o, s\u00edmbolo dos milhares que percorreram este caminho em busca de uma liga\u00e7\u00e3o espiritual e pessoal. A concha, distintivo do Caminho, destaca-se com a sua tradicional forma amarela e vermelha, evocando a tradi\u00e7\u00e3o dos caminhantes.<\/p>\n<p>O \u00edman est\u00e1 decorado com uma paisagem de colinas verdes sob um sol radiante, acrescentando um toque de cor e alegria. O texto &#8220;CAMINHO DE SANTIAGO&#8221;, apresentado em letras multicoloridas, real\u00e7a a energia e a diversidade de experi\u00eancias que oferece este percurso cheio de hist\u00f3ria. Esta recorda\u00e7\u00e3o n\u00e3o s\u00f3 adorna qualquer canto da casa, como tamb\u00e9m atua como um lembrete constante de uma das rotas mais ic\u00f3nicas de Espanha.<\/p>\n<p>Na Ol\u00e9 Mosaic, orgulhamo-nos de ser distribuidores de recorda\u00e7\u00f5es aut\u00eanticas e culturais, e este \u00edman \u00e9 uma excelente op\u00e7\u00e3o para lojas de presentes tur\u00edsticos que procuram oferecer produtos que contem hist\u00f3rias e liguem os viajantes \u00e0 sua experi\u00eancia no Caminho de Santiago. Com o seu design \u00fanico e relevante, este \u00edman torna-se uma pe\u00e7a imprescind\u00edvel para quem deseja levar para casa um fragmento da rica heran\u00e7a cultural galega.<\/p>\n","protected":false},"excerpt":{"rendered":"<p>\u00cdman de madeira inspirado no emblem\u00e1tico Caminho de Santiago, apresentado com ilustra\u00e7\u00f5es coloridas que representam a Catedral de Santiago de Compostela, um peregrino com o seu cajado e a famosa concha do caminho. Este \u00edman est\u00e1 decorado com detalhes vibrantes e um texto destacado que diz &#8220;CAMINHO DE SANTIAGO&#8221;, complementado por uma paisagem de colinas e um sol radiante. Ideal para recordar uma das rotas mais ic\u00f3nicas de Espanha.<\/p>\n","protected":false},"featured_media":9564,"template":"","meta":{"_acf_changed":false},"product_brand":[],"product_cat":[699],"product_tag":[],"class_list":{"0":"post-31825","1":"product","2":"type-product","3":"status-publish","4":"has-post-thumbnail","6":"product_cat-imanes","7":"pa_motivo-caminho-de-santiago","9":"first","10":"instock","11":"shipping-taxable","12":"product-type-simple"},"acf":[],"_links":{"self":[{"href":"https:\/\/olemosaic.orbitalia.org\/pt-pt\/wp-json\/wp\/v2\/product\/31825","targetHints":{"allow":["GET"]}}],"collection":[{"href":"https:\/\/olemosaic.orbitalia.org\/pt-pt\/wp-json\/wp\/v2\/product"}],"about":[{"href":"https:\/\/olemosaic.orbitalia.org\/pt-pt\/wp-json\/wp\/v2\/types\/product"}],"wp:featuredmedia":[{"embeddable":true,"href":"https:\/\/olemosaic.orbitalia.org\/pt-pt\/wp-json\/wp\/v2\/media\/9564"}],"wp:attachment":[{"href":"https:\/\/olemosaic.orbitalia.org\/pt-pt\/wp-json\/wp\/v2\/media?parent=31825"}],"wp:term":[{"taxonomy":"product_brand","embeddable":true,"href":"https:\/\/olemosaic.orbitalia.org\/pt-pt\/wp-json\/wp\/v2\/product_brand?post=31825"},{"taxonomy":"product_cat","embeddable":true,"href":"https:\/\/olemosaic.orbitalia.org\/pt-pt\/wp-json\/wp\/v2\/product_cat?post=31825"},{"taxonomy":"product_tag","embeddable":true,"href":"https:\/\/olemosaic.orbitalia.org\/pt-pt\/wp-json\/wp\/v2\/product_tag?post=31825"}],"curies":[{"name":"wp","href":"https:\/\/api.w.org\/{rel}","templated":true}]}}