{"id":31807,"date":"2025-02-20T23:32:06","date_gmt":"2025-02-20T22:32:06","guid":{"rendered":"https:\/\/olemosaic.orbitalia.org\/producto\/iman-de-madera-guitarra-sevilla\/"},"modified":"2025-07-25T19:37:32","modified_gmt":"2025-07-25T17:37:32","slug":"iman-de-madeira-guitarra-sevilha","status":"publish","type":"product","link":"https:\/\/olemosaic.orbitalia.org\/pt-pt\/produto\/iman-de-madeira-guitarra-sevilha\/","title":{"rendered":"\u00cdman de madeira. Guitarra. Sevilha."},"content":{"rendered":"<p>Este \u00edman de madeira com forma de guitarra \u00e9 uma pe\u00e7a encantadora que presta homenagem ao vibrante folclore de Sevilha. Com um design pintado \u00e0 m\u00e3o, apresenta uma cativante ilustra\u00e7\u00e3o da emblem\u00e1tica Plaza de Espa\u00f1a, onde as suas torres ornamentadas e detalhes arquitet\u00f3nicos coloridos ganham vida. A palavra &#8220;Sevilha&#8221;, elegantemente inscrita na parte superior do \u00edman, destaca a autenticidade e a liga\u00e7\u00e3o cultural do produto, tornando-o uma excelente recorda\u00e7\u00e3o da bela cidade andaluza. A paleta de cores quentes, com tons amarelos, vermelhos e verdes, capta a ess\u00eancia do ambiente sevilhano, evocando o calor das suas gentes e a riqueza da sua hist\u00f3ria. Este \u00edman n\u00e3o \u00e9 apenas uma atraente decora\u00e7\u00e3o para a casa, mas uma aut\u00eantica recorda\u00e7\u00e3o representativa de Sevilha, ideal para os turistas que procuram levar um peda\u00e7o da cultura andaluza. Na Ol\u00e9 Mosaic, especializamo-nos na distribui\u00e7\u00e3o de lembran\u00e7as por grosso. Este \u00edman de guitarra \u00e9 perfeito para lojas de presentes tur\u00edsticos que procuram oferecer produtos \u00fanicos e relevantes, assegurando uma liga\u00e7\u00e3o duradoura com a tradi\u00e7\u00e3o espanhola atrav\u00e9s de recorda\u00e7\u00f5es memor\u00e1veis.<\/p>\n","protected":false},"excerpt":{"rendered":"<p>\u00cdman de madeira com forma de guitarra, inspirado no vibrante folclore sevilhano. Este atraente \u00edman apresenta uma ilustra\u00e7\u00e3o de design artesanal, pintado \u00e0 m\u00e3o, da emblem\u00e1tica Plaza de Espa\u00f1a, destacando as suas torres ornamentadas e os seus coloridos detalhes arquitet\u00f3nicos. Com o nome &#8220;Sevilha&#8221; elegantemente inscrito na parte superior, o design incorpora elementos decorativos que evocam a rica cultura andaluza, utilizando uma paleta de cores quentes que capturam a ess\u00eancia da cidade.<\/p>\n","protected":false},"featured_media":9550,"template":"","meta":{"_acf_changed":false},"product_brand":[],"product_cat":[699],"product_tag":[],"class_list":{"0":"post-31807","1":"product","2":"type-product","3":"status-publish","4":"has-post-thumbnail","6":"product_cat-imanes","7":"pa_ciudad-sevilla","8":"pa_motivo-guitarras","9":"pa_pais-espana","11":"first","12":"instock","13":"shipping-taxable","14":"product-type-simple"},"acf":[],"_links":{"self":[{"href":"https:\/\/olemosaic.orbitalia.org\/pt-pt\/wp-json\/wp\/v2\/product\/31807","targetHints":{"allow":["GET"]}}],"collection":[{"href":"https:\/\/olemosaic.orbitalia.org\/pt-pt\/wp-json\/wp\/v2\/product"}],"about":[{"href":"https:\/\/olemosaic.orbitalia.org\/pt-pt\/wp-json\/wp\/v2\/types\/product"}],"wp:featuredmedia":[{"embeddable":true,"href":"https:\/\/olemosaic.orbitalia.org\/pt-pt\/wp-json\/wp\/v2\/media\/9550"}],"wp:attachment":[{"href":"https:\/\/olemosaic.orbitalia.org\/pt-pt\/wp-json\/wp\/v2\/media?parent=31807"}],"wp:term":[{"taxonomy":"product_brand","embeddable":true,"href":"https:\/\/olemosaic.orbitalia.org\/pt-pt\/wp-json\/wp\/v2\/product_brand?post=31807"},{"taxonomy":"product_cat","embeddable":true,"href":"https:\/\/olemosaic.orbitalia.org\/pt-pt\/wp-json\/wp\/v2\/product_cat?post=31807"},{"taxonomy":"product_tag","embeddable":true,"href":"https:\/\/olemosaic.orbitalia.org\/pt-pt\/wp-json\/wp\/v2\/product_tag?post=31807"}],"curies":[{"name":"wp","href":"https:\/\/api.w.org\/{rel}","templated":true}]}}