{"id":31806,"date":"2025-02-20T23:32:06","date_gmt":"2025-02-20T22:32:06","guid":{"rendered":"https:\/\/olemosaic.orbitalia.org\/producto\/iman-de-madera-guitarra-4\/"},"modified":"2025-07-25T19:03:46","modified_gmt":"2025-07-25T17:03:46","slug":"iman-de-madeira-guitarra-4","status":"publish","type":"product","link":"https:\/\/olemosaic.orbitalia.org\/pt-pt\/produto\/iman-de-madeira-guitarra-4\/","title":{"rendered":"\u00cdman de madeira. Guitarra. Espanha."},"content":{"rendered":"<p>Este \u00edman de madeira com forma de guitarra \u00e9 uma fascinante representa\u00e7\u00e3o da cultura espanhola, ideal para quem procura uma recorda\u00e7\u00e3o aut\u00eantica da sua visita a Espanha. Com um vibrante design de mosaicos, este \u00edman capta a ess\u00eancia da m\u00fasica e da arte do pa\u00eds, adornado com figuras folcl\u00f3ricas e exuberantes flores vermelhas que evocam a paix\u00e3o e o colorido das tradi\u00e7\u00f5es espanholas. A palavra &#8220;ESPANHA&#8221; est\u00e1 impressa de forma proeminente na parte superior, o que n\u00e3o s\u00f3 acrescenta um toque decorativo, mas tamb\u00e9m refor\u00e7a a sua tem\u00e1tica nacional.<\/p>\n<p>Visualmente, este \u00edman \u00e9 uma pe\u00e7a apelativa. A guitarra, s\u00edmbolo intemporal da m\u00fasica espanhola, apresenta-se com uma mistura de cores brilhantes e formas geom\u00e9tricas que recordam a arte do mosaico, evocando o estilo distintivo de Gaud\u00ed. Este detalhe art\u00edstico torna-o um objeto de cole\u00e7\u00e3o perfeito, capaz de real\u00e7ar a decora\u00e7\u00e3o de qualquer frigor\u00edfico ou espa\u00e7o da casa.<\/p>\n<p>Ideal para turistas que procuram lembran\u00e7as de qualidade, este \u00edman de guitarra representa n\u00e3o apenas um objeto funcional, mas tamb\u00e9m uma recorda\u00e7\u00e3o tang\u00edvel da rica heran\u00e7a cultural de Espanha. Na Ol\u00e9 Mosaic, especializamo-nos na distribui\u00e7\u00e3o de lembran\u00e7as por grosso, e este \u00edman \u00e9 a op\u00e7\u00e3o perfeita para lojas de presentes tur\u00edsticos que desejem oferecer aos seus clientes uma liga\u00e7\u00e3o aut\u00eantica com a cultura espanhola.<\/p>\n","protected":false},"excerpt":{"rendered":"<p>\u00cdman de madeira com forma de guitarra, que representa a ess\u00eancia cultural de Espanha. Este atraente \u00edman est\u00e1 decorado com um vibrante design de mosaicos que incluem figuras folcl\u00f3ricas e flores vermelhas, capturando a paix\u00e3o da m\u00fasica espanhola. Com o texto &#8220;ESPANHA&#8221; impresso na parte superior, este \u00edman \u00e9 uma colorida adi\u00e7\u00e3o a qualquer casa, evocando o esp\u00edrito art\u00edstico e festivo do pa\u00eds. Ideal para colecionadores e como recorda\u00e7\u00e3o de uma viagem inesquec\u00edvel.<\/p>\n","protected":false},"featured_media":9543,"template":"","meta":{"_acf_changed":false},"product_brand":[],"product_cat":[699],"product_tag":[],"class_list":{"0":"post-31806","1":"product","2":"type-product","3":"status-publish","4":"has-post-thumbnail","6":"product_cat-imanes","7":"pa_motivo-guitarras","9":"first","10":"instock","11":"shipping-taxable","12":"product-type-simple"},"acf":[],"_links":{"self":[{"href":"https:\/\/olemosaic.orbitalia.org\/pt-pt\/wp-json\/wp\/v2\/product\/31806","targetHints":{"allow":["GET"]}}],"collection":[{"href":"https:\/\/olemosaic.orbitalia.org\/pt-pt\/wp-json\/wp\/v2\/product"}],"about":[{"href":"https:\/\/olemosaic.orbitalia.org\/pt-pt\/wp-json\/wp\/v2\/types\/product"}],"wp:featuredmedia":[{"embeddable":true,"href":"https:\/\/olemosaic.orbitalia.org\/pt-pt\/wp-json\/wp\/v2\/media\/9543"}],"wp:attachment":[{"href":"https:\/\/olemosaic.orbitalia.org\/pt-pt\/wp-json\/wp\/v2\/media?parent=31806"}],"wp:term":[{"taxonomy":"product_brand","embeddable":true,"href":"https:\/\/olemosaic.orbitalia.org\/pt-pt\/wp-json\/wp\/v2\/product_brand?post=31806"},{"taxonomy":"product_cat","embeddable":true,"href":"https:\/\/olemosaic.orbitalia.org\/pt-pt\/wp-json\/wp\/v2\/product_cat?post=31806"},{"taxonomy":"product_tag","embeddable":true,"href":"https:\/\/olemosaic.orbitalia.org\/pt-pt\/wp-json\/wp\/v2\/product_tag?post=31806"}],"curies":[{"name":"wp","href":"https:\/\/api.w.org\/{rel}","templated":true}]}}