{"id":31805,"date":"2025-02-20T23:32:06","date_gmt":"2025-02-20T22:32:06","guid":{"rendered":"https:\/\/olemosaic.orbitalia.org\/producto\/iman-de-madera-guitarra-3\/"},"modified":"2025-07-25T19:31:39","modified_gmt":"2025-07-25T17:31:39","slug":"iman-de-madeira-guitarra-3","status":"publish","type":"product","link":"https:\/\/olemosaic.orbitalia.org\/pt-pt\/produto\/iman-de-madeira-guitarra-3\/","title":{"rendered":"\u00cdman de madeira. Guitarra. Andaluzia."},"content":{"rendered":"<p>Este \u00edman de madeira com forma de guitarra \u00e9 uma vibrante celebra\u00e7\u00e3o da cultura flamenca, perfeito para quem deseja levar um peda\u00e7o da Andaluzia para casa. Elaborado com madeira de alta qualidade, este colorido \u00edman apresenta uma ilustra\u00e7\u00e3o cativante: uma bailarina de flamenco que deslumbra com um vestido de bolas vermelhas, rodeada de exuberantes rosas e vasos, evocando a ess\u00eancia dos p\u00e1tios andaluzes. O design da guitarra, adornado com alegres motivos florais e um fundo que irradia festividade, destaca-se pela sua aten\u00e7\u00e3o ao detalhe e pela sua qualidade artesanal.<\/p>\n<p>Esta recorda\u00e7\u00e3o n\u00e3o \u00e9 apenas um atraente objeto decorativo, mas tamb\u00e9m um s\u00edmbolo do rico folclore espanhol, ideal para recordar os momentos vividos nas terras do flamenco. A combina\u00e7\u00e3o de cores vivas e a representa\u00e7\u00e3o da dan\u00e7a tradicional fazem deste \u00edman um excelente presente para turistas e visitantes que procuram uma liga\u00e7\u00e3o cultural aut\u00eantica com Espanha. Na Ol\u00e9 Mosaic, a nossa miss\u00e3o \u00e9 oferecer recorda\u00e7\u00f5es representativas e de alta qualidade, como este \u00edman de guitarra, que capturam o esp\u00edrito e a alegria da cultura espanhola. Este produto \u00e9 uma magn\u00edfica op\u00e7\u00e3o para lojas de presentes tur\u00edsticos que desejem enriquecer a sua oferta com recorda\u00e7\u00f5es aut\u00eanticas e significativas.<\/p>\n","protected":false},"excerpt":{"rendered":"<p>\u00cdman de madeira com forma de guitarra, e um design vibrante inspirado na cultura flamenca. Este colorido \u00edman apresenta uma ilustra\u00e7\u00e3o de uma bailarina de flamenco vestida com um vestido vermelho de bolas, rodeada de rosas e vasos, que evoca a ess\u00eancia da Andaluzia. A guitarra, adornada com motivos florais e um fundo alegre, acrescenta um toque art\u00edstico e festivo, tornando-o uma recorda\u00e7\u00e3o ideal para os amantes do folclore espanhol.<\/p>\n","protected":false},"featured_media":9535,"template":"","meta":{"_acf_changed":false},"product_brand":[],"product_cat":[699],"product_tag":[],"class_list":{"0":"post-31805","1":"product","2":"type-product","3":"status-publish","4":"has-post-thumbnail","6":"product_cat-imanes","7":"pa_motivo-guitarras","9":"first","10":"instock","11":"shipping-taxable","12":"product-type-simple"},"acf":[],"_links":{"self":[{"href":"https:\/\/olemosaic.orbitalia.org\/pt-pt\/wp-json\/wp\/v2\/product\/31805","targetHints":{"allow":["GET"]}}],"collection":[{"href":"https:\/\/olemosaic.orbitalia.org\/pt-pt\/wp-json\/wp\/v2\/product"}],"about":[{"href":"https:\/\/olemosaic.orbitalia.org\/pt-pt\/wp-json\/wp\/v2\/types\/product"}],"wp:featuredmedia":[{"embeddable":true,"href":"https:\/\/olemosaic.orbitalia.org\/pt-pt\/wp-json\/wp\/v2\/media\/9535"}],"wp:attachment":[{"href":"https:\/\/olemosaic.orbitalia.org\/pt-pt\/wp-json\/wp\/v2\/media?parent=31805"}],"wp:term":[{"taxonomy":"product_brand","embeddable":true,"href":"https:\/\/olemosaic.orbitalia.org\/pt-pt\/wp-json\/wp\/v2\/product_brand?post=31805"},{"taxonomy":"product_cat","embeddable":true,"href":"https:\/\/olemosaic.orbitalia.org\/pt-pt\/wp-json\/wp\/v2\/product_cat?post=31805"},{"taxonomy":"product_tag","embeddable":true,"href":"https:\/\/olemosaic.orbitalia.org\/pt-pt\/wp-json\/wp\/v2\/product_tag?post=31805"}],"curies":[{"name":"wp","href":"https:\/\/api.w.org\/{rel}","templated":true}]}}