{"id":31737,"date":"2025-02-20T22:32:04","date_gmt":"2025-02-20T22:32:04","guid":{"rendered":"https:\/\/olemosaic.orbitalia.org\/producto\/iman-de-madera-panoramica-mijas\/"},"modified":"2025-07-25T20:03:51","modified_gmt":"2025-07-25T18:03:51","slug":"iman-de-madeira-panoramica-mijas","status":"publish","type":"product","link":"https:\/\/olemosaic.orbitalia.org\/pt-pt\/produto\/iman-de-madeira-panoramica-mijas\/","title":{"rendered":"\u00cdman de madeira. Panor\u00e2mica. Mijas."},"content":{"rendered":"<p>Este \u00edman de madeira com uma colorida panor\u00e2mica de Mijas \u00e9 o souvenir perfeito para levar um pedacinho desta encantadora vila andaluza para casa. Representa de forma vibrante e art\u00edstica os elementos mais ic\u00f3nicos da localidade, como o ador\u00e1vel burro decorado, s\u00edmbolo da tradi\u00e7\u00e3o rural, e a emblem\u00e1tica igreja da vila, que se destaca pela sua arquitetura branca e detalhes azuis. Tudo isto emoldurado por um sol radiante e majestosas montanhas de fundo, que evocam a beleza natural que rodeia Mijas.<\/p>\n<p>A palavra &#8220;Mijas&#8221; apresenta-se em letras vibrantes que acrescentam um toque festivo ao design, capturando a ess\u00eancia do folclore andaluz. Este \u00edman n\u00e3o \u00e9 apenas uma recorda\u00e7\u00e3o visual, mas tamb\u00e9m uma pe\u00e7a cultural que reflete o calor e a hospitalidade da regi\u00e3o, tornando-se um tesouro que revive os momentos vividos neste belo destino.<\/p>\n<p>Na Ol\u00e9 Mosaic, somos especialistas na distribui\u00e7\u00e3o de souvenirs por grosso e oferecemos este \u00edman de Mijas, perfeito para lojas de presentes tur\u00edsticos que procurem produtos aut\u00eanticos e cheios de hist\u00f3ria. Com este \u00edman de madeira, n\u00e3o s\u00f3 adquire um artigo decorativo, como uma liga\u00e7\u00e3o tang\u00edvel com a rica cultura da Andaluzia, ideal para os turistas que desejam uma recorda\u00e7\u00e3o significativa.<\/p>\n","protected":false},"excerpt":{"rendered":"<p>\u00cdman de madeira com uma colorida panor\u00e2mica de Mijas, uma vila andaluza com encanto. O \u00edman apresenta ilustra\u00e7\u00f5es de elementos ic\u00f3nicos, como o s\u00edmbolo do burro-t\u00e1xi e a igreja da vila, emoldurados por um sol radiante e montanhas ao fundo. A palavra \u00abMijas\u00bb destaca-se em letras vibrantes, real\u00e7ando o car\u00e1ter festivo do design, que capta a ess\u00eancia do folclore e da tradi\u00e7\u00e3o da regi\u00e3o. Ideal para recordar a sua visita a este belo destino.<\/p>\n","protected":false},"featured_media":9559,"template":"","meta":{"_acf_changed":false},"product_brand":[],"product_cat":[699],"product_tag":[],"class_list":{"0":"post-31737","1":"product","2":"type-product","3":"status-publish","4":"has-post-thumbnail","6":"product_cat-imanes","7":"pa_ciudad-mijas","8":"pa_motivo-panoramas","9":"pa_pais-espana","11":"first","12":"instock","13":"shipping-taxable","14":"product-type-simple"},"acf":[],"_links":{"self":[{"href":"https:\/\/olemosaic.orbitalia.org\/pt-pt\/wp-json\/wp\/v2\/product\/31737","targetHints":{"allow":["GET"]}}],"collection":[{"href":"https:\/\/olemosaic.orbitalia.org\/pt-pt\/wp-json\/wp\/v2\/product"}],"about":[{"href":"https:\/\/olemosaic.orbitalia.org\/pt-pt\/wp-json\/wp\/v2\/types\/product"}],"wp:featuredmedia":[{"embeddable":true,"href":"https:\/\/olemosaic.orbitalia.org\/pt-pt\/wp-json\/wp\/v2\/media\/9559"}],"wp:attachment":[{"href":"https:\/\/olemosaic.orbitalia.org\/pt-pt\/wp-json\/wp\/v2\/media?parent=31737"}],"wp:term":[{"taxonomy":"product_brand","embeddable":true,"href":"https:\/\/olemosaic.orbitalia.org\/pt-pt\/wp-json\/wp\/v2\/product_brand?post=31737"},{"taxonomy":"product_cat","embeddable":true,"href":"https:\/\/olemosaic.orbitalia.org\/pt-pt\/wp-json\/wp\/v2\/product_cat?post=31737"},{"taxonomy":"product_tag","embeddable":true,"href":"https:\/\/olemosaic.orbitalia.org\/pt-pt\/wp-json\/wp\/v2\/product_tag?post=31737"}],"curies":[{"name":"wp","href":"https:\/\/api.w.org\/{rel}","templated":true}]}}