{"id":31736,"date":"2025-02-20T22:32:04","date_gmt":"2025-02-20T22:32:04","guid":{"rendered":"https:\/\/olemosaic.orbitalia.org\/producto\/iman-de-madera-panoramica-ronda\/"},"modified":"2025-07-25T19:45:48","modified_gmt":"2025-07-25T17:45:48","slug":"iman-de-madeira-panoramica-ronda","status":"publish","type":"product","link":"https:\/\/olemosaic.orbitalia.org\/pt-pt\/produto\/iman-de-madeira-panoramica-ronda\/","title":{"rendered":"\u00cdman de madeira. Panor\u00e2mica. Ronda."},"content":{"rendered":"<p>Este \u00edman de madeira com a panor\u00e2mica de Ronda \u00e9 uma pequena obra-prima que capta a ess\u00eancia de uma das cidades mais emblem\u00e1ticas da Andaluzia. Desenhado para evocar a impressionante beleza de Ronda, o \u00edman mostra a ic\u00f3nica imagem da Ponte Nova, majestosa sobre as profundezas do Tajo de Ronda, com montanhas que abra\u00e7am a cidade e um c\u00e9u limpo que convida \u00e0 explora\u00e7\u00e3o. Os dois toureiros, elegantemente situados em ambos os lados, celebram a rica tradi\u00e7\u00e3o taurom\u00e1quica da regi\u00e3o, conferindo um toque de dinamismo ao design. A palavra &#8220;Ronda&#8221;, adornada com letras multicoloridas vibrantes, sublinha o car\u00e1ter festivo e alegre do local, convertendo esta recorda\u00e7\u00e3o num aut\u00eantico s\u00edmbolo da cultura andaluza.<\/p>\n<p>Este \u00edman n\u00e3o \u00e9 apenas um complemento decorativo ideal para qualquer frigor\u00edfico, mas tamb\u00e9m um s\u00edmbolo do patrim\u00f3nio cultural de Ronda, cuja hist\u00f3ria e arquitetura s\u00e3o testemunhas de uma rica heran\u00e7a que atrai turistas de todo o mundo. Na Ol\u00e9 Mosaic, especializamo-nos na distribui\u00e7\u00e3o de souvenirs por grosso, e este \u00edman de madeira apresenta-se como uma excelente op\u00e7\u00e3o para lojas de presentes tur\u00edsticos que procuram um produto de qualidade e elevado valor cultural. Levar um peda\u00e7o de Ronda nunca foi t\u00e3o f\u00e1cil e atraente; este \u00edman \u00e9 uma representa\u00e7\u00e3o perfeita dos souvenirs da Andaluzia que cativar\u00e3o os visitantes.<\/p>\n","protected":false},"excerpt":{"rendered":"<p>\u00cdman de madeira com uma panor\u00e2mica de Ronda, uma das cidades mais emblem\u00e1ticas da Andaluzia. Este colorido \u00edman apresenta a famosa imagem da Ponte Nova, rodeada de montanhas e um c\u00e9u limpo, juntamente com duas figuras de toureiros emolduradas num design vibrante. A palavra &#8220;Ronda&#8221;, em letras multicoloridas, real\u00e7a o car\u00e1ter festivo da recorda\u00e7\u00e3o. Ideal para levar uma recorda\u00e7\u00e3o aut\u00eantica da beleza e da cultura desta hist\u00f3rica cidade.<\/p>\n","protected":false},"featured_media":9560,"template":"","meta":{"_acf_changed":false},"product_brand":[],"product_cat":[699],"product_tag":[],"class_list":{"0":"post-31736","1":"product","2":"type-product","3":"status-publish","4":"has-post-thumbnail","6":"product_cat-imanes","7":"pa_ciudad-ronda","8":"pa_motivo-panoramas","9":"pa_pais-espana","11":"first","12":"instock","13":"shipping-taxable","14":"product-type-simple"},"acf":[],"_links":{"self":[{"href":"https:\/\/olemosaic.orbitalia.org\/pt-pt\/wp-json\/wp\/v2\/product\/31736","targetHints":{"allow":["GET"]}}],"collection":[{"href":"https:\/\/olemosaic.orbitalia.org\/pt-pt\/wp-json\/wp\/v2\/product"}],"about":[{"href":"https:\/\/olemosaic.orbitalia.org\/pt-pt\/wp-json\/wp\/v2\/types\/product"}],"wp:featuredmedia":[{"embeddable":true,"href":"https:\/\/olemosaic.orbitalia.org\/pt-pt\/wp-json\/wp\/v2\/media\/9560"}],"wp:attachment":[{"href":"https:\/\/olemosaic.orbitalia.org\/pt-pt\/wp-json\/wp\/v2\/media?parent=31736"}],"wp:term":[{"taxonomy":"product_brand","embeddable":true,"href":"https:\/\/olemosaic.orbitalia.org\/pt-pt\/wp-json\/wp\/v2\/product_brand?post=31736"},{"taxonomy":"product_cat","embeddable":true,"href":"https:\/\/olemosaic.orbitalia.org\/pt-pt\/wp-json\/wp\/v2\/product_cat?post=31736"},{"taxonomy":"product_tag","embeddable":true,"href":"https:\/\/olemosaic.orbitalia.org\/pt-pt\/wp-json\/wp\/v2\/product_tag?post=31736"}],"curies":[{"name":"wp","href":"https:\/\/api.w.org\/{rel}","templated":true}]}}