{"id":31734,"date":"2025-02-20T23:32:03","date_gmt":"2025-02-20T22:32:03","guid":{"rendered":"https:\/\/olemosaic.orbitalia.org\/producto\/iman-de-madera-guitarra\/"},"modified":"2025-07-25T18:46:42","modified_gmt":"2025-07-25T16:46:42","slug":"iman-de-madeira-guitarra","status":"publish","type":"product","link":"https:\/\/olemosaic.orbitalia.org\/pt-pt\/produto\/iman-de-madeira-guitarra\/","title":{"rendered":"\u00cdman de madeira. Guitarra."},"content":{"rendered":"<p>Este \u00edman de madeira com forma de guitarra \u00e9 uma pequena obra de arte que evoca a rica tradi\u00e7\u00e3o musical e cultural de Espanha, fundindo o estilo \u00fanico do famoso arquiteto Antoni Gaud\u00ed com a ess\u00eancia do folclore espanhol. Desenhado com um vibrante mosaico pintado \u00e0 m\u00e3o, este atraente souvenir destaca-se pela sua explos\u00e3o de cores vivas em tons de verde, amarelo, azul e vermelho, que recordam a beleza das flores e a natureza da pen\u00ednsula ib\u00e9rica. A guitarra, s\u00edmbolo do esp\u00edrito musical espanhol, apresenta detalhes meticulosos que a convertem num elemento decorativo perfeito para qualquer superf\u00edcie magn\u00e9tica.<\/p>\n<p>A liga\u00e7\u00e3o cultural deste \u00edman n\u00e3o reside apenas na sua forma, mas tamb\u00e9m no seu design, que reflete a influ\u00eancia do modernismo catal\u00e3o e a arte do mosaico, t\u00e3o caracter\u00edstico das obras de Gaud\u00ed. Este \u00edman \u00e9 um excelente presente para os amantes da m\u00fasica e da cultura, encapsulando a alegria e o ritmo da vida espanhola numa pe\u00e7a pequena e funcional.<\/p>\n<p>Na Ol\u00e9 Mosaic, oferecemos souvenirs aut\u00eanticos da cultura espanhola, e este \u00edman de guitarra \u00e9 uma adi\u00e7\u00e3o indispens\u00e1vel para lojas de presentes tur\u00edsticos. A sua autenticidade e design art\u00edstico tornam-no ideal para quem procura uma recorda\u00e7\u00e3o representativa da sua viagem a Espanha, convertendo-o numa op\u00e7\u00e3o atraente e significativa para os turistas que exploram a diversidade cultural do pa\u00eds. Se procura \u00edmanes por grosso, este design exclusivo n\u00e3o s\u00f3 embeleza, como tamb\u00e9m conta hist\u00f3rias de tradi\u00e7\u00e3o e arte.<\/p>\n","protected":false},"excerpt":{"rendered":"<p>\u00cdman de madeira com forma de guitarra, que reproduz a arte do mosaico ao estilo Gaud\u00ed. Este atraente \u00edman apresenta um design vibrante e colorido, com tons verdes, amarelos, azuis e vermelhos que evocam flores e natureza. Perfeito para os amantes da m\u00fasica e da cultura espanhola, cada detalhe \u00e9 um design artesanal, pintado \u00e0 m\u00e3o, para capturar a ess\u00eancia do folclore espanhol. Ideal para decorar qualquer superf\u00edcie magn\u00e9tica com um toque art\u00edstico.<\/p>\n","protected":false},"featured_media":9536,"template":"","meta":{"_acf_changed":false},"product_brand":[],"product_cat":[699],"product_tag":[],"class_list":{"0":"post-31734","1":"product","2":"type-product","3":"status-publish","4":"has-post-thumbnail","6":"product_cat-imanes","7":"pa_motivo-guitarras","9":"first","10":"instock","11":"shipping-taxable","12":"product-type-simple"},"acf":[],"_links":{"self":[{"href":"https:\/\/olemosaic.orbitalia.org\/pt-pt\/wp-json\/wp\/v2\/product\/31734","targetHints":{"allow":["GET"]}}],"collection":[{"href":"https:\/\/olemosaic.orbitalia.org\/pt-pt\/wp-json\/wp\/v2\/product"}],"about":[{"href":"https:\/\/olemosaic.orbitalia.org\/pt-pt\/wp-json\/wp\/v2\/types\/product"}],"wp:featuredmedia":[{"embeddable":true,"href":"https:\/\/olemosaic.orbitalia.org\/pt-pt\/wp-json\/wp\/v2\/media\/9536"}],"wp:attachment":[{"href":"https:\/\/olemosaic.orbitalia.org\/pt-pt\/wp-json\/wp\/v2\/media?parent=31734"}],"wp:term":[{"taxonomy":"product_brand","embeddable":true,"href":"https:\/\/olemosaic.orbitalia.org\/pt-pt\/wp-json\/wp\/v2\/product_brand?post=31734"},{"taxonomy":"product_cat","embeddable":true,"href":"https:\/\/olemosaic.orbitalia.org\/pt-pt\/wp-json\/wp\/v2\/product_cat?post=31734"},{"taxonomy":"product_tag","embeddable":true,"href":"https:\/\/olemosaic.orbitalia.org\/pt-pt\/wp-json\/wp\/v2\/product_tag?post=31734"}],"curies":[{"name":"wp","href":"https:\/\/api.w.org\/{rel}","templated":true}]}}