{"id":31704,"date":"2025-02-20T23:31:47","date_gmt":"2025-02-20T22:31:47","guid":{"rendered":"https:\/\/olemosaic.orbitalia.org\/producto\/toro-figura-de-resina-de-9-cm-pintada-a-mano-2\/"},"modified":"2025-07-25T20:28:12","modified_gmt":"2025-07-25T18:28:12","slug":"touro-figura-de-resina-de-9-cm-pintada-a-mao-2","status":"publish","type":"product","link":"https:\/\/olemosaic.orbitalia.org\/pt-pt\/produto\/touro-figura-de-resina-de-9-cm-pintada-a-mao-2\/","title":{"rendered":"Touro. Figura de mosaico de 9 cm. Cultura espanhola."},"content":{"rendered":"<p>Este emblem\u00e1tico touro espanhol de resina \u00e9 uma recorda\u00e7\u00e3o requintada que encapsula a rica cultura e as tradi\u00e7\u00f5es de Espanha numa pe\u00e7a de 9 cm. Pintado \u00e0 m\u00e3o com uma t\u00e9cnica vibrante de mosaico, cada figura apresenta uma exibi\u00e7\u00e3o de cores apelativas, como vermelhos, laranjas e pretos, que d\u00e3o vida e energia ao seu design. A forma robusta e orgulhosa do touro, s\u00edmbolo de for\u00e7a e valentia, \u00e9 representativa dos m\u00faltiplos festivais e touradas que fazem parte do patrim\u00f3nio espanhol.<\/p>\n<p>O acabamento artesanal desta figura real\u00e7a a sua autenticidade e torna-a uma recorda\u00e7\u00e3o ideal para os turistas que desejam levar um pouco da rica tradi\u00e7\u00e3o cultural de Espanha. O seu design meticuloso e detalhado torna-o perfeito tanto como objeto decorativo para a casa como para um presente especial para amigos e familiares. Esta recorda\u00e7\u00e3o distinta \u00e9 tamb\u00e9m um excelente produto para lojas de recorda\u00e7\u00f5es tur\u00edsticas, pois reflete a identidade de Espanha e a sua enraizada liga\u00e7\u00e3o ao toureio, uma tradi\u00e7\u00e3o que marcou a hist\u00f3ria do pa\u00eds.<\/p>\n<p>Na Ol\u00e9 Mosaic, como grossista de recorda\u00e7\u00f5es, oferecemos este impressionante touro espanhol, garantindo um produto de qualidade e relev\u00e2ncia cultural que surpreender\u00e1 quem o adquirir. Com este touro decorativo, n\u00e3o s\u00f3 levam uma recorda\u00e7\u00e3o, mas uma pe\u00e7a que conta uma hist\u00f3ria e simboliza a pr\u00f3pria ess\u00eancia da cultura espanhola.<\/p>\n","protected":false},"excerpt":{"rendered":"<p>Figura de 9 cm do emblem\u00e1tico touro espanhol, design artesanal, pintado \u00e0 m\u00e3o, com cores vibrantes num design de mosaico. Esta recorda\u00e7\u00e3o distinta captura a ess\u00eancia da cultura espanhola, representando a for\u00e7a e o car\u00e1cter do touro, s\u00edmbolo de in\u00fameras tradi\u00e7\u00f5es. Com um acabamento artesanal que inclui tons vermelhos, laranjas e pretos, \u00e9 uma pe\u00e7a decorativa ideal para quem procura uma recorda\u00e7\u00e3o aut\u00eantica de Espanha.<\/p>\n","protected":false},"featured_media":6150,"template":"","meta":{"_acf_changed":false},"product_brand":[],"product_cat":[552],"product_tag":[516],"class_list":{"0":"post-31704","1":"product","2":"type-product","3":"status-publish","4":"has-post-thumbnail","6":"product_cat-numeros","7":"product_tag-animais","8":"pa_motivo-touros","10":"first","11":"instock","12":"shipping-taxable","13":"product-type-simple"},"acf":[],"_links":{"self":[{"href":"https:\/\/olemosaic.orbitalia.org\/pt-pt\/wp-json\/wp\/v2\/product\/31704","targetHints":{"allow":["GET"]}}],"collection":[{"href":"https:\/\/olemosaic.orbitalia.org\/pt-pt\/wp-json\/wp\/v2\/product"}],"about":[{"href":"https:\/\/olemosaic.orbitalia.org\/pt-pt\/wp-json\/wp\/v2\/types\/product"}],"wp:featuredmedia":[{"embeddable":true,"href":"https:\/\/olemosaic.orbitalia.org\/pt-pt\/wp-json\/wp\/v2\/media\/6150"}],"wp:attachment":[{"href":"https:\/\/olemosaic.orbitalia.org\/pt-pt\/wp-json\/wp\/v2\/media?parent=31704"}],"wp:term":[{"taxonomy":"product_brand","embeddable":true,"href":"https:\/\/olemosaic.orbitalia.org\/pt-pt\/wp-json\/wp\/v2\/product_brand?post=31704"},{"taxonomy":"product_cat","embeddable":true,"href":"https:\/\/olemosaic.orbitalia.org\/pt-pt\/wp-json\/wp\/v2\/product_cat?post=31704"},{"taxonomy":"product_tag","embeddable":true,"href":"https:\/\/olemosaic.orbitalia.org\/pt-pt\/wp-json\/wp\/v2\/product_tag?post=31704"}],"curies":[{"name":"wp","href":"https:\/\/api.w.org\/{rel}","templated":true}]}}