{"id":31677,"date":"2025-02-20T23:31:46","date_gmt":"2025-02-20T22:31:46","guid":{"rendered":"https:\/\/olemosaic.orbitalia.org\/producto\/botella-inox-500-ml-panoramica-barcelona-4\/"},"modified":"2025-07-25T19:57:57","modified_gmt":"2025-07-25T17:57:57","slug":"garrafa-inox-500-ml-panoramica-barcelona-4","status":"publish","type":"product","link":"https:\/\/olemosaic.orbitalia.org\/pt-pt\/produto\/garrafa-inox-500-ml-panoramica-barcelona-4\/","title":{"rendered":"Garrafa inox. 500 ml. Panor\u00e2mica. Sagrada Fam\u00edlia. Gaud\u00ed. Barcelona."},"content":{"rendered":"<p>Esta elegante e colorida recorda\u00e7\u00e3o \u00e9 uma garrafa de a\u00e7o inoxid\u00e1vel de 500 ml que captura a ess\u00eancia de Barcelona e dos seus monumentos mais emblem\u00e1ticos. O seu design vibrante apresenta uma impressionante panor\u00e2mica com a majestosa Sagrada Fam\u00edlia e as ic\u00f3nicas casas que refletem o estilo \u00fanico de Gaud\u00ed. Pintados \u00e0 m\u00e3o com uma t\u00e9cnica brilhante, os elementos visuais prestam homenagem \u00e0 riqueza arquitet\u00f3nica da cidade, destacando a fus\u00e3o de tons quentes e frios que evocam a energia de Barcelona.<\/p>\n<p>A garrafa conta com um acabamento de alta qualidade e uma tampa de a\u00e7o, garantindo a durabilidade e a manuten\u00e7\u00e3o das suas bebidas frescas durante todo o dia. Al\u00e9m disso, inclui um porta-chaves vermelho, acrescentando um toque funcional que a torna um complemento pr\u00e1tico para qualquer aventura urbana ou rural. Esta recorda\u00e7\u00e3o \u00e9 ideal para quem deseja levar um peda\u00e7o de Barcelona consigo, e tamb\u00e9m uma lembran\u00e7a da vibrante cultura e do legado art\u00edstico que a cidade oferece a milh\u00f5es de visitantes.<\/p>\n<p>Na Ol\u00e9 Mosaic oferecemos esta garrafa de a\u00e7o inoxid\u00e1vel como parte da nossa cole\u00e7\u00e3o de recorda\u00e7\u00f5es aut\u00eanticas e representativas da cultura espanhola, perfeitas para lojas de presentes tur\u00edsticos que procuram produtos de qualidade e relev\u00e2ncia, assegurando que cada cliente que visite o seu local possa encontrar uma recorda\u00e7\u00e3o significativa da sua viagem a Barcelona.<\/p>\n","protected":false},"excerpt":{"rendered":"<p>Garrafa de a\u00e7o inoxid\u00e1vel de 500 ml com uma vibrante panor\u00e2mica de Barcelona. Este elegante design apresenta elementos ic\u00f3nicos como a Sagrada Fam\u00edlia e casas coloridas, inspirados no famoso mosaico de Gaud\u00ed, pintados \u00e0 m\u00e3o com uma t\u00e9cnica brilhante. Com um acabamento em tons quentes e frios, a garrafa inclui uma tampa de a\u00e7o e um porta-chaves vermelho; \u00e9 perfeita para manter as suas bebidas frescas e levar um peda\u00e7o de Barcelona consigo.<\/p>\n","protected":false},"featured_media":9781,"template":"","meta":{"_acf_changed":false},"product_brand":[],"product_cat":[786],"product_tag":[],"class_list":{"0":"post-31677","1":"product","2":"type-product","3":"status-publish","4":"has-post-thumbnail","6":"product_cat-garrafas-inox","7":"pa_ciudad-barcelona","8":"pa_motivo-panoramas","9":"pa_pais-espana","11":"first","12":"instock","13":"shipping-taxable","14":"product-type-simple"},"acf":[],"_links":{"self":[{"href":"https:\/\/olemosaic.orbitalia.org\/pt-pt\/wp-json\/wp\/v2\/product\/31677","targetHints":{"allow":["GET"]}}],"collection":[{"href":"https:\/\/olemosaic.orbitalia.org\/pt-pt\/wp-json\/wp\/v2\/product"}],"about":[{"href":"https:\/\/olemosaic.orbitalia.org\/pt-pt\/wp-json\/wp\/v2\/types\/product"}],"wp:featuredmedia":[{"embeddable":true,"href":"https:\/\/olemosaic.orbitalia.org\/pt-pt\/wp-json\/wp\/v2\/media\/9781"}],"wp:attachment":[{"href":"https:\/\/olemosaic.orbitalia.org\/pt-pt\/wp-json\/wp\/v2\/media?parent=31677"}],"wp:term":[{"taxonomy":"product_brand","embeddable":true,"href":"https:\/\/olemosaic.orbitalia.org\/pt-pt\/wp-json\/wp\/v2\/product_brand?post=31677"},{"taxonomy":"product_cat","embeddable":true,"href":"https:\/\/olemosaic.orbitalia.org\/pt-pt\/wp-json\/wp\/v2\/product_cat?post=31677"},{"taxonomy":"product_tag","embeddable":true,"href":"https:\/\/olemosaic.orbitalia.org\/pt-pt\/wp-json\/wp\/v2\/product_tag?post=31677"}],"curies":[{"name":"wp","href":"https:\/\/api.w.org\/{rel}","templated":true}]}}