{"id":31675,"date":"2025-02-20T22:31:46","date_gmt":"2025-02-20T22:31:46","guid":{"rendered":"https:\/\/olemosaic.orbitalia.org\/producto\/tapon-de-ceramica-salamandra-y-flores-barcelona-blanco\/"},"modified":"2025-07-25T18:38:35","modified_gmt":"2025-07-25T16:38:35","slug":"tampa-de-ceramica-salamandra-e-flores-barcelona-branco","status":"publish","type":"product","link":"https:\/\/olemosaic.orbitalia.org\/pt-pt\/produto\/tampa-de-ceramica-salamandra-e-flores-barcelona-branco\/","title":{"rendered":"Tampa de cer\u00e2mica. Salamandra e flores. Barcelona. Branco."},"content":{"rendered":"<p>Esta elegante tampa de cer\u00e2mica, decorada com uma colorida salamandra e flores, representa a ess\u00eancia art\u00edstica e vibrante de Barcelona. Com a sua base quadrada numa suave cor branca, a tampa incorpora um cativante design de mosaico que se destaca pelos seus tons vermelhos, amarelos e verdes, evocando as ic\u00f3nicas obras de Antoni Gaud\u00ed, um dos expoentes m\u00e1ximos do modernismo catal\u00e3o. A salamandra, s\u00edmbolo da cidade, foi desenhada com linhas fluidas e um acabamento brilhante que capta a aten\u00e7\u00e3o, enquanto as flores que a rodeiam acrescentam um toque fresco e natural, representando a biodiversidade da regi\u00e3o.<\/p>\n<p>A inscri\u00e7\u00e3o &#8220;Barcelona&#8221; est\u00e1 cuidadosamente localizada, conferindo um toque aut\u00eantico que a torna uma recorda\u00e7\u00e3o ideal para aqueles que desejam levar um pedacinho da cidade para casa. Esta tampa n\u00e3o \u00e9 apenas funcional, mas tamb\u00e9m um objeto decorativo \u00fanico que celebra a rica cultura catal\u00e3. Na Ol\u00e9 Mosaic, especializamo-nos na distribui\u00e7\u00e3o de recorda\u00e7\u00f5es por grosso, oferecendo produtos aut\u00eanticos que celebram a tradi\u00e7\u00e3o e a arte de cada regi\u00e3o. Esta tampa de cer\u00e2mica \u00e9 uma excelente op\u00e7\u00e3o para lojas de presentes tur\u00edsticos que procuram artigos representativos, permitindo aos seus clientes recordar a sua visita a Barcelona de uma forma aut\u00eantica e elegante.<\/p>\n","protected":false},"excerpt":{"rendered":"<p>Tampa de cer\u00e2mica decorada com uma colorida salamandra e flores, que representa a ess\u00eancia \u00fanica de Barcelona. Esta elegante tampa, de base quadrada em cor branca, apresenta um vibrante design de mosaico em tons vermelhos, amarelos e verdes, evocando a famosa obra de Gaud\u00ed. A inscri\u00e7\u00e3o &#8220;Barcelona&#8221; acrescenta um toque aut\u00eantico, tornando-a uma recorda\u00e7\u00e3o ideal para quem deseja levar um pedacinho da cidade para as suas casas.<\/p>\n","protected":false},"featured_media":8090,"template":"","meta":{"_acf_changed":false},"product_brand":[],"product_cat":[831],"product_tag":[516,515],"class_list":{"0":"post-31675","1":"product","2":"type-product","3":"status-publish","4":"has-post-thumbnail","6":"product_cat-rolhas","7":"product_tag-animais","8":"product_tag-ceramica","9":"pa_ciudad-barcelona","10":"pa_motivo-salamandras","11":"pa_pais-espana","13":"first","14":"instock","15":"shipping-taxable","16":"product-type-simple"},"acf":[],"_links":{"self":[{"href":"https:\/\/olemosaic.orbitalia.org\/pt-pt\/wp-json\/wp\/v2\/product\/31675","targetHints":{"allow":["GET"]}}],"collection":[{"href":"https:\/\/olemosaic.orbitalia.org\/pt-pt\/wp-json\/wp\/v2\/product"}],"about":[{"href":"https:\/\/olemosaic.orbitalia.org\/pt-pt\/wp-json\/wp\/v2\/types\/product"}],"wp:featuredmedia":[{"embeddable":true,"href":"https:\/\/olemosaic.orbitalia.org\/pt-pt\/wp-json\/wp\/v2\/media\/8090"}],"wp:attachment":[{"href":"https:\/\/olemosaic.orbitalia.org\/pt-pt\/wp-json\/wp\/v2\/media?parent=31675"}],"wp:term":[{"taxonomy":"product_brand","embeddable":true,"href":"https:\/\/olemosaic.orbitalia.org\/pt-pt\/wp-json\/wp\/v2\/product_brand?post=31675"},{"taxonomy":"product_cat","embeddable":true,"href":"https:\/\/olemosaic.orbitalia.org\/pt-pt\/wp-json\/wp\/v2\/product_cat?post=31675"},{"taxonomy":"product_tag","embeddable":true,"href":"https:\/\/olemosaic.orbitalia.org\/pt-pt\/wp-json\/wp\/v2\/product_tag?post=31675"}],"curies":[{"name":"wp","href":"https:\/\/api.w.org\/{rel}","templated":true}]}}