{"id":31643,"date":"2025-02-20T23:31:45","date_gmt":"2025-02-20T22:31:45","guid":{"rendered":"https:\/\/olemosaic.orbitalia.org\/producto\/elefante-figura-de-resina-de-135-cm-pintada-a-mano\/"},"modified":"2025-07-25T18:33:59","modified_gmt":"2025-07-25T16:33:59","slug":"elefante-figura-de-mosaico-de-13-5-cm","status":"publish","type":"product","link":"https:\/\/olemosaic.orbitalia.org\/pt-pt\/produto\/elefante-figura-de-mosaico-de-13-5-cm\/","title":{"rendered":"Elefante. Figura de mosaico de 13,5 cm."},"content":{"rendered":"<p>Este elegante elefante de resina, de 13,5 cm de altura, \u00e9 uma obra-prima com efeito pintado \u00e0 m\u00e3o que capta a ess\u00eancia da arte decorativa com o seu vibrante design de mosaico. Decorado com uma ampla gama de cores como azul, vermelho, amarelo e verde, cada tom combina-se para formar um padr\u00e3o atraente que real\u00e7a a habilidade artesanal com que foi criado. A express\u00e3o amig\u00e1vel do elefante, juntamente com a sua cuidada aten\u00e7\u00e3o ao detalhe, torna-o uma pe\u00e7a decorativa ideal para qualquer casa, al\u00e9m de uma excelente recorda\u00e7\u00e3o que encapsula a rica diversidade cultural de Espanha.<\/p>\n<p>O elefante, s\u00edmbolo de sabedoria e boa sorte em muitas culturas, apresenta-se aqui como uma recorda\u00e7\u00e3o emblem\u00e1tica que transcende a sua funcionalidade. Esta lembran\u00e7a n\u00e3o s\u00f3 embeleza os espa\u00e7os, como tamb\u00e9m transporta consigo o legado da arte popular, tornando-se uma op\u00e7\u00e3o perfeita para os turistas que procuram captar a ess\u00eancia da sua viagem num objeto \u00fanico. Na Ol\u00e9 Mosaic, orgulhamo-nos de oferecer recorda\u00e7\u00f5es aut\u00eanticas que refletem a riqueza cultural das nossas regi\u00f5es. Esta figura de elefante \u00e9 uma escolha excecional para lojas de presentes tur\u00edsticos que desejam proporcionar aos seus clientes recorda\u00e7\u00f5es significativas, aut\u00eanticas e cheias de cor.<\/p>\n","protected":false},"excerpt":{"rendered":"<p>Figura de elefante de 13,5 cm, design artesanal, pintado \u00e0 m\u00e3o, com cores vibrantes. Este elegante elefante est\u00e1 decorado com um design de mosaico que inclui tons azuis, vermelhos, amarelos e verdes, captando a ess\u00eancia da arte decorativa. Ideal como lembran\u00e7a e pe\u00e7a decorativa, esta figura destaca-se pelos seus cuidados detalhes e pela sua express\u00e3o amig\u00e1vel, tornando-se uma excelente recorda\u00e7\u00e3o da cultura e do design vibrante.<\/p>\n","protected":false},"featured_media":13806,"template":"","meta":{"_acf_changed":false},"product_brand":[],"product_cat":[552],"product_tag":[516],"class_list":{"0":"post-31643","1":"product","2":"type-product","3":"status-publish","4":"has-post-thumbnail","6":"product_cat-numeros","7":"product_tag-animais","8":"pa_motivo-elefantes","10":"first","11":"instock","12":"shipping-taxable","13":"product-type-simple"},"acf":[],"_links":{"self":[{"href":"https:\/\/olemosaic.orbitalia.org\/pt-pt\/wp-json\/wp\/v2\/product\/31643","targetHints":{"allow":["GET"]}}],"collection":[{"href":"https:\/\/olemosaic.orbitalia.org\/pt-pt\/wp-json\/wp\/v2\/product"}],"about":[{"href":"https:\/\/olemosaic.orbitalia.org\/pt-pt\/wp-json\/wp\/v2\/types\/product"}],"wp:featuredmedia":[{"embeddable":true,"href":"https:\/\/olemosaic.orbitalia.org\/pt-pt\/wp-json\/wp\/v2\/media\/13806"}],"wp:attachment":[{"href":"https:\/\/olemosaic.orbitalia.org\/pt-pt\/wp-json\/wp\/v2\/media?parent=31643"}],"wp:term":[{"taxonomy":"product_brand","embeddable":true,"href":"https:\/\/olemosaic.orbitalia.org\/pt-pt\/wp-json\/wp\/v2\/product_brand?post=31643"},{"taxonomy":"product_cat","embeddable":true,"href":"https:\/\/olemosaic.orbitalia.org\/pt-pt\/wp-json\/wp\/v2\/product_cat?post=31643"},{"taxonomy":"product_tag","embeddable":true,"href":"https:\/\/olemosaic.orbitalia.org\/pt-pt\/wp-json\/wp\/v2\/product_tag?post=31643"}],"curies":[{"name":"wp","href":"https:\/\/api.w.org\/{rel}","templated":true}]}}