{"id":31642,"date":"2025-02-20T22:31:45","date_gmt":"2025-02-20T22:31:45","guid":{"rendered":"https:\/\/olemosaic.orbitalia.org\/producto\/funda-de-telefono-para-samsung-a14-tpu-forjas-azul\/"},"modified":"2025-07-25T19:11:38","modified_gmt":"2025-07-25T17:11:38","slug":"capa-de-telemovel-para-samsung-a14-tpu-forjas-azul","status":"publish","type":"product","link":"https:\/\/olemosaic.orbitalia.org\/pt-pt\/produto\/capa-de-telemovel-para-samsung-a14-tpu-forjas-azul\/","title":{"rendered":"Capa de telem\u00f3vel para Samsung A14 (TPU). Forjas. Azul"},"content":{"rendered":"<p>Esta elegante capa para o Samsung A14, fabricada com material TPU, oferece resist\u00eancia e um acabamento atraente. O fundo azul intenso real\u00e7a um intrincado padr\u00e3o branco que evoca a beleza das forjas espanholas tradicionais, s\u00edmbolo da rica heran\u00e7a arquitet\u00f3nica do pa\u00eds. Este design ornamentado n\u00e3o s\u00f3 confere um toque art\u00edstico \u00e0 capa, como tamb\u00e9m presta homenagem aos detalhes que adornam as ruas de cidades como Sevilha ou Barcelona, onde a forja se manifesta em varandas e grades, refletindo a destreza dos artes\u00e3os locais.<\/p>\n<p>A funcionalidade desta capa vai al\u00e9m da est\u00e9tica: o seu design leve e flex\u00edvel proporciona uma prote\u00e7\u00e3o eficaz contra choques e riscos, garantindo que o dispositivo permane\u00e7a em \u00f3timas condi\u00e7\u00f5es. Este acess\u00f3rio, que funde arte e utilidade, \u00e9 uma excelente op\u00e7\u00e3o de presente para quem valoriza a cultura e a est\u00e9tica nos seus objetos pessoais. Na Ol\u00e9 Mosaic, como distribuidores de lembran\u00e7as por grosso, oferecemos produtos aut\u00eanticos que capturam a ess\u00eancia de Espanha. Esta capa \u00e9 uma lembran\u00e7a ideal para turistas e para lojas de presentes que procuram artigos com um significado cultural profundo, perfeitos para quem aprecia a tradi\u00e7\u00e3o e o design.<\/p>\n","protected":false},"excerpt":{"rendered":"<p>Capa para o Samsung A14 fabricada em TPU, com um design elegante que evoca as forjas tradicionais. O seu fundo azul intenso contrasta com um intrincado padr\u00e3o branco, que recorda os detalhes ornamentais da arquitetura espanhola. Este acess\u00f3rio n\u00e3o s\u00f3 protege o dispositivo, como tamb\u00e9m acrescenta um toque art\u00edstico e cultural, tornando-o um presente ideal para quem aprecia a arte e a tradi\u00e7\u00e3o.<\/p>\n","protected":false},"featured_media":12548,"template":"","meta":{"_acf_changed":false},"product_brand":[],"product_cat":[685],"product_tag":[],"class_list":{"0":"post-31642","1":"product","2":"type-product","3":"status-publish","4":"has-post-thumbnail","6":"product_cat-capas-para-telemoveis","7":"pa_motivo-forjas","9":"first","10":"instock","11":"shipping-taxable","12":"product-type-simple"},"acf":[],"_links":{"self":[{"href":"https:\/\/olemosaic.orbitalia.org\/pt-pt\/wp-json\/wp\/v2\/product\/31642","targetHints":{"allow":["GET"]}}],"collection":[{"href":"https:\/\/olemosaic.orbitalia.org\/pt-pt\/wp-json\/wp\/v2\/product"}],"about":[{"href":"https:\/\/olemosaic.orbitalia.org\/pt-pt\/wp-json\/wp\/v2\/types\/product"}],"wp:featuredmedia":[{"embeddable":true,"href":"https:\/\/olemosaic.orbitalia.org\/pt-pt\/wp-json\/wp\/v2\/media\/12548"}],"wp:attachment":[{"href":"https:\/\/olemosaic.orbitalia.org\/pt-pt\/wp-json\/wp\/v2\/media?parent=31642"}],"wp:term":[{"taxonomy":"product_brand","embeddable":true,"href":"https:\/\/olemosaic.orbitalia.org\/pt-pt\/wp-json\/wp\/v2\/product_brand?post=31642"},{"taxonomy":"product_cat","embeddable":true,"href":"https:\/\/olemosaic.orbitalia.org\/pt-pt\/wp-json\/wp\/v2\/product_cat?post=31642"},{"taxonomy":"product_tag","embeddable":true,"href":"https:\/\/olemosaic.orbitalia.org\/pt-pt\/wp-json\/wp\/v2\/product_tag?post=31642"}],"curies":[{"name":"wp","href":"https:\/\/api.w.org\/{rel}","templated":true}]}}