{"id":31641,"date":"2025-02-20T22:31:44","date_gmt":"2025-02-20T22:31:44","guid":{"rendered":"https:\/\/olemosaic.orbitalia.org\/producto\/funda-de-telefono-para-iphone-14-promax-tpu-forjas-azul\/"},"modified":"2025-07-26T00:00:58","modified_gmt":"2025-07-25T22:00:58","slug":"capa-de-telemovel-para-iphone-14-pro-max-tpu-forjas-azul","status":"publish","type":"product","link":"https:\/\/olemosaic.orbitalia.org\/pt-pt\/produto\/capa-de-telemovel-para-iphone-14-pro-max-tpu-forjas-azul\/","title":{"rendered":"Capa de telem\u00f3vel para iPhone 14 Pro Max (TPU). Forjas. Azul"},"content":{"rendered":"<p>Este elegante design de capa para iPhone 14 Pro Max \u00e9 uma combina\u00e7\u00e3o perfeita de prote\u00e7\u00e3o e estilo, tornando-se um item indispens\u00e1vel para os amantes do artesanato espanhol. Fabricada em TPU de alta qualidade, esta capa n\u00e3o s\u00f3 protege o seu dispositivo de quedas e riscos, como tamb\u00e9m real\u00e7a a sua personalidade com a sua vibrante cor azul adornada com intrincados motivos de forja em branco. Os padr\u00f5es fluidos e elaborados que percorrem toda a superf\u00edcie da capa evocam a rica tradi\u00e7\u00e3o do trabalho em metal, emblem\u00e1tica de muitas regi\u00f5es de Espanha, conferindo um toque cl\u00e1ssico e sofisticado \u00e0 sua tecnologia moderna.<\/p>\n<p>Cada curva e detalhe desta capa foi cuidadosamente desenhado para oferecer um equil\u00edbrio entre funcionalidade e est\u00e9tica, garantindo que o seu iPhone n\u00e3o s\u00f3 esteja seguro, mas tamb\u00e9m tenha um aspeto espetacular. Esta lembran\u00e7a de Espanha \u00e9 um presente memor\u00e1vel para aqueles que procuram levar consigo um fragmento do patrim\u00f3nio cultural. Na Ol\u00e9 Mosaic, especializamo-nos na distribui\u00e7\u00e3o de artigos aut\u00eanticos por grosso, e esta capa \u00e9 uma op\u00e7\u00e3o ideal para lojas de presentes tur\u00edsticos que desejem oferecer produtos de qualidade com um toque cultural. Com a sua autenticidade e a sua refer\u00eancia \u00e0 beleza do artesanato espanhol, esta capa de smartphone \u00e9 um acess\u00f3rio indispens\u00e1vel para qualquer turista ou residente que deseje destacar o seu apre\u00e7o pelo estilo e pela heran\u00e7a cultural.<\/p>\n","protected":false},"excerpt":{"rendered":"<p>Capa para iPhone 14 Pro Max fabricada em TPU, com um elegante design azul e motivos de forja brancos. Esta capa n\u00e3o s\u00f3 protege o seu dispositivo, como tamb\u00e9m lhe d\u00e1 um toque distintivo gra\u00e7as \u00e0 sua delicada ornamenta\u00e7\u00e3o, que evoca a beleza do artesanato espanhol. Os padr\u00f5es fluidos e elaborados destacam-se, oferecendo um aspeto cl\u00e1ssico e sofisticado que complementa qualquer estilo.<\/p>\n","protected":false},"featured_media":12416,"template":"","meta":{"_acf_changed":false},"product_brand":[],"product_cat":[685],"product_tag":[],"class_list":{"0":"post-31641","1":"product","2":"type-product","3":"status-publish","4":"has-post-thumbnail","6":"product_cat-capas-para-telemoveis","7":"pa_motivo-forjas","9":"first","10":"instock","11":"shipping-taxable","12":"product-type-simple"},"acf":[],"_links":{"self":[{"href":"https:\/\/olemosaic.orbitalia.org\/pt-pt\/wp-json\/wp\/v2\/product\/31641","targetHints":{"allow":["GET"]}}],"collection":[{"href":"https:\/\/olemosaic.orbitalia.org\/pt-pt\/wp-json\/wp\/v2\/product"}],"about":[{"href":"https:\/\/olemosaic.orbitalia.org\/pt-pt\/wp-json\/wp\/v2\/types\/product"}],"wp:featuredmedia":[{"embeddable":true,"href":"https:\/\/olemosaic.orbitalia.org\/pt-pt\/wp-json\/wp\/v2\/media\/12416"}],"wp:attachment":[{"href":"https:\/\/olemosaic.orbitalia.org\/pt-pt\/wp-json\/wp\/v2\/media?parent=31641"}],"wp:term":[{"taxonomy":"product_brand","embeddable":true,"href":"https:\/\/olemosaic.orbitalia.org\/pt-pt\/wp-json\/wp\/v2\/product_brand?post=31641"},{"taxonomy":"product_cat","embeddable":true,"href":"https:\/\/olemosaic.orbitalia.org\/pt-pt\/wp-json\/wp\/v2\/product_cat?post=31641"},{"taxonomy":"product_tag","embeddable":true,"href":"https:\/\/olemosaic.orbitalia.org\/pt-pt\/wp-json\/wp\/v2\/product_tag?post=31641"}],"curies":[{"name":"wp","href":"https:\/\/api.w.org\/{rel}","templated":true}]}}