{"id":31640,"date":"2025-02-20T22:31:44","date_gmt":"2025-02-20T22:31:44","guid":{"rendered":"https:\/\/olemosaic.orbitalia.org\/producto\/funda-de-telefono-para-iphone-11-promax-tpu-forjas-azul\/"},"modified":"2025-07-25T19:04:05","modified_gmt":"2025-07-25T17:04:05","slug":"capa-de-telemovel-para-iphone-11-pro-max-tpu-forjas-azul","status":"publish","type":"product","link":"https:\/\/olemosaic.orbitalia.org\/pt-pt\/produto\/capa-de-telemovel-para-iphone-11-pro-max-tpu-forjas-azul\/","title":{"rendered":"Capa de telem\u00f3vel para iPhone 11 Pro Max (TPU). Forjas. Azul"},"content":{"rendered":"<p>Este elegante design de capa para iPhone 11 Pro Max, fabricado em TPU resistente, apresenta uma ornamenta\u00e7\u00e3o inspirada nas tradicionais forjas europeias. Com o seu intenso fundo azul, a capa destaca-se pelos seus complexos e elaborados motivos em branco, que projetam um ar cl\u00e1ssico e sofisticado, tornando-a um acess\u00f3rio est\u00e9tico que vai al\u00e9m da funcionalidade. Cada curva e espiral do seu design reflete a destreza art\u00edstica dos ferreiros, celebrando a rica heran\u00e7a cultural que estes artes\u00e3os transmitiram ao longo de gera\u00e7\u00f5es.<\/p>\n<p>A capa n\u00e3o s\u00f3 oferece a m\u00e1xima prote\u00e7\u00e3o ao seu dispositivo, como tamb\u00e9m acrescenta um toque distintivo ao seu estilo di\u00e1rio. Ideal para turistas que procuram uma recorda\u00e7\u00e3o aut\u00eantica que capte a ess\u00eancia da arte local, este produto combina a modernidade com um design que evoca a eleg\u00e2ncia de \u00e9pocas passadas. Na Ol\u00e9 Mosaic, especializamo-nos na distribui\u00e7\u00e3o de lembran\u00e7as de alta qualidade, e esta capa \u00e9 perfeita para lojas de presentes tur\u00edsticos que desejem oferecer produtos \u00fanicos e representativos. Como grossistas de acess\u00f3rios, garantimos que cada capa seja uma recorda\u00e7\u00e3o aut\u00eantica e funcional, perfeita para quem procura levar um peda\u00e7o da cultura europeia consigo.<\/p>\n","protected":false},"excerpt":{"rendered":"<p>Capa para iPhone 11 Pro Max fabricada em TPU, com um design inspirado nas forjas tradicionais. O seu elegante fundo azul real\u00e7a elaborados motivos em branco que evocam a ornamenta\u00e7\u00e3o das forjas europeias, conferindo um ar cl\u00e1ssico e sofisticado. Esta capa n\u00e3o s\u00f3 protege o seu dispositivo, como tamb\u00e9m acrescenta um toque art\u00edstico ao seu estilo di\u00e1rio, combinando funcionalidade com um design atraente e distintivo.<\/p>\n","protected":false},"featured_media":12208,"template":"","meta":{"_acf_changed":false},"product_brand":[],"product_cat":[685],"product_tag":[],"class_list":{"0":"post-31640","1":"product","2":"type-product","3":"status-publish","4":"has-post-thumbnail","6":"product_cat-capas-para-telemoveis","7":"pa_motivo-forjas","9":"first","10":"instock","11":"shipping-taxable","12":"product-type-simple"},"acf":[],"_links":{"self":[{"href":"https:\/\/olemosaic.orbitalia.org\/pt-pt\/wp-json\/wp\/v2\/product\/31640","targetHints":{"allow":["GET"]}}],"collection":[{"href":"https:\/\/olemosaic.orbitalia.org\/pt-pt\/wp-json\/wp\/v2\/product"}],"about":[{"href":"https:\/\/olemosaic.orbitalia.org\/pt-pt\/wp-json\/wp\/v2\/types\/product"}],"wp:featuredmedia":[{"embeddable":true,"href":"https:\/\/olemosaic.orbitalia.org\/pt-pt\/wp-json\/wp\/v2\/media\/12208"}],"wp:attachment":[{"href":"https:\/\/olemosaic.orbitalia.org\/pt-pt\/wp-json\/wp\/v2\/media?parent=31640"}],"wp:term":[{"taxonomy":"product_brand","embeddable":true,"href":"https:\/\/olemosaic.orbitalia.org\/pt-pt\/wp-json\/wp\/v2\/product_brand?post=31640"},{"taxonomy":"product_cat","embeddable":true,"href":"https:\/\/olemosaic.orbitalia.org\/pt-pt\/wp-json\/wp\/v2\/product_cat?post=31640"},{"taxonomy":"product_tag","embeddable":true,"href":"https:\/\/olemosaic.orbitalia.org\/pt-pt\/wp-json\/wp\/v2\/product_tag?post=31640"}],"curies":[{"name":"wp","href":"https:\/\/api.w.org\/{rel}","templated":true}]}}