{"id":31639,"date":"2025-02-20T23:31:44","date_gmt":"2025-02-20T22:31:44","guid":{"rendered":"https:\/\/olemosaic.orbitalia.org\/producto\/botella-inox-500-ml-mariposa\/"},"modified":"2025-07-25T18:44:10","modified_gmt":"2025-07-25T16:44:10","slug":"garrafa-inox-500-ml-borboleta","status":"publish","type":"product","link":"https:\/\/olemosaic.orbitalia.org\/pt-pt\/produto\/garrafa-inox-500-ml-borboleta\/","title":{"rendered":"Garrafa inox. 500 ml. Borboleta."},"content":{"rendered":"<p>Este elegante termo de a\u00e7o inoxid\u00e1vel de 500 ml, adornado com um vibrante conjunto de borboletas sobre um fundo branco, \u00e9 a recorda\u00e7\u00e3o perfeita que capta a ess\u00eancia da natureza em cada gole. A arte espanhola reflete-se nas borboletas estilizadas, real\u00e7adas em tons de vermelho, azul e amarelo, criando um efeito de mosaico que evoca as coloridas tradi\u00e7\u00f5es das grandes cidades do pa\u00eds. Com a sua tampa de a\u00e7o e fecho herm\u00e9tico, este termo n\u00e3o s\u00f3 garante a frescura das suas bebidas favoritas, como tamb\u00e9m acrescenta um toque art\u00edstico ao seu dia a dia.<\/p>\n<p>O design detalhado das borboletas, com as suas asas abertas e padr\u00f5es intrincados, simboliza a transforma\u00e7\u00e3o e a beleza ef\u00e9mera da natureza, elementos muito valorizados na cultura mediterr\u00e2nica. Este termo \u00e9 muito mais do que um simples acess\u00f3rio; \u00e9 uma pe\u00e7a que conta uma hist\u00f3ria e \u00e9 perfeito para quem procura levar consigo um peda\u00e7o da rica heran\u00e7a espanhola.<\/p>\n<p>Na Ol\u00e9 Mosaic, somos especialistas na distribui\u00e7\u00e3o de lembran\u00e7as por grosso, e este termo de a\u00e7o inoxid\u00e1vel \u00e9 uma op\u00e7\u00e3o excecional para lojas de presentes tur\u00edsticos que desejam oferecer produtos que combinem funcionalidade com uma forte liga\u00e7\u00e3o cultural. Com as suas caracter\u00edsticas \u00fanicas, est\u00e1 destinado a tornar-se um favorito entre os turistas que procuram recorda\u00e7\u00f5es aut\u00eanticas e significativas da sua experi\u00eancia em Espanha.<\/p>\n","protected":false},"excerpt":{"rendered":"<p>Garrafa de a\u00e7o inoxid\u00e1vel de 500 ml, decorada com um design vibrante de borboletas sobre um fundo branco. Esta elegante garrafa, com tampa de a\u00e7o e fecho herm\u00e9tico, apresenta borboletas vermelhas, azuis e amarelas, criadas com um estilo de mosaico que evoca a arte espanhola. Ideal para levar as suas bebidas favoritas, combina funcionalidade e um toque art\u00edstico que real\u00e7a a beleza da natureza. Perfeita para o dia a dia ou como recorda\u00e7\u00e3o.<\/p>\n","protected":false},"featured_media":9789,"template":"","meta":{"_acf_changed":false},"product_brand":[],"product_cat":[786],"product_tag":[516],"class_list":{"0":"post-31639","1":"product","2":"type-product","3":"status-publish","4":"has-post-thumbnail","6":"product_cat-garrafas-inox","7":"product_tag-animais","8":"pa_motivo-borboletas","10":"first","11":"instock","12":"shipping-taxable","13":"product-type-simple"},"acf":[],"_links":{"self":[{"href":"https:\/\/olemosaic.orbitalia.org\/pt-pt\/wp-json\/wp\/v2\/product\/31639","targetHints":{"allow":["GET"]}}],"collection":[{"href":"https:\/\/olemosaic.orbitalia.org\/pt-pt\/wp-json\/wp\/v2\/product"}],"about":[{"href":"https:\/\/olemosaic.orbitalia.org\/pt-pt\/wp-json\/wp\/v2\/types\/product"}],"wp:featuredmedia":[{"embeddable":true,"href":"https:\/\/olemosaic.orbitalia.org\/pt-pt\/wp-json\/wp\/v2\/media\/9789"}],"wp:attachment":[{"href":"https:\/\/olemosaic.orbitalia.org\/pt-pt\/wp-json\/wp\/v2\/media?parent=31639"}],"wp:term":[{"taxonomy":"product_brand","embeddable":true,"href":"https:\/\/olemosaic.orbitalia.org\/pt-pt\/wp-json\/wp\/v2\/product_brand?post=31639"},{"taxonomy":"product_cat","embeddable":true,"href":"https:\/\/olemosaic.orbitalia.org\/pt-pt\/wp-json\/wp\/v2\/product_cat?post=31639"},{"taxonomy":"product_tag","embeddable":true,"href":"https:\/\/olemosaic.orbitalia.org\/pt-pt\/wp-json\/wp\/v2\/product_tag?post=31639"}],"curies":[{"name":"wp","href":"https:\/\/api.w.org\/{rel}","templated":true}]}}