{"id":31612,"date":"2025-02-20T23:31:44","date_gmt":"2025-02-20T22:31:44","guid":{"rendered":"https:\/\/olemosaic.orbitalia.org\/producto\/botella-inox-500-ml-toro\/"},"modified":"2025-07-25T19:06:00","modified_gmt":"2025-07-25T17:06:00","slug":"garrafa-inox-500-ml-touro","status":"publish","type":"product","link":"https:\/\/olemosaic.orbitalia.org\/pt-pt\/produto\/garrafa-inox-500-ml-touro\/","title":{"rendered":"Garrafa inox. 500 ml. Touro."},"content":{"rendered":"<p>Esta elegante garrafa de a\u00e7o inoxid\u00e1vel de 500 ml, decorada com um design vibrante de um touro, \u00e9 um aut\u00eantico souvenir espanhol que captura a ess\u00eancia da cultura taurom\u00e1quica. A sua imagem imponente, real\u00e7ada por um colorido mosaico em tons de vermelho, verde e azul, reflete a tradi\u00e7\u00e3o e a paix\u00e3o da tauromaquia, t\u00e3o enraizada na hist\u00f3ria e no folclore de Espanha. O acabamento brilhante do material n\u00e3o s\u00f3 lhe confere um aspeto moderno e atraente, como tamb\u00e9m garante a sua durabilidade, tornando esta garrafa a companheira ideal para manter as suas bebidas frias ou quentes durante horas.<\/p>\n<p>O touro, s\u00edmbolo de for\u00e7a e valentia, \u00e9 um motivo central na cultura espanhola, e este design encapsula o seu esp\u00edrito vibrante e en\u00e9rgico. Al\u00e9m disso, a garrafa inclui um pr\u00e1tico porta-chaves, o que a torna um artigo funcional e f\u00e1cil de transportar. Na Ol\u00e9 Mosaic, especializamo-nos na distribui\u00e7\u00e3o de souvenirs por grosso, oferecendo produtos aut\u00eanticos que representam a rica heran\u00e7a cultural de Espanha. Esta garrafa de a\u00e7o inoxid\u00e1vel \u00e9 uma excelente op\u00e7\u00e3o para lojas de presentes tur\u00edsticos que procuram oferecer produtos \u00fanicos e significativos. Com este souvenir, os turistas podem levar um pedacinho de Espanha que combina arte, tradi\u00e7\u00e3o e funcionalidade, perfeito para recordar a sua experi\u00eancia em terras ib\u00e9ricas.<\/p>\n","protected":false},"excerpt":{"rendered":"<p>Garrafa de a\u00e7o inoxid\u00e1vel de 500 ml, decorada com um design vibrante de um touro. Apresenta um colorido mosaico em tons de vermelho, verde e azul, inspirado na tradi\u00e7\u00e3o espanhola. Com um acabamento brilhante e uma tampa de a\u00e7o, \u00e9 ideal para manter as suas bebidas frias ou quentes. O seu design atraente evoca a cultura taurom\u00e1quica, tornando-a um souvenir perfeito para quem deseja levar um toque de Espanha consigo. Al\u00e9m disso, inclui um pr\u00e1tico porta-chaves.<\/p>\n","protected":false},"featured_media":9670,"template":"","meta":{"_acf_changed":false},"product_brand":[],"product_cat":[786],"product_tag":[516],"class_list":{"0":"post-31612","1":"product","2":"type-product","3":"status-publish","4":"has-post-thumbnail","6":"product_cat-garrafas-inox","7":"product_tag-animais","8":"pa_motivo-touros","10":"first","11":"instock","12":"shipping-taxable","13":"product-type-simple"},"acf":[],"_links":{"self":[{"href":"https:\/\/olemosaic.orbitalia.org\/pt-pt\/wp-json\/wp\/v2\/product\/31612","targetHints":{"allow":["GET"]}}],"collection":[{"href":"https:\/\/olemosaic.orbitalia.org\/pt-pt\/wp-json\/wp\/v2\/product"}],"about":[{"href":"https:\/\/olemosaic.orbitalia.org\/pt-pt\/wp-json\/wp\/v2\/types\/product"}],"wp:featuredmedia":[{"embeddable":true,"href":"https:\/\/olemosaic.orbitalia.org\/pt-pt\/wp-json\/wp\/v2\/media\/9670"}],"wp:attachment":[{"href":"https:\/\/olemosaic.orbitalia.org\/pt-pt\/wp-json\/wp\/v2\/media?parent=31612"}],"wp:term":[{"taxonomy":"product_brand","embeddable":true,"href":"https:\/\/olemosaic.orbitalia.org\/pt-pt\/wp-json\/wp\/v2\/product_brand?post=31612"},{"taxonomy":"product_cat","embeddable":true,"href":"https:\/\/olemosaic.orbitalia.org\/pt-pt\/wp-json\/wp\/v2\/product_cat?post=31612"},{"taxonomy":"product_tag","embeddable":true,"href":"https:\/\/olemosaic.orbitalia.org\/pt-pt\/wp-json\/wp\/v2\/product_tag?post=31612"}],"curies":[{"name":"wp","href":"https:\/\/api.w.org\/{rel}","templated":true}]}}