{"id":31609,"date":"2025-02-20T23:31:43","date_gmt":"2025-02-20T22:31:43","guid":{"rendered":"https:\/\/olemosaic.orbitalia.org\/producto\/bol-de-coco-marron-flor-2\/"},"modified":"2025-07-25T18:53:05","modified_gmt":"2025-07-25T16:53:05","slug":"taca-de-coco-castanha-flor-2","status":"publish","type":"product","link":"https:\/\/olemosaic.orbitalia.org\/pt-pt\/produto\/taca-de-coco-castanha-flor-2\/","title":{"rendered":"Ta\u00e7a de coco castanha. Flor. Tom dourado."},"content":{"rendered":"<p>Esta elegante ta\u00e7a de coco castanha, decorada com um delicado design floral em tons dourados, \u00e9 a recorda\u00e7\u00e3o ideal que encapsula a ess\u00eancia natural e artesanal da cultura mediterr\u00e2nica. Fabricada a partir de cascas de coco, esta ta\u00e7a apresenta um acabamento org\u00e2nico que real\u00e7a a sua forma \u00fanica e suave, criando um contraste atraente com o intrincado padr\u00e3o floral que adorna a sua superf\u00edcie. A t\u00e9cnica de entalhe preciso aplicada \u00e0 casca permite que a luz se filtre atrav\u00e9s da sua estrutura, projetando um belo jogo de sombras e brilhos dourados no ambiente, que transforma qualquer espa\u00e7o num canto acolhedor e quente.<\/p>\n<p>Esta ta\u00e7a n\u00e3o \u00e9 apenas uma pe\u00e7a decorativa, mas tamb\u00e9m oferece m\u00faltiplos usos no lar, desde apresentar aperitivos at\u00e9 servir como um elegante centro de mesa. A liga\u00e7\u00e3o cultural deste artigo reside na sua elabora\u00e7\u00e3o artesanal, que reivindica o uso de materiais locais e t\u00e9cnicas tradicionais, refletindo a rica heran\u00e7a da regi\u00e3o mediterr\u00e2nica.<\/p>\n<p>Na Ol\u00e9 Mosaic, especializamo-nos na distribui\u00e7\u00e3o de recorda\u00e7\u00f5es por grosso, oferecendo esta ta\u00e7a de coco como uma op\u00e7\u00e3o excecional para lojas de presentes tur\u00edsticos que procuram artigos aut\u00eanticos e representativos. Esta ta\u00e7a de coco castanha \u00e9 uma recorda\u00e7\u00e3o perfeita para os turistas que desejam levar um peda\u00e7o da tradi\u00e7\u00e3o artesanal e est\u00e9tica mediterr\u00e2nica para as suas casas.<\/p>\n","protected":false},"excerpt":{"rendered":"<p>Ta\u00e7a de coco castanha decorada com um delicado design floral em tons dourados. Esta elegante ta\u00e7a, feita a partir de cascas de coco, apresenta um acabamento que real\u00e7a a sua forma org\u00e2nica, criando um contraste atraente com o padr\u00e3o floral. A t\u00e9cnica empregada \u00e9 o entalhe preciso, que permite que a luz se filtre atrav\u00e9s da sua estrutura, oferecendo um toque quente e natural a qualquer ambiente. Ideal como elemento decorativo ou para m\u00faltiplos usos no lar.<\/p>\n","protected":false},"featured_media":10083,"template":"","meta":{"_acf_changed":false},"product_brand":[],"product_cat":[513],"product_tag":[],"class_list":{"0":"post-31609","1":"product","2":"type-product","3":"status-publish","4":"has-post-thumbnail","6":"product_cat-bols","7":"pa_motivo-flores","9":"first","10":"instock","11":"shipping-taxable","12":"product-type-simple"},"acf":[],"_links":{"self":[{"href":"https:\/\/olemosaic.orbitalia.org\/pt-pt\/wp-json\/wp\/v2\/product\/31609","targetHints":{"allow":["GET"]}}],"collection":[{"href":"https:\/\/olemosaic.orbitalia.org\/pt-pt\/wp-json\/wp\/v2\/product"}],"about":[{"href":"https:\/\/olemosaic.orbitalia.org\/pt-pt\/wp-json\/wp\/v2\/types\/product"}],"wp:featuredmedia":[{"embeddable":true,"href":"https:\/\/olemosaic.orbitalia.org\/pt-pt\/wp-json\/wp\/v2\/media\/10083"}],"wp:attachment":[{"href":"https:\/\/olemosaic.orbitalia.org\/pt-pt\/wp-json\/wp\/v2\/media?parent=31609"}],"wp:term":[{"taxonomy":"product_brand","embeddable":true,"href":"https:\/\/olemosaic.orbitalia.org\/pt-pt\/wp-json\/wp\/v2\/product_brand?post=31609"},{"taxonomy":"product_cat","embeddable":true,"href":"https:\/\/olemosaic.orbitalia.org\/pt-pt\/wp-json\/wp\/v2\/product_cat?post=31609"},{"taxonomy":"product_tag","embeddable":true,"href":"https:\/\/olemosaic.orbitalia.org\/pt-pt\/wp-json\/wp\/v2\/product_tag?post=31609"}],"curies":[{"name":"wp","href":"https:\/\/api.w.org\/{rel}","templated":true}]}}