{"id":31592,"date":"2025-02-20T23:31:42","date_gmt":"2025-02-20T22:31:42","guid":{"rendered":"https:\/\/olemosaic.orbitalia.org\/producto\/dragon-figura-de-resina-de-15-cm-pintada-a-mano\/"},"modified":"2025-07-25T20:15:23","modified_gmt":"2025-07-25T18:15:23","slug":"dragao-figura-de-resina-de-15-cm-pintada-a-mao","status":"publish","type":"product","link":"https:\/\/olemosaic.orbitalia.org\/pt-pt\/produto\/dragao-figura-de-resina-de-15-cm-pintada-a-mao\/","title":{"rendered":"Drag\u00e3o. Figura de mosaico de 15 cm."},"content":{"rendered":"<p>Este drag\u00e3o de resina, pintado \u00e0 m\u00e3o e de 15 cm, \u00e9 uma recorda\u00e7\u00e3o magn\u00edfica que capta a riqueza da arte popular. O seu design vibrante e colorido destaca-se por um mosaico de tons azuis, laranjas, verdes e castanhos, que real\u00e7am as suas formas estilizadas e lhe d\u00e3o um toque art\u00edstico distintivo. Cada detalhe desta figura foi trabalhado com meticulosidade, refletindo a dedica\u00e7\u00e3o e a destreza dos artes\u00e3os que lhe deram vida. A representa\u00e7\u00e3o de um drag\u00e3o, s\u00edmbolo de for\u00e7a e prote\u00e7\u00e3o em diversas culturas, acrescenta um valor significativo, tornando este objeto uma brilhante recorda\u00e7\u00e3o da heran\u00e7a cultural que se encontra em Espanha e Portugal.<\/p>\n<p>O drag\u00e3o, com as suas escamas multicoloridas e a sua express\u00e3o cativante, \u00e9 ideal tanto para colecionadores como para quem procura adicionar um toque de singularidade \u00e0 sua decora\u00e7\u00e3o. Este souvenir \u00e9 um excelente presente para turistas que desejam levar para casa um peda\u00e7o aut\u00eantico de cultura e arte local. Na Ol\u00e9 Mosaic, fornecemos lojas de presentes tur\u00edsticos com artigos representativos que transmitem a ess\u00eancia da nossa tradi\u00e7\u00e3o. Este drag\u00e3o \u00e9 uma op\u00e7\u00e3o perfeita para aqueles que procuram souvenirs de qualidade e relev\u00e2ncia cultural. Como grossistas de souvenirs, garantimos autenticidade e design em cada produto, assegurando que cada recorda\u00e7\u00e3o conte uma hist\u00f3ria.<\/p>\n","protected":false},"excerpt":{"rendered":"<p>Figura de drag\u00e3o com design artesanal, pintado \u00e0 m\u00e3o, de 15 cm de altura. Este souvenir atraente apresenta um design vibrante e colorido, com um mosaico de tons azuis, laranjas, verdes e castanhos que real\u00e7am as suas formas estilizadas. Cada detalhe est\u00e1 meticulosamente trabalhado, capturando a ess\u00eancia da arte popular. Ideal para adicionar um toque distintivo e cultural a qualquer cole\u00e7\u00e3o ou decora\u00e7\u00e3o.<\/p>\n","protected":false},"featured_media":6266,"template":"","meta":{"_acf_changed":false},"product_brand":[],"product_cat":[552],"product_tag":[],"class_list":{"0":"post-31592","1":"product","2":"type-product","3":"status-publish","4":"has-post-thumbnail","6":"product_cat-numeros","7":"pa_motivo-dragao","9":"first","10":"instock","11":"shipping-taxable","12":"product-type-simple"},"acf":[],"_links":{"self":[{"href":"https:\/\/olemosaic.orbitalia.org\/pt-pt\/wp-json\/wp\/v2\/product\/31592","targetHints":{"allow":["GET"]}}],"collection":[{"href":"https:\/\/olemosaic.orbitalia.org\/pt-pt\/wp-json\/wp\/v2\/product"}],"about":[{"href":"https:\/\/olemosaic.orbitalia.org\/pt-pt\/wp-json\/wp\/v2\/types\/product"}],"wp:featuredmedia":[{"embeddable":true,"href":"https:\/\/olemosaic.orbitalia.org\/pt-pt\/wp-json\/wp\/v2\/media\/6266"}],"wp:attachment":[{"href":"https:\/\/olemosaic.orbitalia.org\/pt-pt\/wp-json\/wp\/v2\/media?parent=31592"}],"wp:term":[{"taxonomy":"product_brand","embeddable":true,"href":"https:\/\/olemosaic.orbitalia.org\/pt-pt\/wp-json\/wp\/v2\/product_brand?post=31592"},{"taxonomy":"product_cat","embeddable":true,"href":"https:\/\/olemosaic.orbitalia.org\/pt-pt\/wp-json\/wp\/v2\/product_cat?post=31592"},{"taxonomy":"product_tag","embeddable":true,"href":"https:\/\/olemosaic.orbitalia.org\/pt-pt\/wp-json\/wp\/v2\/product_tag?post=31592"}],"curies":[{"name":"wp","href":"https:\/\/api.w.org\/{rel}","templated":true}]}}