{"id":31591,"date":"2025-02-20T23:31:42","date_gmt":"2025-02-20T22:31:42","guid":{"rendered":"https:\/\/olemosaic.orbitalia.org\/producto\/dragon-figura-de-resina-de-105-cm-pintada-a-mano\/"},"modified":"2025-07-25T18:47:47","modified_gmt":"2025-07-25T16:47:47","slug":"dragao-figura-de-resina-de-10-5-cm-pintada-a-mao","status":"publish","type":"product","link":"https:\/\/olemosaic.orbitalia.org\/pt-pt\/produto\/dragao-figura-de-resina-de-10-5-cm-pintada-a-mao\/","title":{"rendered":"Drag\u00e3o. Figura de mosaico de 10,5 cm."},"content":{"rendered":"<p>Este drag\u00e3o de resina \u00e9 um souvenir fascinante que capta a ess\u00eancia do folclore espanhol. Com 10,5 cm de altura, esta pe\u00e7a decorativa destaca-se pelo seu design vibrante e pela sua pintura manual requintada, que lhe confere um car\u00e1cter \u00fanico e original. O acabamento em mosaico, com detalhes intrincados em azul, laranja, verde e castanho, reflete a rica tradi\u00e7\u00e3o art\u00edstica de Espanha, evocando a beleza dos famosos mosaicos da regi\u00e3o. Cada cor foi aplicada cuidadosamente, criando um efeito visual que n\u00e3o s\u00f3 embeleza o objeto, como tamb\u00e9m narra hist\u00f3rias ancestrais da mitologia e da cultura peninsular.<\/p>\n<p>Este drag\u00e3o n\u00e3o \u00e9 apenas um objeto decorativo, mas um aut\u00eantico s\u00edmbolo cultural que representa o engenho artesanal e a criatividade dos artes\u00e3os locais. O seu estilo vibrante torna-o uma pe\u00e7a ideal para quem procura levar para casa um pouco da rica heran\u00e7a cultural espanhola, sendo um presente perfeito ou uma recorda\u00e7\u00e3o significativa da sua visita. Na Ol\u00e9 Mosaic, como grossista de souvenirs, oferecemos produtos representativos, e este drag\u00e3o de resina \u00e9 uma excelente op\u00e7\u00e3o para as lojas que desejem atrair turistas em busca de recorda\u00e7\u00f5es aut\u00eanticas e art\u00edsticas.<\/p>\n","protected":false},"excerpt":{"rendered":"<p>Figura de um drag\u00e3o de 10,5 cm, design artesanal, pintado \u00e0 m\u00e3o, com um design vibrante e colorido. Esta pe\u00e7a decorativa apresenta um acabamento em mosaico com detalhes em azul, laranja, verde e castanho, que evocam o folclore e a tradi\u00e7\u00e3o espanh\u00f3is. O seu estilo artesanal real\u00e7a a sua singularidade, tornando-a uma recorda\u00e7\u00e3o atraente que reflete a riqueza cultural do pa\u00eds e confere um toque art\u00edstico a qualquer espa\u00e7o.<\/p>\n","protected":false},"featured_media":6269,"template":"","meta":{"_acf_changed":false},"product_brand":[],"product_cat":[552],"product_tag":[],"class_list":{"0":"post-31591","1":"product","2":"type-product","3":"status-publish","4":"has-post-thumbnail","6":"product_cat-numeros","7":"pa_motivo-dragao","9":"first","10":"instock","11":"shipping-taxable","12":"product-type-simple"},"acf":[],"_links":{"self":[{"href":"https:\/\/olemosaic.orbitalia.org\/pt-pt\/wp-json\/wp\/v2\/product\/31591","targetHints":{"allow":["GET"]}}],"collection":[{"href":"https:\/\/olemosaic.orbitalia.org\/pt-pt\/wp-json\/wp\/v2\/product"}],"about":[{"href":"https:\/\/olemosaic.orbitalia.org\/pt-pt\/wp-json\/wp\/v2\/types\/product"}],"wp:featuredmedia":[{"embeddable":true,"href":"https:\/\/olemosaic.orbitalia.org\/pt-pt\/wp-json\/wp\/v2\/media\/6269"}],"wp:attachment":[{"href":"https:\/\/olemosaic.orbitalia.org\/pt-pt\/wp-json\/wp\/v2\/media?parent=31591"}],"wp:term":[{"taxonomy":"product_brand","embeddable":true,"href":"https:\/\/olemosaic.orbitalia.org\/pt-pt\/wp-json\/wp\/v2\/product_brand?post=31591"},{"taxonomy":"product_cat","embeddable":true,"href":"https:\/\/olemosaic.orbitalia.org\/pt-pt\/wp-json\/wp\/v2\/product_cat?post=31591"},{"taxonomy":"product_tag","embeddable":true,"href":"https:\/\/olemosaic.orbitalia.org\/pt-pt\/wp-json\/wp\/v2\/product_tag?post=31591"}],"curies":[{"name":"wp","href":"https:\/\/api.w.org\/{rel}","templated":true}]}}