{"id":31533,"date":"2025-02-20T23:31:40","date_gmt":"2025-02-20T22:31:40","guid":{"rendered":"https:\/\/olemosaic.orbitalia.org\/producto\/dedal-de-ceramica-salamandra-y-flores-blanco\/"},"modified":"2025-07-25T19:25:02","modified_gmt":"2025-07-25T17:25:02","slug":"dedal-de-ceramica-salamandra-e-flores-branco","status":"publish","type":"product","link":"https:\/\/olemosaic.orbitalia.org\/pt-pt\/produto\/dedal-de-ceramica-salamandra-e-flores-branco\/","title":{"rendered":"Dedal de cer\u00e2mica. Salamandra e flores. Branco"},"content":{"rendered":"<p>Este dedal de cer\u00e2mica decorado \u00e9 uma recorda\u00e7\u00e3o encantadora da rica cultura espanhola, ideal para os amantes da arte e do folclore. Apresenta uma vibrante salamandra rodeada de flores coloridas, tudo sobre um brilhante fundo branco que real\u00e7a a frescura do design. A salamandra, com efeito pintado \u00e0 m\u00e3o em tons de verde e laranja, simboliza o calor e a vitalidade do ambiente mediterr\u00e2nico, enquanto as flores acrescentam um toque de alegria e naturalidade. Cada detalhe deste dedal mostra a extraordin\u00e1ria t\u00e9cnica artesanal que caracteriza a cer\u00e2mica espanhola, destacando a destreza na pintura \u00e0 m\u00e3o que converte cada pe\u00e7a em algo \u00fanico.<\/p>\n<p>Este dedal n\u00e3o serve apenas para proteger os dedos durante a costura, mas tamb\u00e9m se ergue como um aut\u00eantico objeto decorativo que captura a ess\u00eancia do folclore espanhol. \u00c9 um excelente souvenir que representa a tradi\u00e7\u00e3o cultural e a arte da cer\u00e2mica, oferecendo um peda\u00e7o de Espanha a quem o possui. Na Ol\u00e9 Mosaic, orgulhamo-nos de ser grossistas destas recorda\u00e7\u00f5es aut\u00eanticas, perfeitas para lojas de presentes tur\u00edsticos que procuram produtos que reflitam a heran\u00e7a cultural. Este dedal de cer\u00e2mica \u00e9, sem d\u00favida, uma adi\u00e7\u00e3o valiosa ao cat\u00e1logo de souvenirs de cer\u00e2mica, destacando-se pela sua singularidade e vivacidade.<\/p>\n","protected":false},"excerpt":{"rendered":"<p>Dedal de cer\u00e2mica decorado com uma vibrante salamandra rodeada de flores coloridas, ideal para os amantes da arte e da cultura espanhola. Este dedal, sobre um fundo branco brilhante, destaca-se pela sua t\u00e9cnica de design artesanal, pintado \u00e0 m\u00e3o, que real\u00e7a os detalhes da salamandra em tons de verde e laranja, juntamente com um design floral que evoca a frescura do ambiente mediterr\u00e2nico. Uma pe\u00e7a \u00fanica que captura a ess\u00eancia do folclore e da tradi\u00e7\u00e3o artesanal.<\/p>\n","protected":false},"featured_media":8364,"template":"","meta":{"_acf_changed":false},"product_brand":[],"product_cat":[599],"product_tag":[516,515],"class_list":{"0":"post-31533","1":"product","2":"type-product","3":"status-publish","4":"has-post-thumbnail","6":"product_cat-dedais","7":"product_tag-animais","8":"product_tag-ceramica","9":"pa_motivo-salamandras","11":"first","12":"instock","13":"shipping-taxable","14":"product-type-simple"},"acf":[],"_links":{"self":[{"href":"https:\/\/olemosaic.orbitalia.org\/pt-pt\/wp-json\/wp\/v2\/product\/31533","targetHints":{"allow":["GET"]}}],"collection":[{"href":"https:\/\/olemosaic.orbitalia.org\/pt-pt\/wp-json\/wp\/v2\/product"}],"about":[{"href":"https:\/\/olemosaic.orbitalia.org\/pt-pt\/wp-json\/wp\/v2\/types\/product"}],"wp:featuredmedia":[{"embeddable":true,"href":"https:\/\/olemosaic.orbitalia.org\/pt-pt\/wp-json\/wp\/v2\/media\/8364"}],"wp:attachment":[{"href":"https:\/\/olemosaic.orbitalia.org\/pt-pt\/wp-json\/wp\/v2\/media?parent=31533"}],"wp:term":[{"taxonomy":"product_brand","embeddable":true,"href":"https:\/\/olemosaic.orbitalia.org\/pt-pt\/wp-json\/wp\/v2\/product_brand?post=31533"},{"taxonomy":"product_cat","embeddable":true,"href":"https:\/\/olemosaic.orbitalia.org\/pt-pt\/wp-json\/wp\/v2\/product_cat?post=31533"},{"taxonomy":"product_tag","embeddable":true,"href":"https:\/\/olemosaic.orbitalia.org\/pt-pt\/wp-json\/wp\/v2\/product_tag?post=31533"}],"curies":[{"name":"wp","href":"https:\/\/api.w.org\/{rel}","templated":true}]}}