{"id":31518,"date":"2025-02-20T23:31:39","date_gmt":"2025-02-20T22:31:39","guid":{"rendered":"https:\/\/olemosaic.orbitalia.org\/producto\/dedal-de-ceramica-salamandra-beige\/"},"modified":"2025-07-25T19:01:45","modified_gmt":"2025-07-25T17:01:45","slug":"dedal-de-ceramica-salamandra-bege","status":"publish","type":"product","link":"https:\/\/olemosaic.orbitalia.org\/pt-pt\/produto\/dedal-de-ceramica-salamandra-bege\/","title":{"rendered":"Dedal de cer\u00e2mica. Salamandra. Bege"},"content":{"rendered":"<p>Este dedal de cer\u00e2mica decorado \u00e0 m\u00e3o \u00e9 uma aut\u00eantica joia inspirada na rica fauna espanhola. Com o seu fundo bege, a pe\u00e7a apresenta uma vibrante ilustra\u00e7\u00e3o de salamandras num chamativo estilo mosaico, adornadas com flores alegres que conferem vitalidade e cor. A base vermelha n\u00e3o s\u00f3 real\u00e7a a beleza das salamandras, como tamb\u00e9m acrescenta um belo contraste, tornando o design ainda mais cativante. Os detalhes verdes e multicoloridos na representa\u00e7\u00e3o das salamandras oferecem um aspeto din\u00e2mico e festivo, que destaca a destreza do artes\u00e3o.<\/p>\n<p>Este dedal n\u00e3o \u00e9 apenas um objeto funcional, mas um souvenir representativo que celebra a liga\u00e7\u00e3o entre a cultura espanhola e a sua fauna. As salamandras s\u00e3o um s\u00edmbolo de transforma\u00e7\u00e3o e adaptabilidade em muitas tradi\u00e7\u00f5es, o que o torna um presente significativo para turistas e colecionadores que procuram uma recorda\u00e7\u00e3o aut\u00eantica da sua passagem por Espanha. Na Ol\u00e9 Mosaic, orgulhamo-nos de oferecer souvenirs de cer\u00e2mica \u00fanicos que capturam a ess\u00eancia da cultura local. Este dedal \u00e9 uma op\u00e7\u00e3o ideal para lojas de presentes tur\u00edsticos que desejam oferecer produtos aut\u00eanticos e de qualidade, perfeitos para quem valoriza o artesanato e o folclore espanhol. Se procura dedais de cer\u00e2mica por grosso, este design \u00e9 uma excelente adi\u00e7\u00e3o ao seu cat\u00e1logo de souvenirs.<\/p>\n","protected":false},"excerpt":{"rendered":"<p>Dedal de cer\u00e2mica decorado com estilo artesanal, inspirado na fauna t\u00edpica de Espanha. Este encantador dedal, em tons bege, apresenta uma colorida ilustra\u00e7\u00e3o de salamandras em estilo mosaico, acompanhadas de flores alegres. A base vermelha confere um belo contraste, enquanto os detalhes verdes e multicoloridos das salamandras acrescentam um toque vibrante. Ideal para colecionadores e amantes do folclore espanhol.<\/p>\n","protected":false},"featured_media":8479,"template":"","meta":{"_acf_changed":false},"product_brand":[],"product_cat":[599],"product_tag":[516,515],"class_list":{"0":"post-31518","1":"product","2":"type-product","3":"status-publish","4":"has-post-thumbnail","6":"product_cat-dedais","7":"product_tag-animais","8":"product_tag-ceramica","9":"pa_motivo-salamandras","11":"first","12":"instock","13":"shipping-taxable","14":"product-type-simple"},"acf":[],"_links":{"self":[{"href":"https:\/\/olemosaic.orbitalia.org\/pt-pt\/wp-json\/wp\/v2\/product\/31518","targetHints":{"allow":["GET"]}}],"collection":[{"href":"https:\/\/olemosaic.orbitalia.org\/pt-pt\/wp-json\/wp\/v2\/product"}],"about":[{"href":"https:\/\/olemosaic.orbitalia.org\/pt-pt\/wp-json\/wp\/v2\/types\/product"}],"wp:featuredmedia":[{"embeddable":true,"href":"https:\/\/olemosaic.orbitalia.org\/pt-pt\/wp-json\/wp\/v2\/media\/8479"}],"wp:attachment":[{"href":"https:\/\/olemosaic.orbitalia.org\/pt-pt\/wp-json\/wp\/v2\/media?parent=31518"}],"wp:term":[{"taxonomy":"product_brand","embeddable":true,"href":"https:\/\/olemosaic.orbitalia.org\/pt-pt\/wp-json\/wp\/v2\/product_brand?post=31518"},{"taxonomy":"product_cat","embeddable":true,"href":"https:\/\/olemosaic.orbitalia.org\/pt-pt\/wp-json\/wp\/v2\/product_cat?post=31518"},{"taxonomy":"product_tag","embeddable":true,"href":"https:\/\/olemosaic.orbitalia.org\/pt-pt\/wp-json\/wp\/v2\/product_tag?post=31518"}],"curies":[{"name":"wp","href":"https:\/\/api.w.org\/{rel}","templated":true}]}}