{"id":31488,"date":"2025-02-20T23:31:39","date_gmt":"2025-02-20T22:31:39","guid":{"rendered":"https:\/\/olemosaic.orbitalia.org\/producto\/dedal-de-ceramica-punt-de-trobada-barcelona-blanco\/"},"modified":"2025-07-25T22:28:45","modified_gmt":"2025-07-25T20:28:45","slug":"dedal-de-ceramica-punt-de-trobada-barcelona-branco","status":"publish","type":"product","link":"https:\/\/olemosaic.orbitalia.org\/pt-pt\/produto\/dedal-de-ceramica-punt-de-trobada-barcelona-branco\/","title":{"rendered":"Dedal de cer\u00e2mica. Punt de trobada. Barcelona. Branco"},"content":{"rendered":"<p>Este dedal de cer\u00e2mica de estilo moderno, inspirado no emblem\u00e1tico \u00abPunt de Trobada\u00bb de Barcelona, \u00e9 uma pe\u00e7a \u00fanica que capta a ess\u00eancia da vibrante cultura catal\u00e3. Com um acabamento em branco brilhante, o seu design apresenta uma explos\u00e3o de cores que mistura azuis, vermelhos e amarelos, evocando as formas abstratas e contempor\u00e2neas do famoso mosaico da cidade. Cada dedal foi cuidadosamente pintado \u00e0 m\u00e3o, o que lhe confere um toque artesanal em cada detalhe, enquanto as linhas pretas que definem os seus motivos destacam a est\u00e9tica geom\u00e9trica e sofisticada pr\u00f3pria do modernismo catal\u00e3o.<\/p>\n<p>Este dedal n\u00e3o s\u00f3 \u00e9 um acess\u00f3rio \u00fatil para quem aprecia a arte da costura, como tamb\u00e9m se torna uma recorda\u00e7\u00e3o valiosa que permite levar um peda\u00e7o de Barcelona para casa. Representa na perfei\u00e7\u00e3o a criatividade e diversidade cultural da cidade, sendo por isso ideal para turistas e colecionadores que procuram recorda\u00e7\u00f5es aut\u00eanticas e significativas. Na Ol\u00e9 Mosaic, especializamo-nos na distribui\u00e7\u00e3o de recorda\u00e7\u00f5es por grosso, disponibilizando produtos ic\u00f3nicos que destacam a riqueza cultural de Espanha. Este dedal de cer\u00e2mica de Barcelona \u00e9 uma excelente op\u00e7\u00e3o para lojas de presentes tur\u00edsticos que desejem oferecer produtos de qualidade e com relev\u00e2ncia cultural, tornando-se um s\u00edmbolo da liga\u00e7\u00e3o entre o artista e o visitante.<\/p>\n","protected":false},"excerpt":{"rendered":"<p>Dedal de cer\u00e2mica de estilo moderno, inspirado no famoso &#8220;Punt de Trobada&#8221; de Barcelona. Este dedal, de acabamento branco brilhante, apresenta um design vibrante e colorido que combina azuis, vermelhos e amarelos, emulando as formas do ic\u00f3nico mosaico da cidade. A decora\u00e7\u00e3o \u00e9 de design artesanal, pintada \u00e0 m\u00e3o, com detalhes em linhas pretas que real\u00e7am a est\u00e9tica geom\u00e9trica e contempor\u00e2nea. Uma recorda\u00e7\u00e3o perfeita para os amantes da cultura catal\u00e3.<\/p>\n","protected":false},"featured_media":9150,"template":"","meta":{"_acf_changed":false},"product_brand":[],"product_cat":[599],"product_tag":[515],"class_list":{"0":"post-31488","1":"product","2":"type-product","3":"status-publish","4":"has-post-thumbnail","6":"product_cat-dedais","7":"product_tag-ceramica","8":"pa_ciudad-barcelona","9":"pa_motivo-punt-de-trobada","10":"pa_pais-espana","12":"first","13":"instock","14":"shipping-taxable","15":"product-type-simple"},"acf":[],"_links":{"self":[{"href":"https:\/\/olemosaic.orbitalia.org\/pt-pt\/wp-json\/wp\/v2\/product\/31488","targetHints":{"allow":["GET"]}}],"collection":[{"href":"https:\/\/olemosaic.orbitalia.org\/pt-pt\/wp-json\/wp\/v2\/product"}],"about":[{"href":"https:\/\/olemosaic.orbitalia.org\/pt-pt\/wp-json\/wp\/v2\/types\/product"}],"wp:featuredmedia":[{"embeddable":true,"href":"https:\/\/olemosaic.orbitalia.org\/pt-pt\/wp-json\/wp\/v2\/media\/9150"}],"wp:attachment":[{"href":"https:\/\/olemosaic.orbitalia.org\/pt-pt\/wp-json\/wp\/v2\/media?parent=31488"}],"wp:term":[{"taxonomy":"product_brand","embeddable":true,"href":"https:\/\/olemosaic.orbitalia.org\/pt-pt\/wp-json\/wp\/v2\/product_brand?post=31488"},{"taxonomy":"product_cat","embeddable":true,"href":"https:\/\/olemosaic.orbitalia.org\/pt-pt\/wp-json\/wp\/v2\/product_cat?post=31488"},{"taxonomy":"product_tag","embeddable":true,"href":"https:\/\/olemosaic.orbitalia.org\/pt-pt\/wp-json\/wp\/v2\/product_tag?post=31488"}],"curies":[{"name":"wp","href":"https:\/\/api.w.org\/{rel}","templated":true}]}}