{"id":31466,"date":"2025-02-20T23:31:37","date_gmt":"2025-02-20T22:31:37","guid":{"rendered":"https:\/\/olemosaic.orbitalia.org\/producto\/cucharon-de-ceramica-toros-blanco-3\/"},"modified":"2025-07-25T19:37:22","modified_gmt":"2025-07-25T17:37:22","slug":"concha-de-ceramica-touros-branco-3","status":"publish","type":"product","link":"https:\/\/olemosaic.orbitalia.org\/pt-pt\/produto\/concha-de-ceramica-touros-branco-3\/","title":{"rendered":"Concha de cer\u00e2mica. Touros. Mosaico. Branco"},"content":{"rendered":"<p>Esta concha de cer\u00e2mica \u00e9 uma obra-prima que captura a vibrante ess\u00eancia da cultura espanhola atrav\u00e9s do seu design cativante e simb\u00f3lico. Decorada com uma ilustra\u00e7\u00e3o de touros numa pose din\u00e2mica, este utens\u00edlio apresenta uma parte interior adornada com um colorido mosaico que resplandece em tons de vermelho, verde e azul. Os detalhes art\u00edsticos que rodeiam o touro evocam a emo\u00e7\u00e3o e a tradi\u00e7\u00e3o das touradas que se celebram nas emblem\u00e1ticas pra\u00e7as de touros espanholas, tornando-a uma aut\u00eantica recorda\u00e7\u00e3o cultural.<\/p>\n<p>O acabamento esmaltado desta concha n\u00e3o s\u00f3 a torna pr\u00e1tica para o uso di\u00e1rio, como tamb\u00e9m lhe confere um brilho moderno que a transforma num elemento decorativo ideal para qualquer cozinha. Com o seu design apelativo, esta concha de cer\u00e2mica n\u00e3o s\u00f3 funde funcionalidade e est\u00e9tica, como tamb\u00e9m serve como uma recorda\u00e7\u00e3o significativa de Espanha, perfeita para quem procura levar um peda\u00e7o da sua rica heran\u00e7a cultural para casa.<\/p>\n<p>Sendo um produto exclusivo da Ol\u00e9 Mosaic, esta concha \u00e9 uma excelente op\u00e7\u00e3o para lojas de presentes tur\u00edsticos que desejem oferecer recorda\u00e7\u00f5es de cer\u00e2mica aut\u00eanticas e \u00fanicas. Com cada concha, as lojas podem destacar a sua oferta de souvenirs representativos da cultura espanhola, proporcionando aos seus clientes uma liga\u00e7\u00e3o tang\u00edvel com as suas experi\u00eancias neste pa\u00eds vibrante.<\/p>\n","protected":false},"excerpt":{"rendered":"<p>Concha de cer\u00e2mica de design vibrante que captura a ess\u00eancia da cultura espanhola atrav\u00e9s da sua ilustra\u00e7\u00e3o de touros. A parte interior da concha mostra um colorido mosaico com tons de vermelho, verde e azul, que representa um touro numa pose din\u00e2mica, rodeado de detalhes art\u00edsticos que evocam a tradi\u00e7\u00e3o das touradas em pra\u00e7as emblem\u00e1ticas. O seu acabamento esmaltado oferece um toque brilhante e moderno, ideal para decorar a cozinha ou para o uso di\u00e1rio.<\/p>\n","protected":false},"featured_media":8535,"template":"","meta":{"_acf_changed":false},"product_brand":[],"product_cat":[804],"product_tag":[516,515],"class_list":{"0":"post-31466","1":"product","2":"type-product","3":"status-publish","4":"has-post-thumbnail","6":"product_cat-conchas","7":"product_tag-animais","8":"product_tag-ceramica","9":"pa_motivo-touros","11":"first","12":"instock","13":"shipping-taxable","14":"product-type-simple"},"acf":[],"_links":{"self":[{"href":"https:\/\/olemosaic.orbitalia.org\/pt-pt\/wp-json\/wp\/v2\/product\/31466","targetHints":{"allow":["GET"]}}],"collection":[{"href":"https:\/\/olemosaic.orbitalia.org\/pt-pt\/wp-json\/wp\/v2\/product"}],"about":[{"href":"https:\/\/olemosaic.orbitalia.org\/pt-pt\/wp-json\/wp\/v2\/types\/product"}],"wp:featuredmedia":[{"embeddable":true,"href":"https:\/\/olemosaic.orbitalia.org\/pt-pt\/wp-json\/wp\/v2\/media\/8535"}],"wp:attachment":[{"href":"https:\/\/olemosaic.orbitalia.org\/pt-pt\/wp-json\/wp\/v2\/media?parent=31466"}],"wp:term":[{"taxonomy":"product_brand","embeddable":true,"href":"https:\/\/olemosaic.orbitalia.org\/pt-pt\/wp-json\/wp\/v2\/product_brand?post=31466"},{"taxonomy":"product_cat","embeddable":true,"href":"https:\/\/olemosaic.orbitalia.org\/pt-pt\/wp-json\/wp\/v2\/product_cat?post=31466"},{"taxonomy":"product_tag","embeddable":true,"href":"https:\/\/olemosaic.orbitalia.org\/pt-pt\/wp-json\/wp\/v2\/product_tag?post=31466"}],"curies":[{"name":"wp","href":"https:\/\/api.w.org\/{rel}","templated":true}]}}