{"id":31465,"date":"2025-02-20T23:31:37","date_gmt":"2025-02-20T22:31:37","guid":{"rendered":"https:\/\/olemosaic.orbitalia.org\/producto\/cucharon-de-ceramica-bailaora-sevilla-beige\/"},"modified":"2025-07-25T18:51:23","modified_gmt":"2025-07-25T16:51:23","slug":"concha-de-ceramica-bailarina-sevilha-bege","status":"publish","type":"product","link":"https:\/\/olemosaic.orbitalia.org\/pt-pt\/produto\/concha-de-ceramica-bailarina-sevilha-bege\/","title":{"rendered":"Concha de cer\u00e2mica. Bailarina. Sevilha. Bege"},"content":{"rendered":"<p>Esta concha de cer\u00e2mica \u00e9 uma joia do artesanato sevilhano, concebida para capturar o vibrante folclore andaluz. Com um acabamento bege e uma borda vermelha, este utens\u00edlio n\u00e3o \u00e9 apenas funcional, mas tamb\u00e9m uma obra de arte decorativa. A sua superf\u00edcie apresenta uma requintada ilustra\u00e7\u00e3o de uma bailarina de flamenco, que dan\u00e7a vestida com um traje colorido cheio de detalhes e matizes. A bailarina, rodeada de belas flores vermelhas e verdes, evoca a paix\u00e3o e o esp\u00edrito do flamenco, um s\u00edmbolo cultural profundamente enraizado na tradi\u00e7\u00e3o andaluza.<\/p>\n<p>A qualidade da cer\u00e2mica, rica em hist\u00f3ria e t\u00e9cnica artesanal, manifesta-se em cada tra\u00e7o da pintura, cuidadosamente realizada \u00e0 m\u00e3o, garantindo um produto \u00fanico e aut\u00eantico. Esta concha torna-se um excelente souvenir de Sevilha, ideal para os turistas que desejam levar um peda\u00e7o da cultura andaluza para as suas casas. Na Ol\u00e9 Mosaic, distribu\u00edmos este tipo de souvenirs por grosso, perfeitos para lojas de presentes tur\u00edsticos que procuram oferecer produtos que n\u00e3o sejam apenas decorativos, mas que tamb\u00e9m contem uma hist\u00f3ria. Com a sua liga\u00e7\u00e3o cultural, esta concha de cer\u00e2mica representa uma maravilhosa op\u00e7\u00e3o para quem deseja recordar a ess\u00eancia de Sevilha e a sua arte flamenca.<\/p>\n","protected":false},"excerpt":{"rendered":"<p>Concha de cer\u00e2mica de design artesanal, pintada \u00e0 m\u00e3o, inspirada no vibrante folclore sevilhano. Este precioso utens\u00edlio apresenta uma ilustra\u00e7\u00e3o de uma bailarina vestida com um traje colorido que evoca a ess\u00eancia do flamenco, rodeada de flores vermelhas e verdes. Com um acabamento em cor bege e borda vermelha, esta concha \u00e9 uma pe\u00e7a decorativa e funcional, ideal para adicionar um toque andaluz \u00e0 sua cozinha enquanto desfruta da arte tradicional espanhola.<\/p>\n","protected":false},"featured_media":7039,"template":"","meta":{"_acf_changed":false},"product_brand":[],"product_cat":[804],"product_tag":[515],"class_list":{"0":"post-31465","1":"product","2":"type-product","3":"status-publish","4":"has-post-thumbnail","6":"product_cat-conchas","7":"product_tag-ceramica","8":"pa_ciudad-sevilla","9":"pa_motivo-dancarinos","10":"pa_pais-espana","12":"first","13":"instock","14":"shipping-taxable","15":"product-type-simple"},"acf":[],"_links":{"self":[{"href":"https:\/\/olemosaic.orbitalia.org\/pt-pt\/wp-json\/wp\/v2\/product\/31465","targetHints":{"allow":["GET"]}}],"collection":[{"href":"https:\/\/olemosaic.orbitalia.org\/pt-pt\/wp-json\/wp\/v2\/product"}],"about":[{"href":"https:\/\/olemosaic.orbitalia.org\/pt-pt\/wp-json\/wp\/v2\/types\/product"}],"wp:featuredmedia":[{"embeddable":true,"href":"https:\/\/olemosaic.orbitalia.org\/pt-pt\/wp-json\/wp\/v2\/media\/7039"}],"wp:attachment":[{"href":"https:\/\/olemosaic.orbitalia.org\/pt-pt\/wp-json\/wp\/v2\/media?parent=31465"}],"wp:term":[{"taxonomy":"product_brand","embeddable":true,"href":"https:\/\/olemosaic.orbitalia.org\/pt-pt\/wp-json\/wp\/v2\/product_brand?post=31465"},{"taxonomy":"product_cat","embeddable":true,"href":"https:\/\/olemosaic.orbitalia.org\/pt-pt\/wp-json\/wp\/v2\/product_cat?post=31465"},{"taxonomy":"product_tag","embeddable":true,"href":"https:\/\/olemosaic.orbitalia.org\/pt-pt\/wp-json\/wp\/v2\/product_tag?post=31465"}],"curies":[{"name":"wp","href":"https:\/\/api.w.org\/{rel}","templated":true}]}}