{"id":31464,"date":"2025-02-20T23:31:37","date_gmt":"2025-02-20T22:31:37","guid":{"rendered":"https:\/\/olemosaic.orbitalia.org\/producto\/cucharon-de-ceramica-flores-blanco\/"},"modified":"2025-07-25T18:41:23","modified_gmt":"2025-07-25T16:41:23","slug":"concha-de-ceramica-flores-branco","status":"publish","type":"product","link":"https:\/\/olemosaic.orbitalia.org\/pt-pt\/produto\/concha-de-ceramica-flores-branco\/","title":{"rendered":"Concha de cer\u00e2mica. Flores. Branco"},"content":{"rendered":"<p>Esta concha de cer\u00e2mica \u00e9 uma vibrante homenagem \u00e0 rica tradi\u00e7\u00e3o do artesanato mediterr\u00e2nico, ideal para quem procura uma recorda\u00e7\u00e3o aut\u00eantica que combine funcionalidade e beleza. Com um intrincado design floral em vermelho, amarelo, azul e preto, esta concha destaca-se sobre um fundo branco, criando um contraste cativante que traz alegria a qualquer cozinha. A t\u00e9cnica de pintura \u00e0 m\u00e3o garante que cada pe\u00e7a seja \u00fanica, tornando-a uma recorda\u00e7\u00e3o extraordin\u00e1ria que reflete a diversidade da cultura espanhola.<\/p>\n<p>A concha, com o seu acabamento brilhante, n\u00e3o \u00e9 apenas perfeita para servir uma grande variedade de pratos, mas tamb\u00e9m atua como um elemento decorativo que pode adornar prateleiras ou mesas. O seu design \u00e9 inspirado nos tradicionais mosaicos que embelezam muitas cidades mediterr\u00e2nicas, evocando imagens de pra\u00e7as cheias de vida e cor. Ao escolher esta concha, os turistas n\u00e3o s\u00f3 adquirem um utens\u00edlio \u00fatil, como tamb\u00e9m um peda\u00e7o da ess\u00eancia cultural de Espanha.<\/p>\n<p>Na Ol\u00e9 Mosaic, somos distribuidores grossistas de souvenirs e esta concha de cer\u00e2mica \u00e9 uma excelente op\u00e7\u00e3o para lojas de presentes tur\u00edsticos que desejem oferecer produtos aut\u00eanticos e artesanais. Perfeita para quem procura souvenirs de cer\u00e2mica que representem a identidade cultural e art\u00edstica da regi\u00e3o.<\/p>\n","protected":false},"excerpt":{"rendered":"<p>Concha de cer\u00e2mica com um vibrante design floral em vermelho, amarelo, azul e preto, inspirado nos tradicionais mosaicos da cultura mediterr\u00e2nica. Com um acabamento brilhante e um fundo branco que real\u00e7a o seu colorido, esta concha \u00e9 ideal para servir e decorar. Pintada com estilo artesanal, cada pe\u00e7a \u00e9 \u00fanica. Perfeita para adicionar um toque de alegria a qualquer cozinha.<\/p>\n","protected":false},"featured_media":8886,"template":"","meta":{"_acf_changed":false},"product_brand":[],"product_cat":[804],"product_tag":[515],"class_list":{"0":"post-31464","1":"product","2":"type-product","3":"status-publish","4":"has-post-thumbnail","6":"product_cat-conchas","7":"product_tag-ceramica","8":"pa_motivo-flores","10":"first","11":"instock","12":"shipping-taxable","13":"product-type-simple"},"acf":[],"_links":{"self":[{"href":"https:\/\/olemosaic.orbitalia.org\/pt-pt\/wp-json\/wp\/v2\/product\/31464","targetHints":{"allow":["GET"]}}],"collection":[{"href":"https:\/\/olemosaic.orbitalia.org\/pt-pt\/wp-json\/wp\/v2\/product"}],"about":[{"href":"https:\/\/olemosaic.orbitalia.org\/pt-pt\/wp-json\/wp\/v2\/types\/product"}],"wp:featuredmedia":[{"embeddable":true,"href":"https:\/\/olemosaic.orbitalia.org\/pt-pt\/wp-json\/wp\/v2\/media\/8886"}],"wp:attachment":[{"href":"https:\/\/olemosaic.orbitalia.org\/pt-pt\/wp-json\/wp\/v2\/media?parent=31464"}],"wp:term":[{"taxonomy":"product_brand","embeddable":true,"href":"https:\/\/olemosaic.orbitalia.org\/pt-pt\/wp-json\/wp\/v2\/product_brand?post=31464"},{"taxonomy":"product_cat","embeddable":true,"href":"https:\/\/olemosaic.orbitalia.org\/pt-pt\/wp-json\/wp\/v2\/product_cat?post=31464"},{"taxonomy":"product_tag","embeddable":true,"href":"https:\/\/olemosaic.orbitalia.org\/pt-pt\/wp-json\/wp\/v2\/product_tag?post=31464"}],"curies":[{"name":"wp","href":"https:\/\/api.w.org\/{rel}","templated":true}]}}