{"id":31462,"date":"2025-02-20T23:31:37","date_gmt":"2025-02-20T22:31:37","guid":{"rendered":"https:\/\/olemosaic.orbitalia.org\/producto\/cucharon-de-ceramica-mosaico-blanco-2\/"},"modified":"2025-07-25T18:54:39","modified_gmt":"2025-07-25T16:54:39","slug":"concha-de-ceramica-mosaico-branco-2","status":"publish","type":"product","link":"https:\/\/olemosaic.orbitalia.org\/pt-pt\/produto\/concha-de-ceramica-mosaico-branco-2\/","title":{"rendered":"Concha de cer\u00e2mica. Mosaico. V\u00e1rias cores. Branco"},"content":{"rendered":"<p>Esta concha de cer\u00e2mica \u00e9 um exemplo vibrante da rica heran\u00e7a cultural espanhola, concebida para adicionar um toque de cor e autenticidade a qualquer cozinha. Fabricada em cer\u00e2mica de alta qualidade, este utens\u00edlio destaca-se pelo seu acabamento branco, que serve de pano de fundo a uma impressionante variedade de padr\u00f5es geom\u00e9tricos em tons de azul, vermelho, amarelo e laranja. Cada figura decorativa \u00e9 uma homenagem \u00e0 tradi\u00e7\u00e3o do mosaico, refletindo a influ\u00eancia da est\u00e9tica andaluza.<\/p>\n<p>O design da concha n\u00e3o s\u00f3 a torna um elemento funcional ideal para servir os seus pratos favoritos, mas tamb\u00e9m atua como uma verdadeira pe\u00e7a de arte que embeleza qualquer espa\u00e7o, tornando-se a recorda\u00e7\u00e3o perfeita para turistas que desejem levar um peda\u00e7o de Espanha. A combina\u00e7\u00e3o de cores vibrantes e padr\u00f5es intrincados torna cada concha \u00fanica, proporcionando um elemento de distin\u00e7\u00e3o para quem valoriza o artesanato nos seus utens\u00edlios de cozinha.<\/p>\n<p>Na Ol\u00e9 Mosaic, oferecemos conchas de cer\u00e2mica por grosso que capturam a ess\u00eancia da cultura espanhola, ideais como lembran\u00e7as para lojas de presentes tur\u00edsticos. Esta concha de mosaico n\u00e3o s\u00f3 se destaca pela sua funcionalidade, mas tamb\u00e9m por ser um s\u00edmbolo da rica hist\u00f3ria e tradi\u00e7\u00e3o que representa, tornando-se uma excelente op\u00e7\u00e3o para turistas que procuram artigos aut\u00eanticos e de qualidade.<\/p>\n","protected":false},"excerpt":{"rendered":"<p>Concha de cer\u00e2mica com um design vibrante de mosaico, ideal para dar um toque de cor \u00e0 sua cozinha. Este utens\u00edlio, com acabamento em branco, apresenta uma variedade de padr\u00f5es geom\u00e9tricos em tons de azul, vermelho, amarelo e laranja, que evocam a rica heran\u00e7a cultural da cer\u00e2mica espanhola. Perfeita para servir os seus pratos favoritos, combina funcionalidade e est\u00e9tica num \u00fanico artigo.<\/p>\n","protected":false},"featured_media":8887,"template":"","meta":{"_acf_changed":false},"product_brand":[],"product_cat":[804],"product_tag":[515],"class_list":{"0":"post-31462","1":"product","2":"type-product","3":"status-publish","4":"has-post-thumbnail","6":"product_cat-conchas","7":"product_tag-ceramica","8":"pa_motivo-mosaico","10":"first","11":"instock","12":"shipping-taxable","13":"product-type-simple"},"acf":[],"_links":{"self":[{"href":"https:\/\/olemosaic.orbitalia.org\/pt-pt\/wp-json\/wp\/v2\/product\/31462","targetHints":{"allow":["GET"]}}],"collection":[{"href":"https:\/\/olemosaic.orbitalia.org\/pt-pt\/wp-json\/wp\/v2\/product"}],"about":[{"href":"https:\/\/olemosaic.orbitalia.org\/pt-pt\/wp-json\/wp\/v2\/types\/product"}],"wp:featuredmedia":[{"embeddable":true,"href":"https:\/\/olemosaic.orbitalia.org\/pt-pt\/wp-json\/wp\/v2\/media\/8887"}],"wp:attachment":[{"href":"https:\/\/olemosaic.orbitalia.org\/pt-pt\/wp-json\/wp\/v2\/media?parent=31462"}],"wp:term":[{"taxonomy":"product_brand","embeddable":true,"href":"https:\/\/olemosaic.orbitalia.org\/pt-pt\/wp-json\/wp\/v2\/product_brand?post=31462"},{"taxonomy":"product_cat","embeddable":true,"href":"https:\/\/olemosaic.orbitalia.org\/pt-pt\/wp-json\/wp\/v2\/product_cat?post=31462"},{"taxonomy":"product_tag","embeddable":true,"href":"https:\/\/olemosaic.orbitalia.org\/pt-pt\/wp-json\/wp\/v2\/product_tag?post=31462"}],"curies":[{"name":"wp","href":"https:\/\/api.w.org\/{rel}","templated":true}]}}