{"id":31450,"date":"2025-02-20T23:31:36","date_gmt":"2025-02-20T22:31:36","guid":{"rendered":"https:\/\/olemosaic.orbitalia.org\/producto\/cucharon-de-ceramica-santiago-blanco\/"},"modified":"2025-07-25T18:35:10","modified_gmt":"2025-07-25T16:35:10","slug":"concha-de-ceramica-santiago-branco","status":"publish","type":"product","link":"https:\/\/olemosaic.orbitalia.org\/pt-pt\/produto\/concha-de-ceramica-santiago-branco\/","title":{"rendered":"Concha de cer\u00e2mica. Santiago. Branco"},"content":{"rendered":"<p>Esta concha de cer\u00e2mica decorativa, inspirada no ic\u00f3nico Caminho de Santiago, \u00e9 o complemento perfeito para qualquer cozinha que deseje incorporar um toque cultural e funcional. O seu design resplandece com uma colorida representa\u00e7\u00e3o da famosa catedral de Santiago, com tonalidades vermelhas intensas que capturam a ess\u00eancia arquitet\u00f3nica deste monumento emblem\u00e1tico. A base branca da concha real\u00e7a a sua beleza, criando um contraste atraente que destaca cada detalhe da ilustra\u00e7\u00e3o.<\/p>\n<p>A concha, pintada \u00e0 m\u00e3o por artes\u00e3os locais, inclui a inscri\u00e7\u00e3o &#8220;Camino de Santiago&#8221;, o que a torna uma recorda\u00e7\u00e3o representativa desta rota hist\u00f3rica, seguida por milhares de peregrinos todos os anos. Este objeto n\u00e3o \u00e9 apenas funcional, mas tamb\u00e9m pode servir como um elegante artigo decorativo para qualquer lar, evocando a espiritualidade e a cultura do Caminho.<\/p>\n<p>Na Ol\u00e9 Mosaic especializamo-nos na distribui\u00e7\u00e3o de souvenirs por grosso, oferecendo produtos aut\u00eanticos que capturam a riqueza cultural de Espanha. Esta concha de cer\u00e2mica \u00e9 uma excelente op\u00e7\u00e3o para lojas de presentes tur\u00edsticos que procurem um artigo \u00fanico e significativo. Como grossistas de souvenirs, garantimos qualidade e originalidade em cada pe\u00e7a, perfeita para aqueles turistas que procuram levar um fragmento da tradi\u00e7\u00e3o e do legado do Caminho de Santiago.<\/p>\n","protected":false},"excerpt":{"rendered":"<p>Concha de cer\u00e2mica decorativa inspirada no Caminho de Santiago, ideal para adicionar um toque cultural a qualquer cozinha. O seu design mostra uma colorida representa\u00e7\u00e3o da famosa catedral de Santiago, com detalhes em tons vermelhos tradicionais sobre um fundo branco que real\u00e7a a sua beleza. Completa com a inscri\u00e7\u00e3o &#8220;Camino de Santiago&#8221;, esta concha de design artesanal, pintada \u00e0 m\u00e3o, \u00e9 uma pe\u00e7a \u00fanica e funcional que tamb\u00e9m pode servir como um elegante objeto decorativo.<\/p>\n","protected":false},"featured_media":9929,"template":"","meta":{"_acf_changed":false},"product_brand":[],"product_cat":[804],"product_tag":[515],"class_list":{"0":"post-31450","1":"product","2":"type-product","3":"status-publish","4":"has-post-thumbnail","6":"product_cat-conchas","7":"product_tag-ceramica","8":"pa_ciudad-santiago","9":"pa_pais-espana","11":"first","12":"instock","13":"shipping-taxable","14":"product-type-simple"},"acf":[],"_links":{"self":[{"href":"https:\/\/olemosaic.orbitalia.org\/pt-pt\/wp-json\/wp\/v2\/product\/31450","targetHints":{"allow":["GET"]}}],"collection":[{"href":"https:\/\/olemosaic.orbitalia.org\/pt-pt\/wp-json\/wp\/v2\/product"}],"about":[{"href":"https:\/\/olemosaic.orbitalia.org\/pt-pt\/wp-json\/wp\/v2\/types\/product"}],"wp:featuredmedia":[{"embeddable":true,"href":"https:\/\/olemosaic.orbitalia.org\/pt-pt\/wp-json\/wp\/v2\/media\/9929"}],"wp:attachment":[{"href":"https:\/\/olemosaic.orbitalia.org\/pt-pt\/wp-json\/wp\/v2\/media?parent=31450"}],"wp:term":[{"taxonomy":"product_brand","embeddable":true,"href":"https:\/\/olemosaic.orbitalia.org\/pt-pt\/wp-json\/wp\/v2\/product_brand?post=31450"},{"taxonomy":"product_cat","embeddable":true,"href":"https:\/\/olemosaic.orbitalia.org\/pt-pt\/wp-json\/wp\/v2\/product_cat?post=31450"},{"taxonomy":"product_tag","embeddable":true,"href":"https:\/\/olemosaic.orbitalia.org\/pt-pt\/wp-json\/wp\/v2\/product_tag?post=31450"}],"curies":[{"name":"wp","href":"https:\/\/api.w.org\/{rel}","templated":true}]}}