{"id":31447,"date":"2025-02-20T23:31:36","date_gmt":"2025-02-20T22:31:36","guid":{"rendered":"https:\/\/olemosaic.orbitalia.org\/producto\/cucharon-de-ceramica-salamandra-y-flores-blanco-2\/"},"modified":"2025-07-25T18:40:26","modified_gmt":"2025-07-25T16:40:26","slug":"concha-de-ceramica-salamandra-e-flores-branco-2","status":"publish","type":"product","link":"https:\/\/olemosaic.orbitalia.org\/pt-pt\/produto\/concha-de-ceramica-salamandra-e-flores-branco-2\/","title":{"rendered":"Concha de cer\u00e2mica. Salamandra e flores. Cer\u00e2mica tradicional. Branco"},"content":{"rendered":"<p>Esta concha de cer\u00e2mica decorada \u00e9 uma aut\u00eantica joia do artesanato espanhol, perfeita para adicionar um toque art\u00edstico e colorido \u00e0 sua cozinha. Com um design sobre fundo branco, este utens\u00edlio ilumina-se com vibrantes motivos de salamandras e flores em tons de vermelho, azul e amarelo, evocando a rica tradi\u00e7\u00e3o da cer\u00e2mica popular espanhola. As salamandras, que simbolizam o renascimento e a renova\u00e7\u00e3o, entrela\u00e7am-se com delicados padr\u00f5es florais que conferem um ar festivo e alegre.<\/p>\n<p>A concha n\u00e3o \u00e9 apenas visualmente atraente, mas tamb\u00e9m conta com uma forma ergon\u00f3mica e um acabamento liso, o que a torna um utens\u00edlio pr\u00e1tico para o dia a dia. O seu design facilita o manuseamento, sendo ideal para servir sopas, guisados ou qualquer prato que deseje. Este souvenir de cer\u00e2mica \u00e9 perfeito para quem procura uma pe\u00e7a que combine funcionalidade e estilo, tornando-se uma recorda\u00e7\u00e3o memor\u00e1vel da sua visita a Espanha.<\/p>\n<p>Na Ol\u00e9 Mosaic, somos distribuidores de souvenirs por grosso, oferecendo artigos \u00fanicos que refletem a ess\u00eancia da cultura espanhola. Esta concha de cer\u00e2mica \u00e9 uma excelente op\u00e7\u00e3o para turistas em busca de souvenirs aut\u00eanticos, e tamb\u00e9m um produto atraente para lojas de presentes tur\u00edsticos que desejem oferecer aos seus clientes uma amostra da arte e da tradi\u00e7\u00e3o de Espanha.<\/p>\n","protected":false},"excerpt":{"rendered":"<p>Concha de cer\u00e2mica decorada com coloridos motivos de salamandras e flores, ideal para dar um toque art\u00edstico \u00e0 sua cozinha. Este belo utens\u00edlio, com o seu design em base branca e vibrantes detalhes em vermelho, azul e amarelo, \u00e9 inspirado na cer\u00e2mica tradicional. A sua forma ergon\u00f3mica e o seu acabamento liso tornam-na pr\u00e1tica e atraente, convertendo-a num souvenir perfeito que evoca a ess\u00eancia da arte popular espanhola.<\/p>\n","protected":false},"featured_media":8353,"template":"","meta":{"_acf_changed":false},"product_brand":[],"product_cat":[804],"product_tag":[516,515],"class_list":{"0":"post-31447","1":"product","2":"type-product","3":"status-publish","4":"has-post-thumbnail","6":"product_cat-conchas","7":"product_tag-animais","8":"product_tag-ceramica","9":"pa_motivo-salamandras","11":"first","12":"instock","13":"shipping-taxable","14":"product-type-simple"},"acf":[],"_links":{"self":[{"href":"https:\/\/olemosaic.orbitalia.org\/pt-pt\/wp-json\/wp\/v2\/product\/31447","targetHints":{"allow":["GET"]}}],"collection":[{"href":"https:\/\/olemosaic.orbitalia.org\/pt-pt\/wp-json\/wp\/v2\/product"}],"about":[{"href":"https:\/\/olemosaic.orbitalia.org\/pt-pt\/wp-json\/wp\/v2\/types\/product"}],"wp:featuredmedia":[{"embeddable":true,"href":"https:\/\/olemosaic.orbitalia.org\/pt-pt\/wp-json\/wp\/v2\/media\/8353"}],"wp:attachment":[{"href":"https:\/\/olemosaic.orbitalia.org\/pt-pt\/wp-json\/wp\/v2\/media?parent=31447"}],"wp:term":[{"taxonomy":"product_brand","embeddable":true,"href":"https:\/\/olemosaic.orbitalia.org\/pt-pt\/wp-json\/wp\/v2\/product_brand?post=31447"},{"taxonomy":"product_cat","embeddable":true,"href":"https:\/\/olemosaic.orbitalia.org\/pt-pt\/wp-json\/wp\/v2\/product_cat?post=31447"},{"taxonomy":"product_tag","embeddable":true,"href":"https:\/\/olemosaic.orbitalia.org\/pt-pt\/wp-json\/wp\/v2\/product_tag?post=31447"}],"curies":[{"name":"wp","href":"https:\/\/api.w.org\/{rel}","templated":true}]}}