{"id":31446,"date":"2025-02-20T23:31:36","date_gmt":"2025-02-20T22:31:36","guid":{"rendered":"https:\/\/olemosaic.orbitalia.org\/producto\/cucharon-de-ceramica-toros-blanco-2\/"},"modified":"2025-07-25T18:36:35","modified_gmt":"2025-07-25T16:36:35","slug":"concha-de-ceramica-touros-branco-2","status":"publish","type":"product","link":"https:\/\/olemosaic.orbitalia.org\/pt-pt\/produto\/concha-de-ceramica-touros-branco-2\/","title":{"rendered":"Concha de cer\u00e2mica. Touros. Branco."},"content":{"rendered":"<p>Esta concha de cer\u00e2mica decorada \u00e9 uma aut\u00eantica homenagem \u00e0 rica tradi\u00e7\u00e3o cultural espanhola, ideal para quem procura um souvenir aut\u00eantico e funcional. Com uma base branca que real\u00e7a o seu design vibrante, a concha apresenta intrincados motivos de touros, meticulosamente pintados \u00e0 m\u00e3o numa paleta de cores vivas que captam a energia e o simbolismo do mundo taurom\u00e1quico. As ilustra\u00e7\u00f5es incluem um imponente touro, rodeado de elementos que evocam a paix\u00e3o e o folclore espanhol, tornando-a uma pe\u00e7a not\u00e1vel tanto para uso culin\u00e1rio como decorativo.<\/p>\n<p>A cer\u00e2mica foi cuidadosamente elaborada, garantindo a sua durabilidade e resist\u00eancia, al\u00e9m do seu apelo visual. Esta concha n\u00e3o \u00e9 apenas ideal para servir os seus pratos favoritos, mas tamb\u00e9m \u00e9 um elemento decorativo que adicionar\u00e1 um toque aut\u00eantico \u00e0 cozinha de qualquer amante da gastronomia e da cultura espanhola. Como um aut\u00eantico souvenir da tradi\u00e7\u00e3o espanhola, liga-se \u00e0 ess\u00eancia da tauromaquia, uma arte que faz parte da cultura do pa\u00eds h\u00e1 s\u00e9culos.<\/p>\n<p>Na Ol\u00e9 Mosaic, especializamo-nos na distribui\u00e7\u00e3o de souvenirs por grosso, oferecendo artigos como esta concha de cer\u00e2mica que refletem a rica heran\u00e7a cultural de Espanha. Perfeito para lojas de presentes tur\u00edsticos, este produto \u00e9 uma excelente op\u00e7\u00e3o para aqueles que procuram recorda\u00e7\u00f5es que representem genuinamente a diversidade e o encanto de Espanha. Como grossistas de artigos aut\u00eanticos, garantimos a qualidade e o car\u00e1ter \u00fanico em cada pe\u00e7a, assegurando que os nossos clientes encontrem produtos que realmente se destaquem.<\/p>\n","protected":false},"excerpt":{"rendered":"<p>Concha de cer\u00e2mica decorada com motivos coloridos de touros, ideal para dar um toque aut\u00eantico \u00e0 sua cozinha. Este design apresenta uma base branca com um intrincado mosaico que real\u00e7a a imagem de um touro em tons vivos. As ilustra\u00e7\u00f5es t\u00eam um efeito de pintura \u00e0 m\u00e3o, o que confere um car\u00e1ter \u00fanico a cada pe\u00e7a, tornando-a uma recorda\u00e7\u00e3o perfeita da cultura espanhola. Um artigo funcional que, al\u00e9m disso, \u00e9 uma pe\u00e7a decorativa ideal para os amantes do folclore espanhol.<\/p>\n","protected":false},"featured_media":8566,"template":"","meta":{"_acf_changed":false},"product_brand":[],"product_cat":[804],"product_tag":[516,515],"class_list":{"0":"post-31446","1":"product","2":"type-product","3":"status-publish","4":"has-post-thumbnail","6":"product_cat-conchas","7":"product_tag-animais","8":"product_tag-ceramica","9":"pa_motivo-touros","11":"first","12":"instock","13":"shipping-taxable","14":"product-type-simple"},"acf":[],"_links":{"self":[{"href":"https:\/\/olemosaic.orbitalia.org\/pt-pt\/wp-json\/wp\/v2\/product\/31446","targetHints":{"allow":["GET"]}}],"collection":[{"href":"https:\/\/olemosaic.orbitalia.org\/pt-pt\/wp-json\/wp\/v2\/product"}],"about":[{"href":"https:\/\/olemosaic.orbitalia.org\/pt-pt\/wp-json\/wp\/v2\/types\/product"}],"wp:featuredmedia":[{"embeddable":true,"href":"https:\/\/olemosaic.orbitalia.org\/pt-pt\/wp-json\/wp\/v2\/media\/8566"}],"wp:attachment":[{"href":"https:\/\/olemosaic.orbitalia.org\/pt-pt\/wp-json\/wp\/v2\/media?parent=31446"}],"wp:term":[{"taxonomy":"product_brand","embeddable":true,"href":"https:\/\/olemosaic.orbitalia.org\/pt-pt\/wp-json\/wp\/v2\/product_brand?post=31446"},{"taxonomy":"product_cat","embeddable":true,"href":"https:\/\/olemosaic.orbitalia.org\/pt-pt\/wp-json\/wp\/v2\/product_cat?post=31446"},{"taxonomy":"product_tag","embeddable":true,"href":"https:\/\/olemosaic.orbitalia.org\/pt-pt\/wp-json\/wp\/v2\/product_tag?post=31446"}],"curies":[{"name":"wp","href":"https:\/\/api.w.org\/{rel}","templated":true}]}}