{"id":31411,"date":"2025-02-20T23:31:35","date_gmt":"2025-02-20T22:31:35","guid":{"rendered":"https:\/\/olemosaic.orbitalia.org\/producto\/cucharon-de-ceramica-bailaora-beige\/"},"modified":"2025-07-25T19:54:07","modified_gmt":"2025-07-25T17:54:07","slug":"concha-de-ceramica-bailarina-de-flamenco-bege","status":"publish","type":"product","link":"https:\/\/olemosaic.orbitalia.org\/pt-pt\/produto\/concha-de-ceramica-bailarina-de-flamenco-bege\/","title":{"rendered":"Concha de cer\u00e2mica. Bailarina de Flamenco. Bege"},"content":{"rendered":"<p>Esta concha de cer\u00e2mica decorada \u00e9 uma recorda\u00e7\u00e3o encantadora que captura a ess\u00eancia do folclore espanhol atrav\u00e9s de uma vibrante ilustra\u00e7\u00e3o de uma bailarina de flamenco. A sua base em tons de bege \u00e9 real\u00e7ada com um elegante rebordo preto, enquanto o design pintado \u00e0 m\u00e3o destaca motivos florais en\u00e9rgicos e lampejos de vermelho que adicionam um toque festivo. A bailarina, trajada com um chamativo vestido de bolinhas vermelhas, segura um ramo de cravos, simbolizando a alegria e o dinamismo da cultura andaluza.<\/p>\n<p>Este utens\u00edlio n\u00e3o s\u00f3 \u00e9 esteticamente atraente, como tamb\u00e9m representa um peda\u00e7o da tradi\u00e7\u00e3o espanhola, sendo ideal para aqueles que desejam incorporar un toque cultural e art\u00edstico \u00e0 sua cozinha. Perfeita como recorda\u00e7\u00e3o de Espanha, esta concha \u00e9 uma pe\u00e7a aut\u00eantica que poder\u00e1 adornar qualquer casa, evocando as vibrantes festividades e a rica hist\u00f3ria do flamenco.<\/p>\n<p>Na Ol\u00e9 Mosaic, como grossista de artigos tradicionais, oferecemos esta concha de cer\u00e2mica que \u00e9 uma excelente op\u00e7\u00e3o para lojas de presentes tur\u00edsticos que procuram produtos que reflitam a identidade cultural espanhola. Esta recorda\u00e7\u00e3o de flamenco \u00e9 um presente ideal para turistas que procuram levar uma recorda\u00e7\u00e3o significativa e de qualidade da sua visita.<\/p>\n","protected":false},"excerpt":{"rendered":"<p>Concha de cer\u00e2mica decorada com a imagem de uma bailarina de flamenco, que evoca a ess\u00eancia de Espanha. Este atraente utens\u00edlio, em tons de bege e com um elegante rebordo preto, apresenta um design artesanal, pintado \u00e0 m\u00e3o, com motivos florais e detalhes em vermelho. A bailarina, vestida com um vibrante traje de bolinhas, segura um ramo de cravos, capturando a alegria do folclore espanhol em cada detalhe. Ideal para dar um toque cultural e art\u00edstico \u00e0 sua cozinha.<\/p>\n","protected":false},"featured_media":7004,"template":"","meta":{"_acf_changed":false},"product_brand":[],"product_cat":[804],"product_tag":[515],"class_list":{"0":"post-31411","1":"product","2":"type-product","3":"status-publish","4":"has-post-thumbnail","6":"product_cat-conchas","7":"product_tag-ceramica","8":"pa_motivo-dancarinos","10":"first","11":"instock","12":"shipping-taxable","13":"product-type-simple"},"acf":[],"_links":{"self":[{"href":"https:\/\/olemosaic.orbitalia.org\/pt-pt\/wp-json\/wp\/v2\/product\/31411","targetHints":{"allow":["GET"]}}],"collection":[{"href":"https:\/\/olemosaic.orbitalia.org\/pt-pt\/wp-json\/wp\/v2\/product"}],"about":[{"href":"https:\/\/olemosaic.orbitalia.org\/pt-pt\/wp-json\/wp\/v2\/types\/product"}],"wp:featuredmedia":[{"embeddable":true,"href":"https:\/\/olemosaic.orbitalia.org\/pt-pt\/wp-json\/wp\/v2\/media\/7004"}],"wp:attachment":[{"href":"https:\/\/olemosaic.orbitalia.org\/pt-pt\/wp-json\/wp\/v2\/media?parent=31411"}],"wp:term":[{"taxonomy":"product_brand","embeddable":true,"href":"https:\/\/olemosaic.orbitalia.org\/pt-pt\/wp-json\/wp\/v2\/product_brand?post=31411"},{"taxonomy":"product_cat","embeddable":true,"href":"https:\/\/olemosaic.orbitalia.org\/pt-pt\/wp-json\/wp\/v2\/product_cat?post=31411"},{"taxonomy":"product_tag","embeddable":true,"href":"https:\/\/olemosaic.orbitalia.org\/pt-pt\/wp-json\/wp\/v2\/product_tag?post=31411"}],"curies":[{"name":"wp","href":"https:\/\/api.w.org\/{rel}","templated":true}]}}