{"id":31398,"date":"2025-02-20T22:31:34","date_gmt":"2025-02-20T22:31:34","guid":{"rendered":"https:\/\/olemosaic.orbitalia.org\/producto\/cucharon-de-ceramica-lisboa-blanco\/"},"modified":"2025-07-25T18:38:02","modified_gmt":"2025-07-25T16:38:02","slug":"concha-de-ceramica-lisboa-branco","status":"publish","type":"product","link":"https:\/\/olemosaic.orbitalia.org\/pt-pt\/produto\/concha-de-ceramica-lisboa-branco\/","title":{"rendered":"Concha de cer\u00e2mica. Lisboa. Branco"},"content":{"rendered":"<p>Esta concha de cer\u00e2mica, decorada com uma ilustra\u00e7\u00e3o vibrante de Lisboa, \u00e9 uma excelente recorda\u00e7\u00e3o que capta a ess\u00eancia da bela capital portuguesa. O seu design apresenta um fundo azul intenso sobre o qual se destacam detalhes em branco, criando um contraste atraente e harmonioso. De um lado, contempla-se um ic\u00f3nico el\u00e9trico amarelo a serpentear pelas colinas, rodeado por uma colorida panor\u00e2mica que inclui edif\u00edcios tradicionais com os seus azulejos caracter\u00edsticos, evocando a arquitetura \u00fanica da cidade. A palavra &#8220;LISBOA&#8221; est\u00e1 elegantemente inscrita no design, refor\u00e7ando o seu car\u00e1ter distintivo e cultural.<\/p>\n<p>Fabricada com cer\u00e2mica de alta qualidade, esta concha n\u00e3o s\u00f3 \u00e9 funcional, como tamb\u00e9m \u00e9 uma bela pe\u00e7a decorativa que pode real\u00e7ar qualquer cozinha ou sala de jantar. \u00c9 ideal como lembran\u00e7a da rica hist\u00f3ria e do ambiente vibrante de Lisboa. O seu design artesanal e autenticidade tornam-na o presente perfeito para quem procura recorda\u00e7\u00f5es de qualidade que representem a cultura lusa. Na Ol\u00e9 Mosaic, somos especialistas na distribui\u00e7\u00e3o de recorda\u00e7\u00f5es por grosso, e esta concha \u00e9 uma excelente op\u00e7\u00e3o para lojas de recorda\u00e7\u00f5es tur\u00edsticas que desejem oferecer lembran\u00e7as aut\u00eanticas e representativas de Lisboa. Em suma, uma valiosa adi\u00e7\u00e3o para qualquer cole\u00e7\u00e3o de recorda\u00e7\u00f5es.<\/p>\n","protected":false},"excerpt":{"rendered":"<p>Concha de cer\u00e2mica decorada com uma ilustra\u00e7\u00e3o vibrante de Lisboa. Esta elegante concha, com fundo azul e detalhes em branco, mostra um ic\u00f3nico el\u00e9trico e uma panor\u00e2mica da cidade com edif\u00edcios de cores vivas. O design inclui a palavra &#8220;LISBOA&#8221;, real\u00e7ando o seu car\u00e1ter distintivo e cultural. Fabricada com cer\u00e2mica de alta qualidade, \u00e9 o souvenir perfeito para recordar a beleza da capital portuguesa.<\/p>\n","protected":false},"featured_media":9912,"template":"","meta":{"_acf_changed":false},"product_brand":[],"product_cat":[804],"product_tag":[515],"class_list":{"0":"post-31398","1":"product","2":"type-product","3":"status-publish","4":"has-post-thumbnail","6":"product_cat-conchas","7":"product_tag-ceramica","8":"pa_ciudad-lisboa","9":"pa_pais-portugal","11":"first","12":"instock","13":"shipping-taxable","14":"product-type-simple"},"acf":[],"_links":{"self":[{"href":"https:\/\/olemosaic.orbitalia.org\/pt-pt\/wp-json\/wp\/v2\/product\/31398","targetHints":{"allow":["GET"]}}],"collection":[{"href":"https:\/\/olemosaic.orbitalia.org\/pt-pt\/wp-json\/wp\/v2\/product"}],"about":[{"href":"https:\/\/olemosaic.orbitalia.org\/pt-pt\/wp-json\/wp\/v2\/types\/product"}],"wp:featuredmedia":[{"embeddable":true,"href":"https:\/\/olemosaic.orbitalia.org\/pt-pt\/wp-json\/wp\/v2\/media\/9912"}],"wp:attachment":[{"href":"https:\/\/olemosaic.orbitalia.org\/pt-pt\/wp-json\/wp\/v2\/media?parent=31398"}],"wp:term":[{"taxonomy":"product_brand","embeddable":true,"href":"https:\/\/olemosaic.orbitalia.org\/pt-pt\/wp-json\/wp\/v2\/product_brand?post=31398"},{"taxonomy":"product_cat","embeddable":true,"href":"https:\/\/olemosaic.orbitalia.org\/pt-pt\/wp-json\/wp\/v2\/product_cat?post=31398"},{"taxonomy":"product_tag","embeddable":true,"href":"https:\/\/olemosaic.orbitalia.org\/pt-pt\/wp-json\/wp\/v2\/product_tag?post=31398"}],"curies":[{"name":"wp","href":"https:\/\/api.w.org\/{rel}","templated":true}]}}