{"id":31372,"date":"2025-02-20T23:31:33","date_gmt":"2025-02-20T22:31:33","guid":{"rendered":"https:\/\/olemosaic.orbitalia.org\/producto\/cucharon-de-ceramica-toros-blanco\/"},"modified":"2025-07-25T19:16:30","modified_gmt":"2025-07-25T17:16:30","slug":"concha-de-ceramica-touros-branco","status":"publish","type":"product","link":"https:\/\/olemosaic.orbitalia.org\/pt-pt\/produto\/concha-de-ceramica-touros-branco\/","title":{"rendered":"Concha de cer\u00e2mica. Touros. Branco"},"content":{"rendered":"<p>Esta concha de cer\u00e2mica branca, decorada com vibrantes motivos de touros, \u00e9 uma pe\u00e7a perfeita para adicionar um toque autenticamente espanhol \u00e0 sua cozinha. O seu design muito especial apresenta um touro em cores vivas como verdes e vermelhos, sobre um fundo branco, com padr\u00f5es abstratos entrela\u00e7ados com mosaicos coloridos. Esta combina\u00e7\u00e3o est\u00e9tica n\u00e3o s\u00f3 reflete a rica cultura do folclore espanhol, mas tamb\u00e9m capta a ess\u00eancia das tradi\u00e7\u00f5es taurinas de Espanha, tornando-se um s\u00edmbolo da paix\u00e3o e da arte que representam.<\/p>\n<p>A concha, elaborada com t\u00e9cnicas de cer\u00e2mica que garantem a sua durabilidade e resist\u00eancia, n\u00e3o s\u00f3 se destaca pela sua beleza, mas tamb\u00e9m pela sua funcionalidade, sendo uma ferramenta ideal para servir os seus pratos favoritos. A representa\u00e7\u00e3o do touro, um \u00edcone na cultura espanhola, evoca a emo\u00e7\u00e3o das feiras e touradas, que fazem parte do patrim\u00f3nio cultural do pa\u00eds.<\/p>\n<p>Este souvenir, que tamb\u00e9m funciona como pe\u00e7a decorativa, \u00e9 uma excelente op\u00e7\u00e3o para quem procura recorda\u00e7\u00f5es representativas da sua visita a Espanha. Na Ol\u00e9 Mosaic, como grossista de souvenirs, oferecemos esta concha de cer\u00e2mica que n\u00e3o \u00e9 apenas um objeto pr\u00e1tico, mas tamb\u00e9m uma recorda\u00e7\u00e3o aut\u00eantica que liga os turistas \u00e0 rica tradi\u00e7\u00e3o cultural de Espanha. Perfeito para lojas de presentes tur\u00edsticos que desejam apresentar produtos de qualidade e relev\u00e2ncia cultural.<\/p>\n","protected":false},"excerpt":{"rendered":"<p>Concha de cer\u00e2mica branca decorada com coloridos motivos taurinos, ideal para dar um toque espanhol \u00e0 sua cozinha. O seu design apresenta uma vibrante combina\u00e7\u00e3o de mosaicos, com um touro em tons verdes e vermelhos rodeado de padr\u00f5es abstratos sobre fundo branco. A t\u00e9cnica cer\u00e2mica utilizada garante durabilidade, enquanto o seu estilo colorido e distintivo reflete a rica cultura do folclore espanhol. Perfeito como recorda\u00e7\u00e3o ou utens\u00edlio de cozinha.<\/p>\n","protected":false},"featured_media":8534,"template":"","meta":{"_acf_changed":false},"product_brand":[],"product_cat":[804],"product_tag":[516,515],"class_list":{"0":"post-31372","1":"product","2":"type-product","3":"status-publish","4":"has-post-thumbnail","6":"product_cat-conchas","7":"product_tag-animais","8":"product_tag-ceramica","9":"pa_motivo-touros","11":"first","12":"instock","13":"shipping-taxable","14":"product-type-simple"},"acf":[],"_links":{"self":[{"href":"https:\/\/olemosaic.orbitalia.org\/pt-pt\/wp-json\/wp\/v2\/product\/31372","targetHints":{"allow":["GET"]}}],"collection":[{"href":"https:\/\/olemosaic.orbitalia.org\/pt-pt\/wp-json\/wp\/v2\/product"}],"about":[{"href":"https:\/\/olemosaic.orbitalia.org\/pt-pt\/wp-json\/wp\/v2\/types\/product"}],"wp:featuredmedia":[{"embeddable":true,"href":"https:\/\/olemosaic.orbitalia.org\/pt-pt\/wp-json\/wp\/v2\/media\/8534"}],"wp:attachment":[{"href":"https:\/\/olemosaic.orbitalia.org\/pt-pt\/wp-json\/wp\/v2\/media?parent=31372"}],"wp:term":[{"taxonomy":"product_brand","embeddable":true,"href":"https:\/\/olemosaic.orbitalia.org\/pt-pt\/wp-json\/wp\/v2\/product_brand?post=31372"},{"taxonomy":"product_cat","embeddable":true,"href":"https:\/\/olemosaic.orbitalia.org\/pt-pt\/wp-json\/wp\/v2\/product_cat?post=31372"},{"taxonomy":"product_tag","embeddable":true,"href":"https:\/\/olemosaic.orbitalia.org\/pt-pt\/wp-json\/wp\/v2\/product_tag?post=31372"}],"curies":[{"name":"wp","href":"https:\/\/api.w.org\/{rel}","templated":true}]}}