{"id":31310,"date":"2025-02-20T22:31:31","date_gmt":"2025-02-20T22:31:31","guid":{"rendered":"https:\/\/olemosaic.orbitalia.org\/producto\/cortador-de-ceramica-mosaico\/"},"modified":"2025-07-25T19:07:31","modified_gmt":"2025-07-25T17:07:31","slug":"cortador-de-ceramica-mosaico-pt-pt","status":"publish","type":"product","link":"https:\/\/olemosaic.orbitalia.org\/pt-pt\/produto\/cortador-de-ceramica-mosaico-pt-pt\/","title":{"rendered":"Cortador de cer\u00e2mica. Mosaico."},"content":{"rendered":"<p>Este cortador de cer\u00e2mica, decorado com um mosaico vibrante, \u00e9 uma aut\u00eantica joia que capta a riqueza da arte do azulejo espanhol. Elaborado com um material duradouro, este artigo funcional n\u00e3o s\u00f3 \u00e9 ideal para cortar e servir, como o seu design est\u00e9tico o torna uma pe\u00e7a decorativa imprescind\u00edvel para qualquer cozinha. Apresenta uma requintada variedade de padr\u00f5es coloridos que brilham em tons de vermelho, azul, amarelo e branco, evocando a tradi\u00e7\u00e3o cultural dos azulejos andaluzes que adornam fachadas e p\u00e1tios de casas na Andaluzia.<\/p>\n<p>O mosaico, cuidadosamente desenhado, apresenta uma combina\u00e7\u00e3o de formas geom\u00e9tricas e florais que real\u00e7am o seu apelo visual, transformando uma ferramenta de cozinha numa obra de arte. A liga\u00e7\u00e3o cultural deste cortador com a rica hist\u00f3ria da cer\u00e2mica espanhola torna-o uma recorda\u00e7\u00e3o perfeita para os turistas que procuram levar um peda\u00e7o da cultura andaluza.<\/p>\n<p>Na Ol\u00e9 Mosaic, especializamo-nos na distribui\u00e7\u00e3o de recorda\u00e7\u00f5es por grosso, e este cortador de cer\u00e2mica \u00e9 uma excelente op\u00e7\u00e3o para lojas de presentes tur\u00edsticos que desejem oferecer produtos aut\u00eanticos. As recorda\u00e7\u00f5es de cer\u00e2mica, como este cortador, s\u00e3o exemplos emblem\u00e1ticos do artesanato espanhol, ideais para aqueles que apreciam a funcionalidade sem sacrificar a est\u00e9tica. Como grossistas de artigos de cer\u00e2mica, garantimos que cada pe\u00e7a que oferecemos celebra a heran\u00e7a cultural de Espanha de forma aut\u00eantica.<\/p>\n","protected":false},"excerpt":{"rendered":"<p>Cortador de cer\u00e2mica decorado com um mosaico vibrante que reflete a riqueza da arte do azulejo espanhol. Fabricado com materiais duradouros, apresenta uma variedade de padr\u00f5es coloridos em tons de vermelho, azul, amarelo e branco, evocando a tradi\u00e7\u00e3o cultural dos azulejos andaluzes. Ideal para cortar e servir, o seu design funcional \u00e9 complementado por um acabamento visualmente atraente, tornando-o uma pe\u00e7a pr\u00e1tica e decorativa para qualquer cozinha.<\/p>\n","protected":false},"featured_media":8933,"template":"","meta":{"_acf_changed":false},"product_brand":[],"product_cat":[797],"product_tag":[515],"class_list":{"0":"post-31310","1":"product","2":"type-product","3":"status-publish","4":"has-post-thumbnail","6":"product_cat-cortadores","7":"product_tag-ceramica","8":"pa_motivo-mosaico","10":"first","11":"instock","12":"shipping-taxable","13":"product-type-simple"},"acf":[],"_links":{"self":[{"href":"https:\/\/olemosaic.orbitalia.org\/pt-pt\/wp-json\/wp\/v2\/product\/31310","targetHints":{"allow":["GET"]}}],"collection":[{"href":"https:\/\/olemosaic.orbitalia.org\/pt-pt\/wp-json\/wp\/v2\/product"}],"about":[{"href":"https:\/\/olemosaic.orbitalia.org\/pt-pt\/wp-json\/wp\/v2\/types\/product"}],"wp:featuredmedia":[{"embeddable":true,"href":"https:\/\/olemosaic.orbitalia.org\/pt-pt\/wp-json\/wp\/v2\/media\/8933"}],"wp:attachment":[{"href":"https:\/\/olemosaic.orbitalia.org\/pt-pt\/wp-json\/wp\/v2\/media?parent=31310"}],"wp:term":[{"taxonomy":"product_brand","embeddable":true,"href":"https:\/\/olemosaic.orbitalia.org\/pt-pt\/wp-json\/wp\/v2\/product_brand?post=31310"},{"taxonomy":"product_cat","embeddable":true,"href":"https:\/\/olemosaic.orbitalia.org\/pt-pt\/wp-json\/wp\/v2\/product_cat?post=31310"},{"taxonomy":"product_tag","embeddable":true,"href":"https:\/\/olemosaic.orbitalia.org\/pt-pt\/wp-json\/wp\/v2\/product_tag?post=31310"}],"curies":[{"name":"wp","href":"https:\/\/api.w.org\/{rel}","templated":true}]}}