{"id":31309,"date":"2025-02-20T22:31:31","date_gmt":"2025-02-20T22:31:31","guid":{"rendered":"https:\/\/olemosaic.orbitalia.org\/producto\/cortador-de-ceramica-salamandra-y-flores\/"},"modified":"2025-07-25T19:23:19","modified_gmt":"2025-07-25T17:23:19","slug":"cortador-de-ceramica-salamandra-e-flores","status":"publish","type":"product","link":"https:\/\/olemosaic.orbitalia.org\/pt-pt\/produto\/cortador-de-ceramica-salamandra-e-flores\/","title":{"rendered":"Cortador de cer\u00e2mica. Salamandra e flores."},"content":{"rendered":"<p>Este cortador de cer\u00e2mica, decorado com vibrantes salamandras e flores, \u00e9 um aut\u00eantico reflexo do estilo de mosaico espanhol, ideal para quem procura uma recorda\u00e7\u00e3o que combine funcionalidade e arte. Fabricado em cer\u00e2mica de alta qualidade, este utens\u00edlio n\u00e3o s\u00f3 oferece uma superf\u00edcie resistente e f\u00e1cil de limpar, como tamb\u00e9m apresenta um design visualmente cativante. As cores vivas, como o vermelho, o azul e o amarelo, espalham-se sobre um fundo claro, criando um conjunto alegre que confere um toque folcl\u00f3rico a qualquer cozinha.<\/p>\n<p>O motivo das salamandras, representadas de forma estilizada, juntamente com as flores em diferentes tonalidades, n\u00e3o s\u00f3 embeleza este cortador, como tamb\u00e9m evoca a rica tradi\u00e7\u00e3o art\u00edstica espanhola, especialmente em regi\u00f5es como a Catalunha, onde os mosaicos s\u00e3o uma importante forma de express\u00e3o cultural. Este cortador de cer\u00e2mica, al\u00e9m de ser pr\u00e1tico para o uso di\u00e1rio, torna-se uma recorda\u00e7\u00e3o representativa dos vibrantes costumes espanh\u00f3is, perfeito para os turistas que desejam levar para casa uma parte do patrim\u00f3nio cultural.<\/p>\n<p>Na Ol\u00e9 Mosaic, somos l\u00edderes na distribui\u00e7\u00e3o de recorda\u00e7\u00f5es por grosso, garantindo a autenticidade e a qualidade dos nossos produtos. Este cortador de cer\u00e2mica \u00e9 uma excelente op\u00e7\u00e3o para lojas de presentes tur\u00edsticos que procuram artigos \u00fanicos e relevantes que reflitam o esp\u00edrito de Espanha. Com o seu design apelativo e a sua liga\u00e7\u00e3o cultural, este cortador \u00e9 mais do que um utens\u00edlio de cozinha: \u00e9 um aut\u00eantico s\u00edmbolo da beleza e da arte do nosso pa\u00eds.<\/p>\n","protected":false},"excerpt":{"rendered":"<p>Cortador de cer\u00e2mica decorado com motivos coloridos de salamandras e flores, inspirado no estilo de mosaico t\u00edpico de Espanha. Este pr\u00e1tico utens\u00edlio de cozinha \u00e9 fabricado em cer\u00e2mica, o que lhe proporciona uma superf\u00edcie resistente e f\u00e1cil de limpar. As suas cores vibrantes, como o vermelho, o azul e o amarelo, destacam-se sobre um fundo claro, criando um design atraente e alegre. Ideal para adicionar um toque folcl\u00f3rico \u00e0s suas refei\u00e7\u00f5es di\u00e1rias.<\/p>\n","protected":false},"featured_media":8774,"template":"","meta":{"_acf_changed":false},"product_brand":[],"product_cat":[797],"product_tag":[516,515],"class_list":{"0":"post-31309","1":"product","2":"type-product","3":"status-publish","4":"has-post-thumbnail","6":"product_cat-cortadores","7":"product_tag-animais","8":"product_tag-ceramica","9":"pa_motivo-salamandras","11":"first","12":"instock","13":"shipping-taxable","14":"product-type-simple"},"acf":[],"_links":{"self":[{"href":"https:\/\/olemosaic.orbitalia.org\/pt-pt\/wp-json\/wp\/v2\/product\/31309","targetHints":{"allow":["GET"]}}],"collection":[{"href":"https:\/\/olemosaic.orbitalia.org\/pt-pt\/wp-json\/wp\/v2\/product"}],"about":[{"href":"https:\/\/olemosaic.orbitalia.org\/pt-pt\/wp-json\/wp\/v2\/types\/product"}],"wp:featuredmedia":[{"embeddable":true,"href":"https:\/\/olemosaic.orbitalia.org\/pt-pt\/wp-json\/wp\/v2\/media\/8774"}],"wp:attachment":[{"href":"https:\/\/olemosaic.orbitalia.org\/pt-pt\/wp-json\/wp\/v2\/media?parent=31309"}],"wp:term":[{"taxonomy":"product_brand","embeddable":true,"href":"https:\/\/olemosaic.orbitalia.org\/pt-pt\/wp-json\/wp\/v2\/product_brand?post=31309"},{"taxonomy":"product_cat","embeddable":true,"href":"https:\/\/olemosaic.orbitalia.org\/pt-pt\/wp-json\/wp\/v2\/product_cat?post=31309"},{"taxonomy":"product_tag","embeddable":true,"href":"https:\/\/olemosaic.orbitalia.org\/pt-pt\/wp-json\/wp\/v2\/product_tag?post=31309"}],"curies":[{"name":"wp","href":"https:\/\/api.w.org\/{rel}","templated":true}]}}