{"id":31307,"date":"2025-02-20T22:31:31","date_gmt":"2025-02-20T22:31:31","guid":{"rendered":"https:\/\/olemosaic.orbitalia.org\/producto\/cortador-de-ceramica-panoramica-barcelona\/"},"modified":"2025-07-25T18:40:20","modified_gmt":"2025-07-25T16:40:20","slug":"cortador-de-ceramica-panoramica-barcelona-pt-pt","status":"publish","type":"product","link":"https:\/\/olemosaic.orbitalia.org\/pt-pt\/produto\/cortador-de-ceramica-panoramica-barcelona-pt-pt\/","title":{"rendered":"Cortador de cer\u00e2mica. Panor\u00e2mica. Barcelona."},"content":{"rendered":"<p>Este cortador de cer\u00e2mica, com a vibrante panor\u00e2mica da Sagrada Fam\u00edlia, \u00e9 uma recorda\u00e7\u00e3o emblem\u00e1tica de Barcelona, concebido para quem aprecia a arte e a cultura. Este pr\u00e1tico acess\u00f3rio, fabricado em cer\u00e2mica de alta qualidade, garante durabilidade e uma utiliza\u00e7\u00e3o simples na cozinha. O seu design colorido evoca a ess\u00eancia do famoso arquiteto Antoni Gaud\u00ed, apresentando um mosaico de tons vermelho, amarelo, azul e verde que capta a magnific\u00eancia da bas\u00edlica. As impressionantes torres, juntamente com os elementos decorativos caracter\u00edsticos, s\u00e3o representadas com grande detalhe, oferecendo uma vista que n\u00e3o s\u00f3 \u00e9 visualmente atraente, mas tamb\u00e9m transporta quem o utiliza para as ruas de Barcelona.<\/p>\n<p>A Sagrada Fam\u00edlia, s\u00edmbolo indiscut\u00edvel da cidade, tornou-se um \u00edcone cultural que atrai milh\u00f5es de turistas, e este cortador \u00e9 uma forma perfeita de levar um peda\u00e7o desse legado para casa. Ideal para os amantes da cozinha que procuram um toque art\u00edstico no seu lar, esta recorda\u00e7\u00e3o reflete a rica cultura catal\u00e3 e a sua dedica\u00e7\u00e3o \u00e0s artes. Na Ol\u00e9 Mosaic, oferecemos produtos aut\u00eanticos e representativos que far\u00e3o destacar qualquer loja de presentes tur\u00edsticos, assegurando que cada pe\u00e7a n\u00e3o s\u00f3 seja funcional, mas tamb\u00e9m uma lembran\u00e7a da magia de Barcelona. Este cortador de cer\u00e2mica \u00e9, sem d\u00favida, um excelente investimento para quem procura recorda\u00e7\u00f5es de Barcelona verdadeiramente \u00fanicas.<\/p>\n","protected":false},"excerpt":{"rendered":"<p>Cortador de cer\u00e2mica com uma colorida panor\u00e2mica da Sagrada Fam\u00edlia, emblema de Barcelona. Este pr\u00e1tico acess\u00f3rio, fabricado em cer\u00e2mica, apresenta um design vibrante com mosaicos em tons de vermelho, amarelo, azul e verde, evocando o estilo do famoso arquiteto Antoni Gaud\u00ed. A impress\u00e3o inclui detalhes caracter\u00edsticos da bas\u00edlica, com as suas impressionantes torres e elementos decorativos que refletem a rica cultura catal\u00e3. Ideal para os amantes da cozinha que procuram um toque art\u00edstico no seu lar.<\/p>\n","protected":false},"featured_media":8770,"template":"","meta":{"_acf_changed":false},"product_brand":[],"product_cat":[797],"product_tag":[515],"class_list":{"0":"post-31307","1":"product","2":"type-product","3":"status-publish","4":"has-post-thumbnail","6":"product_cat-cortadores","7":"product_tag-ceramica","8":"pa_ciudad-barcelona","9":"pa_motivo-panoramas","10":"pa_pais-espana","12":"first","13":"instock","14":"shipping-taxable","15":"product-type-simple"},"acf":[],"_links":{"self":[{"href":"https:\/\/olemosaic.orbitalia.org\/pt-pt\/wp-json\/wp\/v2\/product\/31307","targetHints":{"allow":["GET"]}}],"collection":[{"href":"https:\/\/olemosaic.orbitalia.org\/pt-pt\/wp-json\/wp\/v2\/product"}],"about":[{"href":"https:\/\/olemosaic.orbitalia.org\/pt-pt\/wp-json\/wp\/v2\/types\/product"}],"wp:featuredmedia":[{"embeddable":true,"href":"https:\/\/olemosaic.orbitalia.org\/pt-pt\/wp-json\/wp\/v2\/media\/8770"}],"wp:attachment":[{"href":"https:\/\/olemosaic.orbitalia.org\/pt-pt\/wp-json\/wp\/v2\/media?parent=31307"}],"wp:term":[{"taxonomy":"product_brand","embeddable":true,"href":"https:\/\/olemosaic.orbitalia.org\/pt-pt\/wp-json\/wp\/v2\/product_brand?post=31307"},{"taxonomy":"product_cat","embeddable":true,"href":"https:\/\/olemosaic.orbitalia.org\/pt-pt\/wp-json\/wp\/v2\/product_cat?post=31307"},{"taxonomy":"product_tag","embeddable":true,"href":"https:\/\/olemosaic.orbitalia.org\/pt-pt\/wp-json\/wp\/v2\/product_tag?post=31307"}],"curies":[{"name":"wp","href":"https:\/\/api.w.org\/{rel}","templated":true}]}}