{"id":31276,"date":"2025-02-20T23:31:30","date_gmt":"2025-02-20T22:31:30","guid":{"rendered":"https:\/\/olemosaic.orbitalia.org\/producto\/cortador-de-ceramica-salamandra-2\/"},"modified":"2025-07-25T18:37:27","modified_gmt":"2025-07-25T16:37:27","slug":"cortador-de-ceramica-salamandra-2-pt-pt","status":"publish","type":"product","link":"https:\/\/olemosaic.orbitalia.org\/pt-pt\/produto\/cortador-de-ceramica-salamandra-2-pt-pt\/","title":{"rendered":"Cortador de cer\u00e2mica. Salamandra. Motivos florais."},"content":{"rendered":"<p>Este cortador de cer\u00e2mica com design de salamandras \u00e9 um utens\u00edlio \u00fanico que combina funcionalidade e arte na cozinha. Fabricado com cer\u00e2mica de alta qualidade, este pr\u00e1tico cortador apresenta uma colorida decora\u00e7\u00e3o com efeito pintado \u00e0 m\u00e3o, com salamandras em tons vibrantes de vermelho, verde e azul entrela\u00e7adas com divertidas flores vermelhas sobre um encantador fundo cinzento claro. A habilidade artesanal \u00e9 vis\u00edvel em cada detalhe das salamandras, enquanto o fundo geom\u00e9trico confere um toque moderno e fresco.<\/p>\n<p>Este cortador n\u00e3o \u00e9 apenas uma ferramenta \u00fatil para cortes precisos, mas tamb\u00e9m atua como pe\u00e7a decorativa, adicionando um elemento art\u00edstico \u00e0 sua cozinha. Inspirado no folclore espanhol, o design das salamandras simboliza a riqueza da fauna local e a liga\u00e7\u00e3o com a natureza, tornando-o uma aut\u00eantica recorda\u00e7\u00e3o que reflete a vibrante cultura de Espanha.<\/p>\n<p>Dispon\u00edvel na Ol\u00e9 Mosaic, este cortador de cer\u00e2mica \u00e9 um excelente presente ou recorda\u00e7\u00e3o para turistas que procuram levar um peda\u00e7o da tradi\u00e7\u00e3o espanhola para casa. Como distribuidores de utens\u00edlios de cozinha por grosso, garantimos a autenticidade e qualidade de cada pe\u00e7a, tornando este cortador um produto imprescind\u00edvel para lojas de presentes tur\u00edsticos que desejem oferecer artigos com uma hist\u00f3ria cultural por tr\u00e1s.<\/p>\n","protected":false},"excerpt":{"rendered":"<p>Cortador de cer\u00e2mica com design inspirado em salamandras, ideal para la cozinha. Este pr\u00e1tico utens\u00edlio de cer\u00e2mica apresenta uma colorida decora\u00e7\u00e3o de design artesanal, pintado \u00e0 m\u00e3o, com salamandras em tons vermelhos, verdes e azuis, rodeadas de alegres flores vermelhas sobre um fundo cinzento claro. \u00c9 perfeito para adicionar um toque art\u00edstico \u00e0 sua cozinha enquanto realiza cortes precisos. Uma recorda\u00e7\u00e3o aut\u00eantica que reflete o folclore e a riqueza cultural de Espanha.<\/p>\n","protected":false},"featured_media":9041,"template":"","meta":{"_acf_changed":false},"product_brand":[],"product_cat":[797],"product_tag":[516,515],"class_list":{"0":"post-31276","1":"product","2":"type-product","3":"status-publish","4":"has-post-thumbnail","6":"product_cat-cortadores","7":"product_tag-animais","8":"product_tag-ceramica","9":"pa_motivo-salamandras","11":"first","12":"instock","13":"shipping-taxable","14":"product-type-simple"},"acf":[],"_links":{"self":[{"href":"https:\/\/olemosaic.orbitalia.org\/pt-pt\/wp-json\/wp\/v2\/product\/31276","targetHints":{"allow":["GET"]}}],"collection":[{"href":"https:\/\/olemosaic.orbitalia.org\/pt-pt\/wp-json\/wp\/v2\/product"}],"about":[{"href":"https:\/\/olemosaic.orbitalia.org\/pt-pt\/wp-json\/wp\/v2\/types\/product"}],"wp:featuredmedia":[{"embeddable":true,"href":"https:\/\/olemosaic.orbitalia.org\/pt-pt\/wp-json\/wp\/v2\/media\/9041"}],"wp:attachment":[{"href":"https:\/\/olemosaic.orbitalia.org\/pt-pt\/wp-json\/wp\/v2\/media?parent=31276"}],"wp:term":[{"taxonomy":"product_brand","embeddable":true,"href":"https:\/\/olemosaic.orbitalia.org\/pt-pt\/wp-json\/wp\/v2\/product_brand?post=31276"},{"taxonomy":"product_cat","embeddable":true,"href":"https:\/\/olemosaic.orbitalia.org\/pt-pt\/wp-json\/wp\/v2\/product_cat?post=31276"},{"taxonomy":"product_tag","embeddable":true,"href":"https:\/\/olemosaic.orbitalia.org\/pt-pt\/wp-json\/wp\/v2\/product_tag?post=31276"}],"curies":[{"name":"wp","href":"https:\/\/api.w.org\/{rel}","templated":true}]}}