{"id":31275,"date":"2025-02-20T22:31:30","date_gmt":"2025-02-20T22:31:30","guid":{"rendered":"https:\/\/olemosaic.orbitalia.org\/producto\/cortador-de-ceramica-gato\/"},"modified":"2025-07-25T18:37:41","modified_gmt":"2025-07-25T16:37:41","slug":"cortador-de-ceramica-gato-pt-pt","status":"publish","type":"product","link":"https:\/\/olemosaic.orbitalia.org\/pt-pt\/produto\/cortador-de-ceramica-gato-pt-pt\/","title":{"rendered":"Cortador de cer\u00e2mica. Gato."},"content":{"rendered":"<p>Este cortador de cer\u00e2mica com design de gatos coloridos \u00e9 um utens\u00edlio de cozinha engenhoso e vibrante que captura a ess\u00eancia l\u00fadica da cultura espanhola. Fabricado em cer\u00e2mica de alta qualidade, a sua superf\u00edcie exibe uma ilustra\u00e7\u00e3o cativante: tr\u00eas gatos, com formas geom\u00e9tricas e cores intensas, num ambiente alegre rodeado de borboletas. As tonalidades, que v\u00e3o do azul ao amarelo, passando pelo vermelho e verde, n\u00e3o s\u00f3 conferem um toque decorativo, como evocam o famoso estilo de mosaico t\u00edpico de v\u00e1rias regi\u00f5es de Espanha, tornando este cortador uma pe\u00e7a encantadora e distintiva para qualquer lar.<\/p>\n<p>Este objeto funcional combina praticidade e arte, tornando-se uma emotiva recorda\u00e7\u00e3o de cer\u00e2mica que celebra a alegria e o amor pelos animais na cultura local. Ideal para quem procura souvenirs aut\u00eanticos, este cortador n\u00e3o \u00e9 apenas uma ferramenta \u00fatil na cozinha, mas tamb\u00e9m um elemento decorativo que adiciona personalidade e cor a qualquer espa\u00e7o. Na Ol\u00e9 Mosaic, especializados na distribui\u00e7\u00e3o de souvenirs por grosso, oferecemos este cortador de cer\u00e2mica como uma excelente op\u00e7\u00e3o para lojas de presentes tur\u00edsticos. Com o seu atraente design de gatos coloridos, este utens\u00edlio \u00e9 um presente ideal que certamente cativar\u00e1 turistas e amantes da cultura espanhola.<\/p>\n","protected":false},"excerpt":{"rendered":"<p>Cortador de cer\u00e2mica com design de gatos coloridos, inspirado no estilo mosaico tradicional da regi\u00e3o. Este utens\u00edlio de cozinha, fabricado em cer\u00e2mica, apresenta uma ilustra\u00e7\u00e3o vibrante onde tr\u00eas gatos, rodeados de borboletas, se destacam pelos seus tons intensos e formas geom\u00e9tricas. Ideal para adicionar um toque l\u00fadico \u00e0 cozinha, este cortador n\u00e3o \u00e9 apenas funcional, mas tamb\u00e9m uma pe\u00e7a decorativa que celebra a cultura espanhola.<\/p>\n","protected":false},"featured_media":9039,"template":"","meta":{"_acf_changed":false},"product_brand":[],"product_cat":[797],"product_tag":[516,515],"class_list":{"0":"post-31275","1":"product","2":"type-product","3":"status-publish","4":"has-post-thumbnail","6":"product_cat-cortadores","7":"product_tag-animais","8":"product_tag-ceramica","9":"pa_motivo-gatos","11":"first","12":"instock","13":"shipping-taxable","14":"product-type-simple"},"acf":[],"_links":{"self":[{"href":"https:\/\/olemosaic.orbitalia.org\/pt-pt\/wp-json\/wp\/v2\/product\/31275","targetHints":{"allow":["GET"]}}],"collection":[{"href":"https:\/\/olemosaic.orbitalia.org\/pt-pt\/wp-json\/wp\/v2\/product"}],"about":[{"href":"https:\/\/olemosaic.orbitalia.org\/pt-pt\/wp-json\/wp\/v2\/types\/product"}],"wp:featuredmedia":[{"embeddable":true,"href":"https:\/\/olemosaic.orbitalia.org\/pt-pt\/wp-json\/wp\/v2\/media\/9039"}],"wp:attachment":[{"href":"https:\/\/olemosaic.orbitalia.org\/pt-pt\/wp-json\/wp\/v2\/media?parent=31275"}],"wp:term":[{"taxonomy":"product_brand","embeddable":true,"href":"https:\/\/olemosaic.orbitalia.org\/pt-pt\/wp-json\/wp\/v2\/product_brand?post=31275"},{"taxonomy":"product_cat","embeddable":true,"href":"https:\/\/olemosaic.orbitalia.org\/pt-pt\/wp-json\/wp\/v2\/product_cat?post=31275"},{"taxonomy":"product_tag","embeddable":true,"href":"https:\/\/olemosaic.orbitalia.org\/pt-pt\/wp-json\/wp\/v2\/product_tag?post=31275"}],"curies":[{"name":"wp","href":"https:\/\/api.w.org\/{rel}","templated":true}]}}