{"id":31272,"date":"2025-02-20T23:31:30","date_gmt":"2025-02-20T22:31:30","guid":{"rendered":"https:\/\/olemosaic.orbitalia.org\/producto\/saleros-de-ceramica-patio-madrid-blanco\/"},"modified":"2025-07-25T18:56:12","modified_gmt":"2025-07-25T16:56:12","slug":"saleiros-de-ceramica-patio-madrid-branco","status":"publish","type":"product","link":"https:\/\/olemosaic.orbitalia.org\/pt-pt\/produto\/saleiros-de-ceramica-patio-madrid-branco\/","title":{"rendered":"Saleiros de cer\u00e2mica. P\u00e1tio. Madrid. Branco."},"content":{"rendered":"<p>Este conjunto de saleiros de cer\u00e2mica branca \u00e9 uma recorda\u00e7\u00e3o elegante e vibrante de Madrid, capturando a ess\u00eancia do folclore espanhol em cada detalhe. Cada saleiro \u00e9 uma obra-prima com efeito pintado \u00e0 m\u00e3o, destacando um motivo distintivo que evoca a alegria e o colorido de um t\u00edpico p\u00e1tio madrileno. Num deles, uma cativante bailarina de flamenco, vestida com um deslumbrante fato vermelho com bolinhas, segura um leque enquanto dan\u00e7a com gra\u00e7a, simbolizando a rica heran\u00e7a cultural do flamenco, uma arte profundamente enraizada na tradi\u00e7\u00e3o espanhola. No outro, apresenta-se uma encantadora janela adornada com vasos de flores vermelhas brilhantes, rodeada por um design que lembra os mosaicos, refletindo o ambiente acolhedor da vida de rua madrilena.<\/p>\n<p>Estes saleiros n\u00e3o s\u00e3o apenas funcionais, mas tamb\u00e9m servem como uma recorda\u00e7\u00e3o aut\u00eantica e colorida da capital espanhola. O seu design, que combina elementos folcl\u00f3ricos e art\u00edsticos, torna-os um presente ideal para turistas que procuram levar um pedacinho de Madrid. Na Ol\u00e9 Mosaic, somos distribuidores de recorda\u00e7\u00f5es de qualidade, e estes saleiros de cer\u00e2mica branca s\u00e3o uma excelente op\u00e7\u00e3o para lojas de presentes tur\u00edsticos que desejem oferecer produtos significativos e representativos da cultura madrilena. Atrav\u00e9s de cada saleiro, celebra-se a autenticidade e o valor cultural de Madrid, transformando estas recorda\u00e7\u00f5es de cer\u00e2mica num toque especial para qualquer lar.<\/p>\n","protected":false},"excerpt":{"rendered":"<p>Saleiros de cer\u00e2mica branca decorados com um vibrante motivo de um p\u00e1tio madrileno. Um dos saleiros apresenta uma bailarina de flamenco, vestida com um chamativo fato vermelho de bolinhas, a segurar um leque. O outro mostra uma janela adornada com vasos de flores vermelhas e um design estilo mosaico. Ambos os saleiros s\u00e3o pintados \u00e0 m\u00e3o, capturando a ess\u00eancia cultural de Madrid e o seu colorido folclore.<\/p>\n","protected":false},"featured_media":7973,"template":"","meta":{"_acf_changed":false},"product_brand":[],"product_cat":[821],"product_tag":[515],"class_list":{"0":"post-31272","1":"product","2":"type-product","3":"status-publish","4":"has-post-thumbnail","6":"product_cat-saleiros","7":"product_tag-ceramica","8":"pa_ciudad-madrid","9":"pa_motivo-patios","10":"pa_pais-espana","12":"first","13":"instock","14":"shipping-taxable","15":"product-type-simple"},"acf":[],"_links":{"self":[{"href":"https:\/\/olemosaic.orbitalia.org\/pt-pt\/wp-json\/wp\/v2\/product\/31272","targetHints":{"allow":["GET"]}}],"collection":[{"href":"https:\/\/olemosaic.orbitalia.org\/pt-pt\/wp-json\/wp\/v2\/product"}],"about":[{"href":"https:\/\/olemosaic.orbitalia.org\/pt-pt\/wp-json\/wp\/v2\/types\/product"}],"wp:featuredmedia":[{"embeddable":true,"href":"https:\/\/olemosaic.orbitalia.org\/pt-pt\/wp-json\/wp\/v2\/media\/7973"}],"wp:attachment":[{"href":"https:\/\/olemosaic.orbitalia.org\/pt-pt\/wp-json\/wp\/v2\/media?parent=31272"}],"wp:term":[{"taxonomy":"product_brand","embeddable":true,"href":"https:\/\/olemosaic.orbitalia.org\/pt-pt\/wp-json\/wp\/v2\/product_brand?post=31272"},{"taxonomy":"product_cat","embeddable":true,"href":"https:\/\/olemosaic.orbitalia.org\/pt-pt\/wp-json\/wp\/v2\/product_cat?post=31272"},{"taxonomy":"product_tag","embeddable":true,"href":"https:\/\/olemosaic.orbitalia.org\/pt-pt\/wp-json\/wp\/v2\/product_tag?post=31272"}],"curies":[{"name":"wp","href":"https:\/\/api.w.org\/{rel}","templated":true}]}}