{"id":31259,"date":"2025-02-20T23:31:30","date_gmt":"2025-02-20T22:31:30","guid":{"rendered":"https:\/\/olemosaic.orbitalia.org\/producto\/4-bols-de-coco-de-13-x-6-cm-delfin-barcelona-3\/"},"modified":"2025-07-25T18:54:42","modified_gmt":"2025-07-25T16:54:42","slug":"4-tacas-de-coco-de-13-x-6-cm-golfinho-barcelona-3","status":"publish","type":"product","link":"https:\/\/olemosaic.orbitalia.org\/pt-pt\/produto\/4-tacas-de-coco-de-13-x-6-cm-golfinho-barcelona-3\/","title":{"rendered":"4 Ta\u00e7as de coco de 13 x 6 cm. Golfinho. Efeito visual. Barcelona."},"content":{"rendered":"<p>Este jogo de quatro ta\u00e7as de coco, de 13 x 6 cm, \u00e9 uma representa\u00e7\u00e3o vibrante e aut\u00eantica da cultura barcelonesa, com um design que evoca a beleza e riqueza do mar Mediterr\u00e2neo. Cada ta\u00e7a, elaborada de forma artesanal, apresenta um magn\u00edfico motivo de golfinhos que captura a ess\u00eancia da vida marinha, simbolizando a alegria e a liberdade que se respira nesta emblem\u00e1tica cidade costeira. Com cores chamativas como o verde, o laranja, o vermelho e o dourado, estas ta\u00e7as geram um efeito visual cativante, perfeitas para decorar qualquer divis\u00e3o ou como recipientes originais para aperitivos.<\/p>\n<p>Os detalhes pintados \u00e0 m\u00e3o em cada pe\u00e7a tornam cada ta\u00e7a \u00fanica, real\u00e7ando o trabalho artesanal que caracteriza os souvenirs de Barcelona. A combina\u00e7\u00e3o de cores vibrantes e as texturas suaves do coco proporcionam um toque agrad\u00e1vel e distintivo, o que as torna uma recorda\u00e7\u00e3o ideal para aqueles que procuram levar um peda\u00e7o da cultura catal\u00e3 para casa. Na Ol\u00e9 Mosaic, orgulhamo-nos de ser distribuidores destes souvenirs t\u00edpicos e aut\u00eanticos que capturam a ess\u00eancia da sua origem. Estas ta\u00e7as de coco s\u00e3o, sem d\u00favida, uma excelente op\u00e7\u00e3o para lojas de presentes tur\u00edsticos, perfeitas para turistas que procuram souvenirs que contem uma hist\u00f3ria e reflitam a beleza da Cidade Condal.<\/p>\n","protected":false},"excerpt":{"rendered":"<p>Ta\u00e7as de coco de 13 x 6 cm, decoradas com motivos de golfinhos e um design vibrante que representa Barcelona. Cada ta\u00e7a \u00e9 elaborada com material de coco, em cores chamativas como verde, laranja, vermelho e dourado, criando um efeito visual cativante. Os detalhes pintados \u00e0 m\u00e3o acrescentam um toque \u00fanico e artesanal, transformando cada pe\u00e7a num souvenir perfeito que evoca a beleza do mar Mediterr\u00e2neo e a cultura catal\u00e3.<\/p>\n","protected":false},"featured_media":10656,"template":"","meta":{"_acf_changed":false},"product_brand":[],"product_cat":[513],"product_tag":[516],"class_list":{"0":"post-31259","1":"product","2":"type-product","3":"status-publish","4":"has-post-thumbnail","6":"product_cat-bols","7":"product_tag-animais","8":"pa_ciudad-barcelona","9":"pa_motivo-golfinhos","10":"pa_pais-espana","12":"first","13":"instock","14":"shipping-taxable","15":"product-type-simple"},"acf":[],"_links":{"self":[{"href":"https:\/\/olemosaic.orbitalia.org\/pt-pt\/wp-json\/wp\/v2\/product\/31259","targetHints":{"allow":["GET"]}}],"collection":[{"href":"https:\/\/olemosaic.orbitalia.org\/pt-pt\/wp-json\/wp\/v2\/product"}],"about":[{"href":"https:\/\/olemosaic.orbitalia.org\/pt-pt\/wp-json\/wp\/v2\/types\/product"}],"wp:featuredmedia":[{"embeddable":true,"href":"https:\/\/olemosaic.orbitalia.org\/pt-pt\/wp-json\/wp\/v2\/media\/10656"}],"wp:attachment":[{"href":"https:\/\/olemosaic.orbitalia.org\/pt-pt\/wp-json\/wp\/v2\/media?parent=31259"}],"wp:term":[{"taxonomy":"product_brand","embeddable":true,"href":"https:\/\/olemosaic.orbitalia.org\/pt-pt\/wp-json\/wp\/v2\/product_brand?post=31259"},{"taxonomy":"product_cat","embeddable":true,"href":"https:\/\/olemosaic.orbitalia.org\/pt-pt\/wp-json\/wp\/v2\/product_cat?post=31259"},{"taxonomy":"product_tag","embeddable":true,"href":"https:\/\/olemosaic.orbitalia.org\/pt-pt\/wp-json\/wp\/v2\/product_tag?post=31259"}],"curies":[{"name":"wp","href":"https:\/\/api.w.org\/{rel}","templated":true}]}}